{"id":983,"date":"2023-02-20T11:14:59","date_gmt":"2023-02-20T11:14:59","guid":{"rendered":"http:\/\/solca.ro\/?page_id=983"},"modified":"2023-02-20T11:14:59","modified_gmt":"2023-02-20T11:14:59","slug":"bugetul-local-2022","status":"publish","type":"page","link":"http:\/\/solca.ro\/index.php\/bugetul-local-2022\/","title":{"rendered":"Bugetul local 2022"},"content":{"rendered":"\n<p>In aceasta pagina veti gasi informatii despre bugetul local din anul 2022<\/p>\n\n\n\n<p><\/p>\n\n\n\n<p><a href=\"http:\/\/solca.ro\/doc\/2022\/hcl\/hcl%207.pdf\"><strong>HCL Solca nr. 7 din 10 februarie 2022 privind aprobarea bugetului local al ora\u0219\u021bului Solca pe anul 2022<\/strong><\/a><\/p>\n\n\n\n<p><a href=\"http:\/\/solca.ro\/doc\/2022\/buget%20local\/BUGET%20LOCAL%20INITIAL%202022.pdf\">Bugetul local al ora\u0219ului Solca aprobat la data de 10 februarie 2022<\/a><\/p>\n\n\n\n<p><a href=\"http:\/\/solca.ro\/doc\/2022\/buget%20local\/hcl%2011.pdf\"><strong>HCL Solca nr. 11 din 28 februarie 2022 privind rectificarea bugetului local al ora\u0219ului Solca pe anul 2022<\/strong><\/a><\/p>\n\n\n\n<p><a href=\"http:\/\/solca.ro\/doc\/2022\/buget%20local\/BUGET%20DE%20PUS%20PE%20NET%2028%20februarie%202022(7).pdf\">Bugetul local al ora\u0219ului Solca rectificat la data de 28 februarie 2022<\/a><\/p>\n\n\n\n<p><a href=\"http:\/\/solca.ro\/doc\/2022\/buget%20local\/DS%20Trim%20I.rar\"><strong>SITUA\u021aII FINANCIARE TRIMESTRIALE \u2013 TRIM I 2022<\/strong><\/a><\/p>\n\n\n\n<p><strong><a href=\"http:\/\/solca.ro\/doc\/2022\/hcl\/hcl%2016.pdf\">Hot\u0103r\u00e2rea nr. 16 din 28 aprilie 2022 privind aprobarea \u00eencheierii contului de execu\u021bie al bugetului local pe anul 2021<\/a><\/strong><\/p>\n\n\n\n<p><strong><a href=\"http:\/\/solca.ro\/doc\/2022\/hcl\/HCL%2021%20rectificare%20bugetara.pdf\">Hot\u0103r\u00e2rea nr. 21 din 28 aprilie 2022 privind rectificarea bugetului local al ora\u0219ului Solca pe anul 2022<\/a><\/strong><\/p>\n\n\n\n<p><a href=\"http:\/\/solca.ro\/doc\/2022\/buget%20local\/buget%20rectificat%2028%20aprilie%20de%20pus%20pe%20net%20(8).pdf\">Bugetul local al ora\u0219ului Solca rectificat la data de 28 aprilie 2022<\/a><\/p>\n\n\n\n<p><strong><a href=\"http:\/\/solca.ro\/doc\/2022\/buget%20local\/hcl%2031%20rectificare%20buget.pdf\">Hot\u0103r\u00e2rea nr. 31 din 30 mai 2022 privind rectificarea bugetului local al ora\u0219ului Solca pe anul 2022<\/a><\/strong><\/p>\n\n\n\n<p><a href=\"http:\/\/solca.ro\/doc\/2022\/buget%20local\/BUGET%20LOCAL%20RECTIFICAT%2030%20MAI%20DE%20%20PUS%20PE%20NET.pdf\">Bugetul local al ora\u0219ului Solca rectificat la data de 30 mai 2022<\/a><\/p>\n\n\n\n<p><a href=\"http:\/\/solca.ro\/doc\/2022\/buget%20local\/DSTrim%20II.rar\"><strong>SITUA\u021aII FINANCIARE TRIMESTRIALE \u2013 TRIM II 2022<\/strong><\/a><\/p>\n\n\n\n<p><strong><a href=\"http:\/\/solca.ro\/doc\/2022\/buget%20local\/HCL%2040%20RECTIFICARE%20BUGET.pdf\">Hot\u0103r\u00e2rea nr. 40 din 28 iulie 2022 privind rectificarea bugetului local al ora\u0219ului Solca, pe anul 2022<\/a><\/strong><\/p>\n\n\n\n<p><a href=\"http:\/\/solca.ro\/doc\/2022\/buget%20local\/BUGET%20DE%20PUS%20PE%20NET%20(9)%2028%20iulie.pdf\">Bugetul local al ora\u0219ului Solca rectificat la data de 28 iulie 2022<\/a><\/p>\n\n\n\n<p><strong><a href=\"http:\/\/solca.ro\/doc\/2022\/buget%20local\/HCL%2045%20RECTIFICARE%20BUGET.pdf\">Hot\u0103r\u00e2rea nr. 45 din 31 august 2022 privind rectificarea bugetului local \u0219i aprobarea bugetului activit\u0103\u021bilor &nbsp;finan\u021bate din venituri proprii, al ora\u0219ului Solca, pe anul 2022<\/a><\/strong><a href=\"http:\/\/solca.ro\/doc\/2022\/buget%20local\/HCL%2045%20RECTIFICARE%20BUGET.pdf\"><\/a><\/p>\n\n\n\n<p><a href=\"http:\/\/solca.ro\/doc\/2022\/buget%20local\/buget%20rectificat%2031%20august%20%20(10).pdf\">Bugetul local rectificat la data de 31 august 2022<\/a><\/p>\n\n\n\n<p><a href=\"http:\/\/solca.ro\/doc\/2022\/buget%20local\/buget%20activitati%20venituri%20proprii%20rectificat%2031%20august.pdf\">Bugetul activit\u0103\u021bilor finan\u021bate din venituri proprii, pe anul 2022<\/a><\/p>\n\n\n\n<p><strong><a href=\"http:\/\/solca.ro\/doc\/2022\/buget%20local\/dispozitie%20nr%20164%20rectificare.pdf\">Dispozi\u021bia nr. 164 din 14 septembrie 2022 privind rectificarea bugetului local al ora\u0219ului Solca pe anul 2022<\/a><\/strong><\/p>\n\n\n\n<p><a href=\"http:\/\/solca.ro\/doc\/2022\/buget%20local\/buget%2014%20septembrie%20de%20pus%20pe%20net%20(11).pdf\">Bugetul local al ora\u0219ului Solca rectificat la data de 14 septembrie 2022<\/a><\/p>\n\n\n\n<p><strong><a href=\"http:\/\/solca.ro\/doc\/2022\/buget%20local\/dispozitie%20176%20rectificare%20%20buget.pdf\">Dispozi\u021bia nr. 176 din 26 septembrie 2022 privind rectificarea bugetului local al ora\u0219ului Solca pe anul 2022<\/a><\/strong><\/p>\n\n\n\n<p><a href=\"http:\/\/solca.ro\/doc\/2022\/buget%20local\/buget%20rectificat%2026%20septembrie%202022.pdf\">Bugetul local al ora\u0219ului Solca rectificat la data de 26 septembrie 2022<\/a><\/p>\n\n\n\n<p><strong><a href=\"http:\/\/solca.ro\/doc\/2022\/hcl\/hcl%2049.pdf\">Hot\u0103r\u00e2rea nr. 49 din 29 septembrie 2022 privind validarea Dispozi\u021biilor primarului ora\u0219ului Solca nr. 164 din 14 septembrie 2022 \u0219i nr. 176 din 26 septembrie 2022 privind rectificarea bugetului local al ora\u0219ului Solca, pe anul 2022<\/a><\/strong><\/p>\n\n\n\n<p><a href=\"http:\/\/solca.ro\/doc\/2022\/hcl\/hcl%2057%20rectificare%20buget.pdf\">Hot\u0103r\u00e2rea nr. 57 din 27 octombrie 2022 privind rectificarea bugetului local al ora\u0219ului Solca pe anul 2022<\/a><\/p>\n\n\n\n<p>Bugetul local al ora\u0219ului Solca rectificat la data de 27 octombrie 2022<\/p>\n\n\n\n<p><a href=\"http:\/\/solca.ro\/doc\/2022\/hcl\/HCL%2062.pdf\">Hot\u0103r\u00e2rea nr. 62 din 29 noiembrie 2022 privind rectificarea bugetului local al ora\u0219ului Solca pe anul 2022<\/a><\/p>\n\n\n\n<p>Bugetul local al ora\u0219ului Solca rectificat la data de 29 noiembrie 2022<\/p>\n\n\n\n<p><a href=\"http:\/\/solca.ro\/doc\/2022\/hcl\/HCL%2063%20RECTIFICARE%20BUGET.pdf\">Hot\u0103r\u00e2rea nr. 63 din 19 decembrie 2022 privind rectificarea bugetului local al ora\u0219ului Solca pe anul 2022<\/a><\/p>\n\n\n\n<p>Bugetul local al ora\u0219ului Solca rectificat la data de 19 decembrie 2022<\/p>\n\n\n\n<p><a href=\"http:\/\/solca.ro\/doc\/2022\/dispozitii\/disp%20241.pdf\">Dispozi\u021bia nr. 241 din 21 decembrie 2022 privind rectificarea bugetului local al ora\u0219ului Solca pe anul 2022<\/a><\/p>\n","protected":false},"excerpt":{"rendered":"<p>In aceasta pagina veti gasi informatii despre bugetul local din anul 2022 HCL Solca nr. 7 din 10 februarie 2022 privind aprobarea bugetului local al ora\u0219\u021bului Solca pe anul 2022 Bugetul local al ora\u0219ului&#46;&#46;&#46;<\/p>\n","protected":false},"author":1,"featured_media":0,"parent":0,"menu_order":0,"comment_status":"closed","ping_status":"closed","template":"","meta":[],"_links":{"self":[{"href":"http:\/\/solca.ro\/index.php\/wp-json\/wp\/v2\/pages\/983"}],"collection":[{"href":"http:\/\/solca.ro\/index.php\/wp-json\/wp\/v2\/pages"}],"about":[{"href":"http:\/\/solca.ro\/index.php\/wp-json\/wp\/v2\/types\/page"}],"author":[{"embeddable":true,"href":"http:\/\/solca.ro\/index.php\/wp-json\/wp\/v2\/users\/1"}],"replies":[{"embeddable":true,"href":"http:\/\/solca.ro\/index.php\/wp-json\/wp\/v2\/comments?post=983"}],"version-history":[{"count":1,"href":"http:\/\/solca.ro\/index.php\/wp-json\/wp\/v2\/pages\/983\/revisions"}],"predecessor-version":[{"id":984,"href":"http:\/\/solca.ro\/index.php\/wp-json\/wp\/v2\/pages\/983\/revisions\/984"}],"wp:attachment":[{"href":"http:\/\/solca.ro\/index.php\/wp-json\/wp\/v2\/media?parent=983"}],"curies":[{"name":"wp","href":"https:\/\/api.w.org\/{rel}","templated":true}]}}