{"id":980,"date":"2023-02-20T11:10:39","date_gmt":"2023-02-20T11:10:39","guid":{"rendered":"http:\/\/solca.ro\/?page_id=980"},"modified":"2023-02-20T11:10:39","modified_gmt":"2023-02-20T11:10:39","slug":"dispozitii-2022","status":"publish","type":"page","link":"http:\/\/solca.ro\/index.php\/dispozitii-2022\/","title":{"rendered":"Dispozitii 2022"},"content":{"rendered":"\n<p>In aceasta pagina veti regasi dispozitiile emise in anul 2022<\/p>\n\n\n\n<p><\/p>\n\n\n\n<p><a href=\"http:\/\/solca.ro\/doc\/2022\/dispozitii\/disp%209.pdf\">Dispozi\u021bia nr. 9 din 21 ianuarie 2022 privind convocarea \u00een \u0219edin\u021b\u0103 ordinar\u0103 a Consiliului Local al ora\u0219ului Solca, pentru data de 31 ianuarie 2022<\/a><\/p>\n\n\n\n<p><a href=\"http:\/\/solca.ro\/doc\/2022\/dispozitii\/disp%2025.pdf\">Dispozi\u021bia nr. 25 din 4 februarie 2022 privind convocarea \u00een \u0219edin\u021b\u0103 extraordinar\u0103 a Consiliului Local al ora\u0219ului Solca, pentru data de 10 februarie 2022<\/a><\/p>\n\n\n\n<p><a href=\"http:\/\/solca.ro\/doc\/2022\/dispozitii\/disp%2036.pdf\">Dispozi\u021bia nr.36 din 22 februarie 2022 privind convocarea \u00een \u0219edin\u021b\u0103 ordinar\u0103 a Consiliului Local al ora\u0219ului Solca, pentru data de 28 februarie 2022<\/a><\/p>\n\n\n\n<p><a href=\"http:\/\/solca.ro\/doc\/2022\/dispozitii\/disp%2056.pdf\">Dispozi\u021bia nr. 56 din 25 martie 2022 privind convocarea \u00een \u0219edin\u021b\u0103 ordinar\u0103 a Consiliului Local al ora\u0219ului Solca, jude\u021bul Suceava, pentru data de 31 martie 2022<\/a><\/p>\n\n\n\n<p><a href=\"http:\/\/solca.ro\/doc\/2022\/dispozitii\/disp%2061.pdf\">Dispozi\u021bia nr. 61 din 29 martie 2022 privind modificarea Anexei 3, CAP.5. MODALITATEA DE STABILIREA A CONTRIBU\u021aIEI DE \u00ceNTRE\u021aINERE \u2013 Costul pe lun\u0103 a serviciilor sociale din Dispozi\u021bia nr. 109\/28.07.2021 privind aprobarea standardelor minime de calitate pentru licen\u021bierea Serviciului Social \u2013 C\u0103min pentru Persoane V\u00e2rstnice Solca<\/a><\/p>\n\n\n\n<p><a href=\"http:\/\/solca.ro\/doc\/2022\/dispozitii\/disp%2074.pdf\">Dispozi\u021bia nr. 74 din 20 aprilie 2022 privind convocarea \u00een \u0219edin\u021b\u0103 ordinar\u0103 a Consiliului Local al ora\u0219ului Solca, jude\u021bul Suceava, pentru data de 28 aprilie 2022<\/a><\/p>\n\n\n\n<p><a href=\"http:\/\/solca.ro\/doc\/2022\/dispozitii\/disp%2092.pdf\">Dispozi\u021bia nr. 92 din 19 mai 2022 privind convocarea \u00een \u0219edin\u021b\u0103 extraordinar\u0103 a Consiliului Local al ora\u0219ului Solca, jude\u021bul Suceava, pentru data de 23 mai 2022<\/a><\/p>\n\n\n\n<p><a href=\"http:\/\/solca.ro\/doc\/2022\/dispozitii\/disp%2098.pdf\">Dispozi\u021bia nr. 98 din 24 mai 2022 privind convocarea \u00een \u0219edin\u021b\u0103 ordinar\u0103 a Consiliului Local al ora\u0219ului Solca, jude\u021bul Suceava, pentru data de 30 mai 2022<\/a><\/p>\n\n\n\n<p><a href=\"http:\/\/solca.ro\/doc\/2022\/dispozitii\/disp%20115.pdf\">Dispozi\u021bia nr. 115 din 17 iunie 2022 privind convocarea \u00een \u0219edin\u021b\u0103 ordinar\u0103 a Consiliului Local al ora\u0219ului Solca, jude\u021bul Suceava, pentru data de 23 iunie 2022<\/a><\/p>\n\n\n\n<p><a href=\"http:\/\/solca.ro\/doc\/2022\/dispozitii\/dispozitia%20130.pdf\">Dispozi\u021bia nr. 130 din 5 iulie 2022 privind convocarea \u00een \u0219edin\u021b\u0103 extraordinar\u0103 de \u00eendat\u0103 a Consiliului Local al ora\u0219ului Solca, jude\u021bul Suceava, pentru data de 7 iulie 2022<\/a><\/p>\n\n\n\n<p><a href=\"http:\/\/solca.ro\/doc\/2022\/dispozitii\/disp%20140.pdf\">Dispozi\u021bia nr. 140 din 22 iulie 2022 privind convocarea \u00een \u0219edin\u021b\u0103 ordinar\u0103 a Consiliului Local al ora\u0219ului Solca, jude\u021bul Suceava, pentru data de 28 iulie 2022<\/a><\/p>\n\n\n\n<p><a href=\"http:\/\/solca.ro\/doc\/2022\/dispozitii\/disp%20157.pdf\">Dispozi\u021bia nr. 157 din 25 august 2022 privind convocarea \u00een \u0219edin\u021b\u0103 ordinar\u0103 a Consiliului Local al ora\u0219ului Solca, jude\u021bul Suceava, pentru data de 31 august 2022<\/a><\/p>\n\n\n\n<p><a href=\"http:\/\/solca.ro\/doc\/2022\/buget%20local\/dispozitie%20nr%20164%20rectificare.pdf\">Dispozi\u021bia nr. 164 din 14 septembrie 2022 privind rectificarea bugetului local al ora\u0219ului Solca pe anul 2022<\/a><\/p>\n\n\n\n<p><a href=\"http:\/\/solca.ro\/doc\/2022\/dispozitii\/disp%20173.pdf\">Dispozi\u021bia nr. 173 din 23 septembrie 2022 privind convocarea \u00een \u0219edin\u021b\u0103 ordinar\u0103 a Consiliului Local al ora\u0219ului Solca, jude\u021bul Suceava, pentru data de 29 septembrie 2022<\/a><\/p>\n\n\n\n<p><a href=\"http:\/\/solca.ro\/doc\/2022\/dispozitii\/disp%20183.pdf\">Dispozi\u021bia nr. 183 din 7 octombrie 2022 privind convocaea \u00een \u0219edin\u021b\u0103 extraordinar\u0103 \u2013 de \u00eendat\u0103 a Consiliului Local al ora\u0219ului Solca, jude\u021bul Suceava, pentru data de 10 octombrie 2022<\/a><\/p>\n\n\n\n<p><a href=\"http:\/\/solca.ro\/doc\/2022\/dispozitii\/disp%20192.pdf\">Dispozi\u021bia nr. 192 din 21 octombrie 2022 privind convocarea \u00een \u0219edin\u021b\u0103 ordinar\u0103 a Consiliului Local al ora\u0219ului Solca, jude\u021bul Suceava, pentru data de 27 octombrie 2022<\/a><\/p>\n\n\n\n<p><a href=\"http:\/\/solca.ro\/doc\/2022\/dispozitii\/disp%20208.pdf\">Dispozi\u021bia nr. 208 din 18 noiembrie 2022 privind convocarea \u00een \u0219edin\u021b\u0103 extraordinar\u0103 a Consiliului Local al ora\u0219ului Solca, jude\u021bul Suceava, pentru data de 22 noiembrie 2022<\/a><\/p>\n\n\n\n<p><a href=\"http:\/\/solca.ro\/doc\/2022\/dispozitii\/disp%20216.pdf\">Dispozi\u021bia nr. 216 din 23 noiembrie 2022 privind convocarea \u00een \u0219edin\u021b\u0103 ordinar\u0103 a Consiliului Local al ora\u0219ului Solca, jude\u021bul Suceava, pentru data de 29 noiembrie 2022<\/a><\/p>\n\n\n\n<p><a href=\"http:\/\/solca.ro\/doc\/2022\/dispozitii\/disp%20237.pdf\">Dispozi\u021bia nr. 237 din 15 decembrie 2022 privind convocarea \u00een \u0219edin\u021b\u0103 extraordinar\u0103 a Consiliului Local al ora\u0219ului Solca, jude\u021bul Suceava, pentru data de 19 decembrie 2022<\/a><\/p>\n\n\n\n<p><a href=\"http:\/\/solca.ro\/doc\/2022\/dispozitii\/disp%20241.pdf\">Dispozi\u021bia nr. 241 din 21 decembrie 2022 privind convocarea \u00een \u0219edin\u021b\u0103 ordinar\u0103 a Consiliului Local al ora\u0219ului Solca, jude\u021bul Suceava, pentru data de 28 decembrie 2022<\/a><\/p>\n\n\n\n<p><a href=\"http:\/\/solca.ro\/doc\/2022\/dispozitii\/disp%20242.pdf\">Dispozi\u021bia nr. 242 din 21 decembrie 2022 privind rectificarea bugetului local al ora\u0219ului Solca pe anul 2022<\/a><\/p>\n","protected":false},"excerpt":{"rendered":"<p>In aceasta pagina veti regasi dispozitiile emise in anul 2022 Dispozi\u021bia nr. 9 din 21 ianuarie 2022 privind convocarea \u00een \u0219edin\u021b\u0103 ordinar\u0103 a Consiliului Local al ora\u0219ului Solca, pentru data de 31 ianuarie 2022&#46;&#46;&#46;<\/p>\n","protected":false},"author":1,"featured_media":0,"parent":0,"menu_order":0,"comment_status":"closed","ping_status":"closed","template":"","meta":[],"_links":{"self":[{"href":"http:\/\/solca.ro\/index.php\/wp-json\/wp\/v2\/pages\/980"}],"collection":[{"href":"http:\/\/solca.ro\/index.php\/wp-json\/wp\/v2\/pages"}],"about":[{"href":"http:\/\/solca.ro\/index.php\/wp-json\/wp\/v2\/types\/page"}],"author":[{"embeddable":true,"href":"http:\/\/solca.ro\/index.php\/wp-json\/wp\/v2\/users\/1"}],"replies":[{"embeddable":true,"href":"http:\/\/solca.ro\/index.php\/wp-json\/wp\/v2\/comments?post=980"}],"version-history":[{"count":1,"href":"http:\/\/solca.ro\/index.php\/wp-json\/wp\/v2\/pages\/980\/revisions"}],"predecessor-version":[{"id":981,"href":"http:\/\/solca.ro\/index.php\/wp-json\/wp\/v2\/pages\/980\/revisions\/981"}],"wp:attachment":[{"href":"http:\/\/solca.ro\/index.php\/wp-json\/wp\/v2\/media?parent=980"}],"curies":[{"name":"wp","href":"https:\/\/api.w.org\/{rel}","templated":true}]}}