{"id":90,"date":"2019-08-22T18:22:37","date_gmt":"2019-08-22T18:22:37","guid":{"rendered":"http:\/\/solca.ro\/new\/?page_id=90"},"modified":"2019-10-09T15:35:20","modified_gmt":"2019-10-09T15:35:20","slug":"biserica-ortodoxa-sfintii-apostoli-petru-si-pavel","status":"publish","type":"page","link":"http:\/\/solca.ro\/index.php\/biserica-ortodoxa-sfintii-apostoli-petru-si-pavel\/","title":{"rendered":"BISERICA ORTODOX\u0102 CU HRAMUL &#8222;SFIN\u0162II APOSTOLI PETRU \u015eI PAVEL&#8221;"},"content":{"rendered":"","protected":false},"excerpt":{"rendered":"","protected":false},"author":1,"featured_media":0,"parent":0,"menu_order":0,"comment_status":"closed","ping_status":"closed","template":"","meta":[],"_links":{"self":[{"href":"http:\/\/solca.ro\/index.php\/wp-json\/wp\/v2\/pages\/90"}],"collection":[{"href":"http:\/\/solca.ro\/index.php\/wp-json\/wp\/v2\/pages"}],"about":[{"href":"http:\/\/solca.ro\/index.php\/wp-json\/wp\/v2\/types\/page"}],"author":[{"embeddable":true,"href":"http:\/\/solca.ro\/index.php\/wp-json\/wp\/v2\/users\/1"}],"replies":[{"embeddable":true,"href":"http:\/\/solca.ro\/index.php\/wp-json\/wp\/v2\/comments?post=90"}],"version-history":[{"count":3,"href":"http:\/\/solca.ro\/index.php\/wp-json\/wp\/v2\/pages\/90\/revisions"}],"predecessor-version":[{"id":313,"href":"http:\/\/solca.ro\/index.php\/wp-json\/wp\/v2\/pages\/90\/revisions\/313"}],"wp:attachment":[{"href":"http:\/\/solca.ro\/index.php\/wp-json\/wp\/v2\/media?parent=90"}],"curies":[{"name":"wp","href":"https:\/\/api.w.org\/{rel}","templated":true}]}}