{"id":50,"date":"2019-08-10T12:05:05","date_gmt":"2019-08-10T12:05:05","guid":{"rendered":"http:\/\/solca.ro\/new\/?page_id=50"},"modified":"2019-10-09T11:25:13","modified_gmt":"2019-10-09T11:25:13","slug":"centrul-de-plasament","status":"publish","type":"page","link":"http:\/\/solca.ro\/index.php\/centrul-de-plasament\/","title":{"rendered":"CENTRUL DE PLASAMENT &#8222;SF. ARHANGHELI MIHAIL \u015eI GAVRIL&#8221;"},"content":{"rendered":"\n<p><strong>ORA\u015eUL SOLCA, JUDE\u0162UL SUCEAVA<\/strong><\/p>\n\n\n\n<p><strong>STRADA TOM\u015eA VOD\u0102,&nbsp;COD 725600<\/strong><\/p>\n\n\n\n<p><strong>TELEFON (FAX) 0230477112<\/strong><\/p>\n\n\n\n<p><strong>ADMINISTRATOR: ALEXANDRU MAXIMIUC <\/strong><\/p>\n","protected":false},"excerpt":{"rendered":"<p>ORA\u015eUL SOLCA, JUDE\u0162UL SUCEAVA STRADA TOM\u015eA VOD\u0102,&nbsp;COD 725600 TELEFON (FAX) 0230477112 ADMINISTRATOR: ALEXANDRU MAXIMIUC<\/p>\n","protected":false},"author":1,"featured_media":0,"parent":0,"menu_order":0,"comment_status":"closed","ping_status":"closed","template":"","meta":[],"_links":{"self":[{"href":"http:\/\/solca.ro\/index.php\/wp-json\/wp\/v2\/pages\/50"}],"collection":[{"href":"http:\/\/solca.ro\/index.php\/wp-json\/wp\/v2\/pages"}],"about":[{"href":"http:\/\/solca.ro\/index.php\/wp-json\/wp\/v2\/types\/page"}],"author":[{"embeddable":true,"href":"http:\/\/solca.ro\/index.php\/wp-json\/wp\/v2\/users\/1"}],"replies":[{"embeddable":true,"href":"http:\/\/solca.ro\/index.php\/wp-json\/wp\/v2\/comments?post=50"}],"version-history":[{"count":3,"href":"http:\/\/solca.ro\/index.php\/wp-json\/wp\/v2\/pages\/50\/revisions"}],"predecessor-version":[{"id":323,"href":"http:\/\/solca.ro\/index.php\/wp-json\/wp\/v2\/pages\/50\/revisions\/323"}],"wp:attachment":[{"href":"http:\/\/solca.ro\/index.php\/wp-json\/wp\/v2\/media?parent=50"}],"curies":[{"name":"wp","href":"https:\/\/api.w.org\/{rel}","templated":true}]}}