{"id":32,"date":"2019-08-10T12:03:20","date_gmt":"2019-08-10T12:03:20","guid":{"rendered":"http:\/\/solca.ro\/new\/?page_id=32"},"modified":"2019-10-09T11:29:59","modified_gmt":"2019-10-09T11:29:59","slug":"isu-solca","status":"publish","type":"page","link":"http:\/\/solca.ro\/index.php\/isu-solca\/","title":{"rendered":"INSPECTORATUL PENTRU SITUA\u0162II DE URGEN\u0162\u0102 &#8222;BUCOVINA&#8221; &#8211; GARDA DE INTERVEN\u0162IE SOLCA"},"content":{"rendered":"\n<p><strong>GARDA DE INTERVEN\u0162IE SOLCA<\/strong><\/p>\n\n\n\n<p><strong>ORA\u015eUL SOLCA, JUDE\u0162UL SUCEAVA<\/strong><\/p>\n\n\n\n<p><strong>Strada Muncii, cod 725600<\/strong><\/p>\n\n\n\n<p><strong>Telefon&nbsp;(fax) 0230477481<\/strong><\/p>\n","protected":false},"excerpt":{"rendered":"<p>GARDA DE INTERVEN\u0162IE SOLCA ORA\u015eUL SOLCA, JUDE\u0162UL SUCEAVA Strada Muncii, cod 725600 Telefon&nbsp;(fax) 0230477481<\/p>\n","protected":false},"author":1,"featured_media":0,"parent":0,"menu_order":0,"comment_status":"closed","ping_status":"closed","template":"","meta":[],"_links":{"self":[{"href":"http:\/\/solca.ro\/index.php\/wp-json\/wp\/v2\/pages\/32"}],"collection":[{"href":"http:\/\/solca.ro\/index.php\/wp-json\/wp\/v2\/pages"}],"about":[{"href":"http:\/\/solca.ro\/index.php\/wp-json\/wp\/v2\/types\/page"}],"author":[{"embeddable":true,"href":"http:\/\/solca.ro\/index.php\/wp-json\/wp\/v2\/users\/1"}],"replies":[{"embeddable":true,"href":"http:\/\/solca.ro\/index.php\/wp-json\/wp\/v2\/comments?post=32"}],"version-history":[{"count":4,"href":"http:\/\/solca.ro\/index.php\/wp-json\/wp\/v2\/pages\/32\/revisions"}],"predecessor-version":[{"id":325,"href":"http:\/\/solca.ro\/index.php\/wp-json\/wp\/v2\/pages\/32\/revisions\/325"}],"wp:attachment":[{"href":"http:\/\/solca.ro\/index.php\/wp-json\/wp\/v2\/media?parent=32"}],"curies":[{"name":"wp","href":"https:\/\/api.w.org\/{rel}","templated":true}]}}