{"id":28,"date":"2019-08-10T12:03:18","date_gmt":"2019-08-10T12:03:18","guid":{"rendered":"http:\/\/solca.ro\/new\/?page_id=28"},"modified":"2019-10-09T11:10:37","modified_gmt":"2019-10-09T11:10:37","slug":"biblioteca-i-e-toroutiu","status":"publish","type":"page","link":"http:\/\/solca.ro\/index.php\/biblioteca-i-e-toroutiu\/","title":{"rendered":"BIBLIOTECA OR\u0102\u015eENEASC\u0102 &#8222;I.E TOROU\u0162IU&#8221;"},"content":{"rendered":"\n<p><strong>ORA\u015eUL SOLCA, JUDE\u0162UL SUCEAVA, STR. REPUBLICII, COD 725600<\/strong><\/p>\n\n\n\n<p><strong>BIBLIOTECAR, FILIMON MARIA<\/strong><\/p>\n\n\n\n<p><strong>TEL. MOBIL 0733966382, 0740284259<\/strong><\/p>\n\n\n\n<p><br><strong><a href=\"https:\/\/ro.locale.online\/biblioteca-oraseneasca-ietoroutiu-solca-168280607.html?fbclid=IwAR0WTXlj5_H1G6rCjqnzWp89ssyzuAED0HJYfoZh6YSWUkMSzW5M1ozGlw8\" target=\"_blank\" rel=\"noreferrer noopener\">Biblioteca Ora\u015feneasc\u0103 &#8222;I.E.Torou\u0163iu&#8221; Solca | Education |\u2026<\/a><\/strong><\/p>\n","protected":false},"excerpt":{"rendered":"<p>ORA\u015eUL SOLCA, JUDE\u0162UL SUCEAVA, STR. REPUBLICII, COD 725600 BIBLIOTECAR, FILIMON MARIA TEL. MOBIL 0733966382, 0740284259 Biblioteca Ora\u015feneasc\u0103 &#8222;I.E.Torou\u0163iu&#8221; Solca | Education |\u2026<\/p>\n","protected":false},"author":1,"featured_media":0,"parent":0,"menu_order":0,"comment_status":"closed","ping_status":"closed","template":"","meta":[],"_links":{"self":[{"href":"http:\/\/solca.ro\/index.php\/wp-json\/wp\/v2\/pages\/28"}],"collection":[{"href":"http:\/\/solca.ro\/index.php\/wp-json\/wp\/v2\/pages"}],"about":[{"href":"http:\/\/solca.ro\/index.php\/wp-json\/wp\/v2\/types\/page"}],"author":[{"embeddable":true,"href":"http:\/\/solca.ro\/index.php\/wp-json\/wp\/v2\/users\/1"}],"replies":[{"embeddable":true,"href":"http:\/\/solca.ro\/index.php\/wp-json\/wp\/v2\/comments?post=28"}],"version-history":[{"count":3,"href":"http:\/\/solca.ro\/index.php\/wp-json\/wp\/v2\/pages\/28\/revisions"}],"predecessor-version":[{"id":315,"href":"http:\/\/solca.ro\/index.php\/wp-json\/wp\/v2\/pages\/28\/revisions\/315"}],"wp:attachment":[{"href":"http:\/\/solca.ro\/index.php\/wp-json\/wp\/v2\/media?parent=28"}],"curies":[{"name":"wp","href":"https:\/\/api.w.org\/{rel}","templated":true}]}}