{"id":26,"date":"2019-08-10T12:03:18","date_gmt":"2019-08-10T12:03:18","guid":{"rendered":"http:\/\/solca.ro\/new\/?page_id=26"},"modified":"2019-08-10T13:13:26","modified_gmt":"2019-08-10T13:13:26","slug":"politia","status":"publish","type":"page","link":"http:\/\/solca.ro\/index.php\/politia\/","title":{"rendered":"POLI\u0162IA ORA\u015eULUI SOLCA"},"content":{"rendered":"\n<p><strong>Strada Tom\u015fa Vod\u0103<\/strong><\/p>\n\n\n\n<p><strong>Telefon (fax) 0230477250<\/strong><\/p>\n\n\n\n<p><strong>&nbsp;Subcomisar, \u015fef&nbsp;post poli\u0163ie, Costel Todira\u015f Ionescu<\/strong><\/p>\n\n\n\n<p><\/p>\n","protected":false},"excerpt":{"rendered":"<p>Strada Tom\u015fa Vod\u0103 Telefon (fax) 0230477250 &nbsp;Subcomisar, \u015fef&nbsp;post poli\u0163ie, Costel Todira\u015f Ionescu<\/p>\n","protected":false},"author":1,"featured_media":0,"parent":0,"menu_order":0,"comment_status":"closed","ping_status":"closed","template":"","meta":[],"_links":{"self":[{"href":"http:\/\/solca.ro\/index.php\/wp-json\/wp\/v2\/pages\/26"}],"collection":[{"href":"http:\/\/solca.ro\/index.php\/wp-json\/wp\/v2\/pages"}],"about":[{"href":"http:\/\/solca.ro\/index.php\/wp-json\/wp\/v2\/types\/page"}],"author":[{"embeddable":true,"href":"http:\/\/solca.ro\/index.php\/wp-json\/wp\/v2\/users\/1"}],"replies":[{"embeddable":true,"href":"http:\/\/solca.ro\/index.php\/wp-json\/wp\/v2\/comments?post=26"}],"version-history":[{"count":2,"href":"http:\/\/solca.ro\/index.php\/wp-json\/wp\/v2\/pages\/26\/revisions"}],"predecessor-version":[{"id":59,"href":"http:\/\/solca.ro\/index.php\/wp-json\/wp\/v2\/pages\/26\/revisions\/59"}],"wp:attachment":[{"href":"http:\/\/solca.ro\/index.php\/wp-json\/wp\/v2\/media?parent=26"}],"curies":[{"name":"wp","href":"https:\/\/api.w.org\/{rel}","templated":true}]}}