{"id":25,"date":"2019-08-10T12:03:17","date_gmt":"2019-08-10T12:03:17","guid":{"rendered":"http:\/\/solca.ro\/new\/?page_id=25"},"modified":"2023-02-12T20:06:12","modified_gmt":"2023-02-12T20:06:12","slug":"primaria","status":"publish","type":"page","link":"http:\/\/solca.ro\/index.php\/primaria\/","title":{"rendered":"PRIM\u0102RIA ORA\u015eULUI SOLCA"},"content":{"rendered":"\n<p>Contact: Ora\u015ful Solca, jude\u0163ul Suceava, strada Tom\u015fa Vod\u0103, nr.8A, cod 725600<\/p>\n\n\n\n<p>Tel (fax) 0230477215, 0230477253,&nbsp; e-mail: \n <a href=\"mailto:primarie@solca.ro\">primarie@solca.ro<\/a><\/p>\n\n\n\n<p><a href=\"http:\/\/solca.ro\/index.php\/primarie-primar\/\" target=\"_blank\" rel=\"noreferrer noopener\" aria-label=\"Primar (se deschide \u00eentr-o fil\u0103 nou\u0103)\">Primar<\/a><\/p>\n\n\n\n<p><a href=\"http:\/\/solca.ro\/index.php\/viceprimar\/\" target=\"_blank\" rel=\"noreferrer noopener\" aria-label=\"Viceprimar (se deschide \u00eentr-o fil\u0103 nou\u0103)\">Viceprimar<\/a><\/p>\n\n\n\n<p><a href=\"http:\/\/solca.ro\/index.php\/secretar\/\" target=\"_blank\" rel=\"noreferrer noopener\" aria-label=\"Secretar (se deschide \u00eentr-o fil\u0103 nou\u0103)\">Secretar<\/a><\/p>\n\n\n\n<p><a href=\"http:\/\/solca.ro\/index.php\/contabil-sef\/\" target=\"_blank\" rel=\"noreferrer noopener\" aria-label=\"Contabil \u015eef (se deschide \u00eentr-o fil\u0103 nou\u0103)\">Contabil \u015eef<\/a><\/p>\n\n\n\n<p><a href=\"http:\/\/solca.ro\/index.php\/informatii-de-interes-public\/\" target=\"_blank\" rel=\"noreferrer noopener\" aria-label=\" (se deschide \u00eentr-o fil\u0103 nou\u0103)\">Informa\u0163ii de interes public<\/a><\/p>\n\n\n\n<hr class=\"wp-block-separator has-css-opacity\"\/>\n\n\n\n<p><a href=\"http:\/\/solca.ro\/index.php\/consiliul-local\/\">Consiliul Local<\/a><\/p>\n\n\n\n<p><a href=\"http:\/\/solca.ro\/index.php\/atributiile-consiliului-local-conform-art-36-din-legea-nr-215-2001-republicata\/\" target=\"_blank\" rel=\"noreferrer noopener\" aria-label=\" (se deschide \u00eentr-o fil\u0103 nou\u0103)\">Atribu\u0163ii<\/a><\/p>\n\n\n\n<p><a href=\"http:\/\/solca.ro\/old\/doc\/2018\/informatii%20de%20interes%20public\/Regulament%20cl.pdf\" target=\"_blank\" rel=\"noreferrer noopener\" aria-label=\" (se deschide \u00eentr-o fil\u0103 nou\u0103)\">Regulament de func\u0163ionare<\/a><\/p>\n\n\n\n<p><a href=\"http:\/\/solca.ro\/index.php\/sedinte\/\">\u015eedin\u0163e<\/a><\/p>\n\n\n\n<p><a href=\"http:\/\/solca.ro\/index.php\/proiecte\/\" target=\"_blank\" rel=\"noreferrer noopener\" aria-label=\"Proiecte (se deschide \u00eentr-o fil\u0103 nou\u0103)\">Proiecte<\/a><\/p>\n\n\n\n<p><a href=\"http:\/\/solca.ro\/index.php\/hotarari\/\" target=\"_blank\" rel=\"noreferrer noopener\" aria-label=\"Hot\u0103r\u00e2ri (se deschide \u00eentr-o fil\u0103 nou\u0103)\">Hot\u0103r\u00e2ri<\/a><\/p>\n\n\n\n<hr class=\"wp-block-separator has-css-opacity\"\/>\n\n\n\n<p><strong>Arhiva 2011<br><\/strong><\/p>\n\n\n\n<p><a href=\"http:\/\/solca.ro\/index.php?option=com_content&amp;view=article&amp;id=15&amp;Itemid=7\">S<\/a><a href=\"http:\/\/solca.ro\/index.php\/arhiva-documente-2011\/\">ectiunea Documente<\/a><\/p>\n\n\n\n<p><strong>Arhiva 2012-2013<\/strong><\/p>\n\n\n\n<p><a href=\"http:\/\/solca.ro\/index.php\/arhiva-documente-2012-2013\/\" target=\"_blank\" rel=\"noreferrer noopener\" aria-label=\"Sectiunea Documente (se deschide \u00eentr-o fil\u0103 nou\u0103)\">Sectiunea Documente<\/a><\/p>\n\n\n\n<p><strong>Arhiva 2014-2015<\/strong><\/p>\n\n\n\n<p><a href=\"http:\/\/solca.ro\/index.php\/arhiva-documente-2014-2015\/\">Sectiunea Documente<\/a><\/p>\n\n\n\n<p><strong>Arhiva 2016-2017-2018<\/strong><\/p>\n\n\n\n<p><a href=\"http:\/\/solca.ro\/index.php?option=com_content&amp;view=article&amp;id=61&amp;Itemid=7\">S<\/a><a href=\"http:\/\/solca.ro\/index.php\/arhiva-2016-2018\/\">ectiunea Documente<\/a><\/p>\n\n\n\n<p><strong>Arhiva 2019-2021<\/strong><\/p>\n\n\n\n<p><a href=\"http:\/\/solca.ro\/index.php\/arhiva-2019-2021\/\">Sectiunea Documente<\/a><\/p>\n\n\n\n<p><strong>Arhiva 2022<\/strong><\/p>\n\n\n\n<p><a href=\"http:\/\/solca.ro\/index.php\/arhiva-2022\/\">Sectiunea Documente<\/a><\/p>\n","protected":false},"excerpt":{"rendered":"<p>Contact: Ora\u015ful Solca, jude\u0163ul Suceava, strada Tom\u015fa Vod\u0103, nr.8A, cod 725600 Tel (fax) 0230477215, 0230477253,&nbsp; e-mail: primarie@solca.ro Primar Viceprimar Secretar Contabil \u015eef Informa\u0163ii de interes public Consiliul Local Atribu\u0163ii Regulament de func\u0163ionare \u015eedin\u0163e Proiecte&#46;&#46;&#46;<\/p>\n","protected":false},"author":1,"featured_media":0,"parent":0,"menu_order":0,"comment_status":"closed","ping_status":"closed","template":"","meta":[],"_links":{"self":[{"href":"http:\/\/solca.ro\/index.php\/wp-json\/wp\/v2\/pages\/25"}],"collection":[{"href":"http:\/\/solca.ro\/index.php\/wp-json\/wp\/v2\/pages"}],"about":[{"href":"http:\/\/solca.ro\/index.php\/wp-json\/wp\/v2\/types\/page"}],"author":[{"embeddable":true,"href":"http:\/\/solca.ro\/index.php\/wp-json\/wp\/v2\/users\/1"}],"replies":[{"embeddable":true,"href":"http:\/\/solca.ro\/index.php\/wp-json\/wp\/v2\/comments?post=25"}],"version-history":[{"count":22,"href":"http:\/\/solca.ro\/index.php\/wp-json\/wp\/v2\/pages\/25\/revisions"}],"predecessor-version":[{"id":958,"href":"http:\/\/solca.ro\/index.php\/wp-json\/wp\/v2\/pages\/25\/revisions\/958"}],"wp:attachment":[{"href":"http:\/\/solca.ro\/index.php\/wp-json\/wp\/v2\/media?parent=25"}],"curies":[{"name":"wp","href":"https:\/\/api.w.org\/{rel}","templated":true}]}}