{"id":247,"date":"2019-09-14T09:48:44","date_gmt":"2019-09-14T09:48:44","guid":{"rendered":"http:\/\/solca.ro\/?page_id=247"},"modified":"2026-02-25T08:48:57","modified_gmt":"2026-02-25T08:48:57","slug":"dispozitii","status":"publish","type":"page","link":"http:\/\/solca.ro\/index.php\/dispozitii\/","title":{"rendered":"Dispozitii cu caracter normativ"},"content":{"rendered":"\n<p><a href=\"http:\/\/solca.ro\/index.php\/arhiva-2019-2021\/\">Dispozi\u021biile emise \u00een perioada 2019-2021 se reg\u0103sesc \u00een arhiva 2019-2021<\/a><\/p>\n\n\n\n<p><a href=\"http:\/\/solca.ro\/index.php\/dispozitii-2022\/\">Dispozitii emise in anul 2022<\/a><\/p>\n\n\n\n<p><a href=\"http:\/\/solca.ro\/index.php\/dispozitii-2023-2024\/\">Dispozitii emise in anul 2023-2024<\/a><\/p>\n\n\n\n<p><strong>Dispozi\u021bii emise \u00een anul 2025<\/strong><\/p>\n\n\n\n<p><a href=\"http:\/\/solca.ro\/doc\/2025\/DISPOZITII\/disp%203.pdf\"><strong>Dispozi\u021bia nr. 3 din 10 ianuarie 2025 privind convocarea \u00een \u0219edin\u021b\u0103 extraordinar\u0103 a Consiliului Local al ora\u0219ului Solca, pentru data de 14 ianuarie 2025<\/strong><\/a><\/p>\n\n\n\n<p><strong><a href=\"http:\/\/solca.ro\/doc\/2025\/DISPOZITII\/disp%209.pdf\">Dispozi\u021bia nr. 9 din 22 ianuarie 2025 privind convocarea \u00een \u0219edin\u021b\u0103 extraordinar\u0103 &#8211; de \u00eendat\u0103 a Consiliului Local al ora\u0219ului Solca, pentru data de 23 ianuarie 2025<\/a><\/strong><\/p>\n\n\n\n<p><strong><a href=\"http:\/\/solca.ro\/doc\/2025\/DISPOZITII\/disp%2010.pdf\">Dispozi\u021bia nr. 10 din 23 ianuarie 2025 privind convocarea \u00een \u0219edin\u021b\u0103 ordinar\u0103 a Consiliului Local al ora\u0219ului Solca, pentru data de 30 ianuarie 2025<\/a><\/strong><\/p>\n\n\n\n<p><strong><a href=\"http:\/\/solca.ro\/doc\/2025\/DISPOZITII\/disp%2022.pdf\">Dispozi\u021bia nr. 22 din 17 februarie 2025 privind convocarea \u00een \u0219edin\u021b\u0103 extraordinar\u0103 a Consiliului Local al ora\u0219ului Solca, pentru data de 20 februarie 2025<\/a><\/strong><\/p>\n\n\n\n<p><strong><a href=\"http:\/\/solca.ro\/doc\/2025\/DISPOZITII\/disp%2023.pdf\">Dispozi\u021bia nr. 23 din 21 februarie 2025 privind convocarea \u00een \u0219edin\u021b\u0103 ordinar\u0103 a Consiliului Local al ora\u0219ului Solca, pentru data de 27 februarie 2025<\/a><\/strong><\/p>\n\n\n\n<p><strong><a href=\"http:\/\/solca.ro\/doc\/2025\/DISPOZITII\/disp%2048.pdf\">Dispozi\u021bia nr. 48 din 21 martie 2025 privind convocarea \u00een \u0219edin\u021b\u0103 ordinar\u0103 a Consiliului Local al ora\u0219ului Solca, jude\u021bul Suceava, pentru data de 27 martie 2025<\/a><\/strong><\/p>\n\n\n\n<p><strong><a href=\"http:\/\/solca.ro\/doc\/2025\/DISPOZITII\/disp%2069.pdf\">Dispozi\u021bia nr. 69 din 24 aprilie 2025 privind convocarea \u00een \u0219edin\u021b\u0103 ordinar\u0103 a Consiliului Local al ora\u0219ului Solca, jude\u021bul Suceava, pentru data de 30 aprilie 2025<\/a><\/strong><\/p>\n\n\n\n<p><strong><a href=\"http:\/\/solca.ro\/doc\/2025\/DISPOZITII\/disp%2080.pdf\">Dispozi\u021bia nr. 80 din 22 mai  2025 privind convocarea \u00een \u0219edin\u021b\u0103 ordinar\u0103 a Consiliului Local al ora\u0219ului Solca, jude\u021bul Suceava, pentru data de 28 mai 2025<\/a><\/strong><\/p>\n\n\n\n<p><strong><a href=\"http:\/\/solca.ro\/doc\/2025\/DISPOZITII\/disp%2096.pdf\">Dispozi\u021bia nr. 96 din 20 iunie 2025 privind convocarea \u00een \u0219edin\u021b\u0103 ordinar\u0103 a Consiliului Local al ora\u0219ului Solca, jude\u021bul Suceava, pentru data de 26 iunie 2025<\/a><\/strong><\/p>\n\n\n\n<p><strong><a href=\"http:\/\/solca.ro\/doc\/2025\/DISPOZITII\/disp%20110.pdf\">Dispozi\u021bia nr. 110 din 18 iulie 2025 privind convocarea \u00een \u0219edin\u021b\u0103 ordinar\u0103 a Consiliului Local al ora\u0219ului Solca, jude\u021bul Suceava, pentru data de 24 iulie 2025<\/a><\/strong><\/p>\n\n\n\n<p><strong><a href=\"http:\/\/solca.ro\/doc\/2025\/DISPOZITII\/disp%20128.pdf\">Dispozi\u021bia nr. 128 din 22 august 2025 privind convocarea \u00een \u0219edin\u021b\u0103 ordinar\u0103 a Consiliului Local al ora\u0219ului Solca, jude\u021bul Suceava, pentru data de 28 august 2025<\/a><\/strong><\/p>\n\n\n\n<p><strong><a href=\"http:\/\/solca.ro\/doc\/2025\/DISPOZITII\/disp%20146.pdf\">Dispozi\u021bia nr. 146 din 24 septembrie 2025 privind convocarea \u00een \u0219edin\u021b\u0103 ordinar\u0103 a Consiliului Local al ora\u0219ului Solca, jude\u021bul Suceava, pentru data de 30 septembrie 2025<\/a><\/strong><\/p>\n\n\n\n<p><strong><a href=\"http:\/\/solca.ro\/doc\/2025\/DISPOZITII\/disp%20162.pdf\">Dispozi\u021bia nr. 162 din 22 octombrie 2025 privind convocarea \u00een \u0219edin\u021b\u0103 ordinar\u0103 a Consiliului Local al ora\u0219ului Solca, jude\u021bul Suceava, pentru data de 27 octombrie 2025<\/a><\/strong><\/p>\n\n\n\n<p><a href=\"http:\/\/solca.ro\/doc\/2025\/DISPOZITII\/disp%20187.pdf\"><strong>Dispozi\u021bia nr. 187 din 21 noiembrie privind convocarea \u00een \u0219edin\u021b\u0103 ordinar\u0103 a Consiliului Local al ora\u0219ului Solca, jude\u021bul Suceava, pentru data de 27 noiembrie 2025<\/strong><\/a><\/p>\n\n\n\n<p><a href=\"http:\/\/solca.ro\/doc\/2025\/DISPOZITII\/disp%20196.pdf\"><strong>Dispozi\u021bia nr. 196 din 5 dcembrie 2025 privind convocarea \u00een \u0219edin\u021b\u0103 extraordinar\u0103 a Consiliului Local al ora\u0219ului Solca, jude\u021bul Suceava, pentru data de 10 decembrie 2025<\/strong><\/a><\/p>\n\n\n\n<p><a href=\"http:\/\/solca.ro\/doc\/2025\/DISPOZITII\/disp%20203.pdf\"><strong>Dispozi\u021bia nr. 203 din 22 decembrie 2025 prvind convocarea \u00een \u0219edin\u021b\u0103 ordinar\u0103 a Consiliului Local al ora\u0219ului Solca, jude\u021bul Suceava,  pentru data de 30 decembrie 2025<\/strong><\/a><\/p>\n\n\n\n<p><strong>Dispozi\u021bii emise \u00een anul 2026<\/strong><\/p>\n\n\n\n<p><a href=\"http:\/\/solca.ro\/doc\/2026\/Dispozitii\/disp%204.pdf\"><strong>Dispozi\u021bia nr. 4 din 9 ianuarie 2026 privind convocarea \u00een \u0219edin\u021b\u0103 extraordinar\u0103 a Consiliului Local al ora\u0219ului Solca, jude\u021bul Suceava, pentru data de 13 ianuarie 2026<\/strong><\/a><\/p>\n\n\n\n<p><strong><a href=\"http:\/\/solca.ro\/doc\/2026\/Dispozitii\/disp%209.pdf\">Dispozi\u021bia nr. 9 din 23 ianuarie 2026 privind convocarea \u00een \u0219edin\u021b\u0103 ordinar\u0103 a Consilioului Local al ora\u0219ului Solca, jude\u021bul Suceava, pentru data de 29 ianuarie 2026<\/a><\/strong><\/p>\n\n\n\n<p> <\/p>\n\n\n\n<p><\/p>\n\n\n\n<p>   <\/p>\n\n\n\n<p><\/p>\n\n\n\n<p><\/p>\n\n\n\n<p><\/p>\n","protected":false},"excerpt":{"rendered":"<p>Dispozi\u021biile emise \u00een perioada 2019-2021 se reg\u0103sesc \u00een arhiva 2019-2021 Dispozitii emise in anul 2022 Dispozitii emise in anul 2023-2024 Dispozi\u021bii emise \u00een anul 2025 Dispozi\u021bia nr. 3 din 10 ianuarie 2025 privind convocarea&#46;&#46;&#46;<\/p>\n","protected":false},"author":1,"featured_media":0,"parent":0,"menu_order":0,"comment_status":"closed","ping_status":"closed","template":"","meta":[],"_links":{"self":[{"href":"http:\/\/solca.ro\/index.php\/wp-json\/wp\/v2\/pages\/247"}],"collection":[{"href":"http:\/\/solca.ro\/index.php\/wp-json\/wp\/v2\/pages"}],"about":[{"href":"http:\/\/solca.ro\/index.php\/wp-json\/wp\/v2\/types\/page"}],"author":[{"embeddable":true,"href":"http:\/\/solca.ro\/index.php\/wp-json\/wp\/v2\/users\/1"}],"replies":[{"embeddable":true,"href":"http:\/\/solca.ro\/index.php\/wp-json\/wp\/v2\/comments?post=247"}],"version-history":[{"count":99,"href":"http:\/\/solca.ro\/index.php\/wp-json\/wp\/v2\/pages\/247\/revisions"}],"predecessor-version":[{"id":1808,"href":"http:\/\/solca.ro\/index.php\/wp-json\/wp\/v2\/pages\/247\/revisions\/1808"}],"wp:attachment":[{"href":"http:\/\/solca.ro\/index.php\/wp-json\/wp\/v2\/media?parent=247"}],"curies":[{"name":"wp","href":"https:\/\/api.w.org\/{rel}","templated":true}]}}