{"id":242,"date":"2019-09-14T09:45:32","date_gmt":"2019-09-14T09:45:32","guid":{"rendered":"http:\/\/solca.ro\/?page_id=242"},"modified":"2026-01-26T10:25:17","modified_gmt":"2026-01-26T10:25:17","slug":"bugetul-local","status":"publish","type":"page","link":"http:\/\/solca.ro\/index.php\/bugetul-local\/","title":{"rendered":"Bugetul local"},"content":{"rendered":"\n<p>Arhiva<\/p>\n\n\n\n<p><a href=\"http:\/\/solca.ro\/index.php\/bugetul-local-2016-2018\/\">Buget Local 2016-2018<\/a><\/p>\n\n\n\n<p><a href=\"http:\/\/solca.ro\/index.php\/arhiva-2019-2021\/\">Bugetul local al ora\u0219ului Solca din perioada 2019-2021 poate fi vizualizat \u00een arhiva 2019-2021<\/a><\/p>\n\n\n\n<p><a href=\"http:\/\/solca.ro\/index.php\/bugetul-local-2022\/\">Bugetul local al orasului Solca din anul 2022<\/a><\/p>\n\n\n\n<p><strong>Bugetul local al ora\u0219ului Solca pentru anul 2023<\/strong><\/p>\n\n\n\n<p><a href=\"http:\/\/solca.ro\/doc\/2023\/HOTARARI\/hcl%202.pdf\"><strong>HCL nr. 2 din 31 ianuarie 2023<\/strong> <strong>privind aprobarea bugetului local al ora\u0219ului Solca \u0219i al activit\u0103\u021bilor finan\u021bate din venituri proprii, pe anul 2023<\/strong><\/a><\/p>\n\n\n\n<p><a href=\"http:\/\/solca.ro\/doc\/2023\/HOTARARI\/hcl%2018.pdf\"><strong>HCL nr. 18 din 27 aprilie 202<\/strong>3 <strong>privind aprobarea \u00eencheierii contului de execu\u021bie al bugetului local al ora\u0219ului Solca pe anul 2022<\/strong><\/a><\/p>\n\n\n\n<p><a href=\"http:\/\/solca.ro\/doc\/2023\/HOTARARI\/hcl%2019.pdf\"><strong>HCL nr. 19 din 27 aprilie 2023<\/strong> <strong>privind aprobarea \u00eencheierii contului de execu\u021bie al bugetului local al ora\u0219ului Solca la data de 31 martie 2023<\/strong><\/a><\/p>\n\n\n\n<p><a href=\"http:\/\/solca.ro\/doc\/2024\/BUGETUL%20LOCAL\/DDS%20T2%20de%20pus%20pe%20net.rar\">SITUA\u021aII FINANCIARE TRIMESTRIALE &#8211; TRIMESTRUL II 2023<\/a><\/p>\n\n\n\n<p><a href=\"http:\/\/solca.ro\/doc\/2023\/HOTARARI\/hcl%2053.pdf\"><strong>HCL nr. 53 din 28 august 2023<\/strong> <strong>privind rectificarea bugetului local al ora\u0219ului Solca pe anul 2023<\/strong><\/a><\/p>\n\n\n\n<p><strong><a href=\"http:\/\/solca.ro\/doc\/2023\/HOTARARI\/hcl%2063.pdf\">HCL nr. 63 din 28 septembrie 2023 privind rectificarea bugetului local al ora\u0219ului Solca pe anul 2023<\/a><\/strong><\/p>\n\n\n\n<p><a href=\"http:\/\/solca.ro\/doc\/2023\/HOTARARI\/hcl%2069.pdf\"><strong>HCL nr. 69 din 31 octombrie 2023<\/strong> <strong>privind rectificarea bugetului local al ora\u0219ului Solca pe anul 2023<\/strong><\/a><\/p>\n\n\n\n<p><a href=\"http:\/\/solca.ro\/doc\/2023\/HOTARARI\/hcl%2070.pdf\"><strong>HCL nr. 70 din 31 octombrie 202<\/strong>3 <strong>privind aprobarea \u00eencheierii contului de execu\u021bie al bugetului local al<\/strong> <strong>ora\u0219ului Solca la data de 30 septembrie 2023<\/strong><\/a><\/p>\n\n\n\n<p><a href=\"http:\/\/solca.ro\/doc\/2023\/HOTARARI\/hcl%2088.pdf\"><strong>HCL nr. 88 din 29 noiembrie 2023<\/strong> <strong>privind rectificarea bugetului local al ora\u0219ului Solca, pe anul 2023<\/strong><\/a><\/p>\n\n\n\n<p><a href=\"http:\/\/solca.ro\/doc\/2023\/HOTARARI\/hcl%2089.pdf\"><strong>HCL nr. 89 din 12 decembrie 2023<\/strong> <strong>privind rectificarea bugetului local al ora\u0219ului Solca, pentru anul 2023<\/strong><\/a><\/p>\n\n\n\n<p><a href=\"http:\/\/solca.ro\/doc\/2023\/HOTARARI\/hcl%2094.pdf\"><strong>HCL nr. 94 din 27 decembrie 2023<\/strong> <strong>privind rectificarea bugetului local al ora\u0219ului Solca, pe anul 2023<\/strong><\/a><\/p>\n\n\n\n<p><a href=\"http:\/\/solca.ro\/doc\/2023\/HOTARARI\/hcl%2095.pdf\"><strong>HCL nr. 95 din 27 decembrie 2023<\/strong> <strong>privind aprobarea \u00eencheierii contului de execu\u021bie al bugetului local al ora\u0219ului Solca la data de 27 decembrie 2023<\/strong><\/a><\/p>\n\n\n\n<p><a href=\"http:\/\/solca.ro\/doc\/2024\/BUGETUL%20LOCAL\/Indicatori%20trim%20IV.pdf\">INDICATORI FINANCIARI TRIMESTRUL IV 2023<\/a><\/p>\n\n\n\n<p><a href=\"http:\/\/solca.ro\/doc\/2024\/BUGETUL%20LOCAL\/Situatie%20datorie%20publica.pdf\">SITUA\u021aIA DATORIEI PUBLICE LA 31.12.2023<\/a><\/p>\n\n\n\n<p><strong>Bugetul local al ora\u0219ului Solca pentru anul 202<\/strong>4<\/p>\n\n\n\n<p><a href=\"http:\/\/solca.ro\/doc\/2024\/HOTARARI\/hcl%209.pdf\"><strong>Hot\u0103r\u00e2rea nr. 9 din 31 ianuarie 2024<\/strong> <strong>privind aprobarea Bugetului creditelor interne al ora\u0219ului Solca, pe anul 2024<\/strong><\/a><\/p>\n\n\n\n<p><strong><a href=\"http:\/\/solca.ro\/doc\/2024\/HOTARARI\/hcl%2010.pdf\">Hot\u0103r\u00e2rea nr. 10 din 9 februarie 2024 privind aprobarea bugetului local al ora\u0219ului Solca \u0219i al activit\u0103\u021bilor finan\u021bate din venituri proprii pe anul 2024<\/a><\/strong><\/p>\n\n\n\n<p><a href=\"http:\/\/solca.ro\/doc\/2024\/HOTARARI\/hcl%2015.pdf\"><strong>Hot\u0103r\u00e2rea nr. 15 din 29 martie 2024<\/strong> <strong>privind rectificarea bugetului local al ora\u0219ului Solca pe anul 2024<\/strong><\/a><\/p>\n\n\n\n<p><strong><a href=\"http:\/\/solca.ro\/doc\/2024\/HOTARARI\/hcl%2018.pdf\">Hot\u0103r\u00e2rea nr. 18 din 30 aprilie 2024 privind&nbsp; \u00eencheierea contului de execu\u021bie al bugetului local al ora\u0219ului Solca, la data de 31 decembrie 2023<\/a><\/strong><\/p>\n\n\n\n<p><strong><a href=\"http:\/\/solca.ro\/doc\/2024\/HOTARARI\/hcl%2020.pdf\">Hot\u0103r\u00e2rea nr. 20 din 30 aprilie 2024 privind \u00eencheierea contului de execu\u021bie al bugetului local al ora\u0219ului Solca, la data de 31 martie 2024<\/a><\/strong><\/p>\n\n\n\n<p><strong><a href=\"http:\/\/solca.ro\/doc\/2024\/HOTARARI\/hcl%2031.pdf\">Hot\u0103r\u00e2rea nr. 31 din 27 iunie 2024 privind rectificarea bugetului local al ora\u0219ului solca pe anul 2024<\/a><\/strong><\/p>\n\n\n\n<p><strong><a href=\"http:\/\/solca.ro\/doc\/2024\/HOTARARI\/hcl%2035.pdf\">Hot\u0103r\u00e2rea nr. 35 din 29 iulie 2025 <strong>privind aprobarea \u00eencheierii contului de execu\u021bie al bugetului local al ora\u0219ului Solca, la data de 30 iunie 2024<\/strong><\/a><\/strong><\/p>\n\n\n\n<p><a href=\"http:\/\/solca.ro\/doc\/2024\/HOTARARI\/hcl%2036.pdf\"><strong>Hot\u0103r\u00e2rea nr. 36<\/strong> <strong>din 29 iulie 2024 <strong>privind rectificarea bugetului local al ora\u0219ului solca pe anul 2024<\/strong><\/strong><\/a><\/p>\n\n\n\n<p><a href=\"http:\/\/solca.ro\/doc\/2024\/HOTARARI\/hcl%2045.pdf\"><strong>Hot\u0103r\u00e2rea nr. 45<\/strong> <strong>din 9 octombrie 2024 <strong>privind rectificarea bugetului local al ora\u0219ului Solca pe anul 2024<\/strong><\/strong><\/a><\/p>\n\n\n\n<p><strong><a href=\"http:\/\/solca.ro\/doc\/2024\/HOTARARI\/hcl%2054.pdf\">Hot\u0103r\u00e2rea nr. 54 din 15 noiembrie 2024 privind validarea Dispozi\u021biei primarului ora\u0219ului Solca nr. 177 din 17.10.2024 privind rectificarea bugetului local al ora\u0219ului Solca pe anul 202<\/a>4<\/strong><\/p>\n\n\n\n<p><a href=\"http:\/\/solca.ro\/doc\/2024\/HOTARARI\/hcl%2055.pdf\"><strong>Hot\u0103r\u00e2rea nr. 55<\/strong> <strong>din 15 noiembrie 2024 <strong>privind aprobarea \u00eencheierii contului de execu\u021bie al bugetului local al ora\u0219ului Solca la data de 30 septembrie 2024<\/strong><\/strong><\/a><\/p>\n\n\n\n<p><a href=\"http:\/\/solca.ro\/doc\/2024\/HOTARARI\/hcl%2056.pdf\"><strong>Hot\u0103r\u00e2rea nr. 56<\/strong> <strong>din 15 noiembrie 2024 <strong>privind rectificarea bugetului local al ora\u0219ului Solca pe anul 2024<\/strong><\/strong><\/a><\/p>\n\n\n\n<p><strong><a href=\"http:\/\/solca.ro\/doc\/2024\/HOTARARI\/hcl%2067.pdf\">Hot\u0103r\u00e2rea nr. 67 din 17 decembrie 2024 privind validarea Dispozi\u021biei primarului ora\u0219ului Solca nr. 204 din 02.12.2024 privind rectificarea bugetului local al ora\u0219ului Solca pe anul 2024<\/a><\/strong><\/p>\n\n\n\n<p><a href=\"http:\/\/solca.ro\/doc\/2024\/HOTARARI\/hcl%2068.pdf\"><strong>Hot\u0103r\u00e2rea nr. 68 din 17 decembrie 2024<\/strong> <strong>privind rectificarea bugetului local al ora\u0219ului Solca pe anul 2024<\/strong><\/a><\/p>\n\n\n\n<p><a href=\"http:\/\/solca.ro\/doc\/2024\/HOTARARI\/hcl%2071.pdf\"><strong>Hot\u0103r\u00e2rea nr. 71 din 23 decembrie 2024<\/strong> <strong>privind rectificarea bugetului local al ora\u0219ului Solca pe anul 2024<\/strong><\/a><\/p>\n\n\n\n<p><strong>Bugetul local al ora\u0219ului Solca pentru anul 2025<\/strong><\/p>\n\n\n\n<p><a href=\"http:\/\/solca.ro\/doc\/2025\/BUGETUL%20LOCAL\/Indicatori%20trim%20IV%202024.pdf\">INDICATORI TRIMESTRIALI PRIVIND EXECU\u021aIA BUGETULUI LOCAL AL ORA\u0218ULUI SOLCA &#8211; TRIM. IV 2024<\/a><\/p>\n\n\n\n<p><a href=\"http:\/\/solca.ro\/doc\/2025\/BUGETUL%20LOCAL\/Plati%20restante%20trim%20IV%202024.pdf\">PL\u0102\u021aI RESTANTE LA DATA DE 31.12.2024 <\/a><\/p>\n\n\n\n<p><a href=\"http:\/\/solca.ro\/doc\/2025\/HOTARARI\/hcl%201.pdf\"><strong>Hot\u0103r\u00e2rea nr. 1 din 14 ianuarie 2025<\/strong> <strong>privind aprobarea utiliz\u0103rii excedentului bugetului local al ora\u015fului Solca din anul 2024, pentru finan\u0163area investi\u0163iilor din bugetul local al ora\u015fului Solca pe anul 2025<\/strong><\/a><\/p>\n\n\n\n<p>I<a href=\"http:\/\/solca.ro\/doc\/2025\/BUGETUL%20LOCAL\/UAT_sint_ven_ch_trim_I_2025.pdf\">NDICATORI TRIMESTRIALI PRIVIND EXECU\u021aIA BUGETULUI LOCAL AL ORA\u0218ULUI SOLCA &#8211; TRIM. I 2025<\/a><\/p>\n\n\n\n<p><a href=\"http:\/\/solca.ro\/doc\/2025\/BUGETUL%20LOCAL\/PLATI%20RESTANTE%20TRIM%20i%202025.pdf\">PL\u0102\u021aI RESTANTE LA DATA DE 31 MARTIE 2025<\/a><\/p>\n\n\n\n<p><a href=\"http:\/\/solca.ro\/doc\/2025\/HOTARARI\/hcl%2020.pdf\"><strong>Hot\u0103r\u00e2rea nr. 20 din 27 martie 2025 privind aprobarea bugetului local al ora\u0219ului Solca \u0219i al activit\u0103\u021b\u00e2ilor finan\u021bate din venituri proprii, pe anul 202<\/strong>5<\/a><\/p>\n\n\n\n<p><a href=\"http:\/\/solca.ro\/doc\/2025\/HOTARARI\/hcl%2032.pdf\"><strong>Hot\u0103r\u00e2rea nr. 32 din 30 aprilie 2025<\/strong> <strong>privind&nbsp; \u00eencheierea contului de execu\u021bie al bugetului local al ora\u0219ului Solca, la data de 31 decembrie 2024<\/strong><\/a><\/p>\n\n\n\n<p><a href=\"http:\/\/solca.ro\/doc\/2025\/HOTARARI\/hcl%2033.pdf\"><strong>Hot\u0103r\u00e2rea nr. 33 din 30 aprilie 2025 privind&nbsp; \u00eencheierea contului de execu\u021bie al bugetului local al ora\u0219ului Solca, la data de 31 martie 202<\/strong><\/a><\/p>\n\n\n\n<p><a href=\"http:\/\/solca.ro\/doc\/2025\/HOTARARI\/hcl%2040.pdf\"><strong>Hot\u0103r\u00e2rea nr. 40 din 26 iunie 2025 privind rectificarea bugetului local al ora\u0219ului Solca pe anul 2025<\/strong><\/a><\/p>\n\n\n\n<p><a href=\"http:\/\/solca.ro\/doc\/2025\/HOTARARI\/hcl%2045.pdf\"><strong>Hot\u0103r\u00e2rea nr. 45 din 24 iulie 2025<\/strong> <strong>privind aprobarea \u00eencheierii contului de execu\u021bie al bugetului local al ora\u0219ului Solca la data de 30 iunie 2025<\/strong><\/a><\/p>\n\n\n\n<p><a href=\"http:\/\/solca.ro\/doc\/2025\/HOTARARI\/hcl%2046.pdf\"><strong>Hot\u0103r\u00e2rea nr. 46 din 24 iulie 2025<\/strong> <strong>privind rectificarea bugetului local al ora\u0219ului Solca pe anul 2025<\/strong><\/a><\/p>\n\n\n\n<p><a href=\"http:\/\/solca.ro\/doc\/2025\/HOTARARI\/hcl%2052.pdf\"><strong>Hot\u0103r\u00e2rea nr. 52 din 28 august 2025<\/strong> <strong>privind rectificarea bugetului local al ora\u0219ului Solca pe anul 2025<\/strong><\/a><\/p>\n\n\n\n<p><a href=\"http:\/\/solca.ro\/doc\/2025\/HOTARARI\/hcl%2061.pdf\"><strong>Hot\u0103r\u00e2rea nr. 61 din 27 octombrie 2025<\/strong> <strong>privind \u00eencheierea contului de execu\u021bie al bugetului local al ora\u0219ului Solca, la data de 30 septembrie 2025<\/strong><\/a><\/p>\n\n\n\n<p><a href=\"http:\/\/solca.ro\/doc\/2025\/HOTARARI\/hcl%2062.pdf\"><strong>Hot\u0103r\u00e2rea nr. 62 din 27 octombrie 2025<\/strong> <strong>privind rectificarea bugetului local al ora\u0219ului Solca, pe anul 2025<\/strong><\/a><\/p>\n\n\n\n<p><strong><a href=\"http:\/\/solca.ro\/doc\/2025\/HOTARARI\/hcl%2068.pdf\">Hot\u0103r\u00e2rea nr. 68 din 27 noiembrie 2025 privind rectificarea bugetului local al ora\u0219ului Solca, pe anul 2025<\/a><\/strong><\/p>\n\n\n\n<p><strong><a href=\"http:\/\/solca.ro\/doc\/2025\/HOTARARI\/hcl%2069.pdf\">Hot\u0103r\u00e2rea nr. 69 din 10 decembrie 2025 privind rectificarea bugetului local al ora\u0219ului Solca, pe anul 2025<\/a><\/strong><\/p>\n\n\n\n<p><strong><a href=\"http:\/\/solca.ro\/doc\/2025\/HOTARARI\/hcl%2077.pdf\">Hot\u0103r\u00e2rea nr. 77 din 30 decembrie 2025 privind aprobarea \u00eencheierii contului de execu\u021bie al bugetului local al ora\u0219ului Solca la adata de 30 decembrie 2025<\/a><\/strong><\/p>\n\n\n\n<p><a href=\"http:\/\/solca.ro\/doc\/2025\/BUGETUL%20LOCAL\/indicatori%20trim%20iv%202025.pdf\">INDICATORI TRIMESTRIALI PRIVIND EXECU\u021aIA BUGETULUI LOCAL AL ORA\u0218ULUI SOLCA &#8211; TRIM IV 2025<\/a><\/p>\n\n\n\n<p><a href=\"http:\/\/solca.ro\/doc\/2025\/BUGETUL%20LOCAL\/plati%20restante%20la%2031%20decembrie%202025.pdf\">PL\u0102\u021aI RESTANTE LA DATA DE 31 DECEMBRIE 2025<\/a><\/p>\n\n\n\n<p><\/p>\n\n\n\n<p> <\/p>\n","protected":false},"excerpt":{"rendered":"<p>Arhiva Buget Local 2016-2018 Bugetul local al ora\u0219ului Solca din perioada 2019-2021 poate fi vizualizat \u00een arhiva 2019-2021 Bugetul local al orasului Solca din anul 2022 Bugetul local al ora\u0219ului Solca pentru anul 2023&#46;&#46;&#46;<\/p>\n","protected":false},"author":1,"featured_media":0,"parent":0,"menu_order":0,"comment_status":"closed","ping_status":"closed","template":"","meta":[],"_links":{"self":[{"href":"http:\/\/solca.ro\/index.php\/wp-json\/wp\/v2\/pages\/242"}],"collection":[{"href":"http:\/\/solca.ro\/index.php\/wp-json\/wp\/v2\/pages"}],"about":[{"href":"http:\/\/solca.ro\/index.php\/wp-json\/wp\/v2\/types\/page"}],"author":[{"embeddable":true,"href":"http:\/\/solca.ro\/index.php\/wp-json\/wp\/v2\/users\/1"}],"replies":[{"embeddable":true,"href":"http:\/\/solca.ro\/index.php\/wp-json\/wp\/v2\/comments?post=242"}],"version-history":[{"count":114,"href":"http:\/\/solca.ro\/index.php\/wp-json\/wp\/v2\/pages\/242\/revisions"}],"predecessor-version":[{"id":1791,"href":"http:\/\/solca.ro\/index.php\/wp-json\/wp\/v2\/pages\/242\/revisions\/1791"}],"wp:attachment":[{"href":"http:\/\/solca.ro\/index.php\/wp-json\/wp\/v2\/media?parent=242"}],"curies":[{"name":"wp","href":"https:\/\/api.w.org\/{rel}","templated":true}]}}