{"id":239,"date":"2019-09-14T09:41:49","date_gmt":"2019-09-14T09:41:49","guid":{"rendered":"http:\/\/solca.ro\/?page_id=239"},"modified":"2026-01-26T10:26:08","modified_gmt":"2026-01-26T10:26:08","slug":"impozite-si-taxe","status":"publish","type":"page","link":"http:\/\/solca.ro\/index.php\/impozite-si-taxe\/","title":{"rendered":"Impozite si taxe"},"content":{"rendered":"\n<p><strong><a href=\"http:\/\/solca.ro\/doc\/2024\/HOTARARI\/hcl%2017.pdf\">Hot\u0103r\u00e2rea nr. 17 din 30 aprilie 2024 privind indexarea impozitelor \u015fi taxelor locale aplicabile \u00een anul fiscal 2024 cu rata infla\u021biei \u00een procent de 10,4%<\/a><\/strong><\/p>\n\n\n\n<p><a href=\"http:\/\/solca.ro\/doc\/2023\/HOTARARI\/hcl%2083.pdf\"><strong>Hot\u0103r\u00e2rea nr. 83 din 29 noiembrie 2023 privind stabilirea impozitelor \u0219i taxelor locale \u00een ora\u0219ul Solca pentru anul 2024, \u00een ora\u0219ul Solca<\/strong><\/a><\/p>\n\n\n\n<p><a href=\"http:\/\/solca.ro\/doc\/2023\/HOTARARI\/hcl%2020.pdf\"><strong>HCL nr. 20 din 27 aprilie 2023<\/strong> <strong>privind indexarea impozitelor \u015fi taxelor locale aplicabile \u00een anul fiscal 2024 cu rata infla\u021biei \u00een procent de 13,8%<\/strong><\/a><\/p>\n\n\n\n<p><strong><a href=\"http:\/\/solca.ro\/doc\/2024\/HOTARARI\/hcl%2060.pdf\">Hot\u0103r\u00e2rea nr. 60 din 27 noiembrie 2024 privind stabilirea impozitelor \u0219i taxelor locale pentru anul 2025, \u00een ora\u0219ul Solca<\/a><\/strong><\/p>\n\n\n\n<p><a href=\"http:\/\/solca.ro\/doc\/2025\/HOTARARI\/hcl%2030.pdf\"><strong>Hot\u0103r\u00e2rea nr. 30 din 30 aprilie 2025<\/strong> <strong>privind indexarea impozitelor \u015fi taxelor locale aplicabile \u00een anul fiscal 2026 cu rata infla\u021biei \u00een procent de 5,6%<\/strong><\/a><\/p>\n\n\n\n<p><a href=\"http:\/\/solca.ro\/doc\/2025\/HOTARARI\/hcl%2055.pdf\"><strong>Hot\u0103r\u00e2rea nr. 55 din 30 septembrie 2025<\/strong> <strong>privind aprobarea taxei de salubrizare \u0219i a Regulamentului de instituire \u0219i administrare a taxei de salubrizare pentru unitatea administrativ teritorial\u0103 ora\u0219 Solca, Jude\u021bul Suceava<\/strong><\/a><\/p>\n\n\n\n<p><a href=\"http:\/\/solca.ro\/doc\/2025\/HOTARARI\/hcl%2076000.pdf\"><strong>Hot\u0103r\u00e2rea nr. 76 din 30 decembrie 2025<\/strong> <strong>privind stabilirea impozitelor \u0219i taxelor locale pentru anul 2026<\/strong><\/a><\/p>\n\n\n\n<p class=\"has-text-align-left\"><\/p>\n\n\n\n<p><\/p>\n\n\n\n<p><\/p>\n\n\n\n<p><\/p>\n","protected":false},"excerpt":{"rendered":"<p>Hot\u0103r\u00e2rea nr. 17 din 30 aprilie 2024 privind indexarea impozitelor \u015fi taxelor locale aplicabile \u00een anul fiscal 2024 cu rata infla\u021biei \u00een procent de 10,4% Hot\u0103r\u00e2rea nr. 83 din 29 noiembrie 2023 privind stabilirea&#46;&#46;&#46;<\/p>\n","protected":false},"author":1,"featured_media":0,"parent":0,"menu_order":0,"comment_status":"closed","ping_status":"closed","template":"","meta":[],"_links":{"self":[{"href":"http:\/\/solca.ro\/index.php\/wp-json\/wp\/v2\/pages\/239"}],"collection":[{"href":"http:\/\/solca.ro\/index.php\/wp-json\/wp\/v2\/pages"}],"about":[{"href":"http:\/\/solca.ro\/index.php\/wp-json\/wp\/v2\/types\/page"}],"author":[{"embeddable":true,"href":"http:\/\/solca.ro\/index.php\/wp-json\/wp\/v2\/users\/1"}],"replies":[{"embeddable":true,"href":"http:\/\/solca.ro\/index.php\/wp-json\/wp\/v2\/comments?post=239"}],"version-history":[{"count":27,"href":"http:\/\/solca.ro\/index.php\/wp-json\/wp\/v2\/pages\/239\/revisions"}],"predecessor-version":[{"id":1792,"href":"http:\/\/solca.ro\/index.php\/wp-json\/wp\/v2\/pages\/239\/revisions\/1792"}],"wp:attachment":[{"href":"http:\/\/solca.ro\/index.php\/wp-json\/wp\/v2\/media?parent=239"}],"curies":[{"name":"wp","href":"https:\/\/api.w.org\/{rel}","templated":true}]}}