{"id":235,"date":"2019-09-14T09:40:28","date_gmt":"2019-09-14T09:40:28","guid":{"rendered":"http:\/\/solca.ro\/?page_id=235"},"modified":"2026-03-24T08:58:04","modified_gmt":"2026-03-24T08:58:04","slug":"responsabil-legea-544-2001-si-legea-52-2003","status":"publish","type":"page","link":"http:\/\/solca.ro\/index.php\/responsabil-legea-544-2001-si-legea-52-2003\/","title":{"rendered":"Responsabil Legea 544\/2001 \u015fi Legea 52\/2003"},"content":{"rendered":"<div class=\"wp-block-image\">\n<figure class=\"aligncenter\"><img decoding=\"async\" loading=\"lazy\" width=\"250\" height=\"120\" src=\"http:\/\/solca.ro\/wp-content\/uploads\/2019\/09\/image.jpeg\" alt=\"\" class=\"wp-image-236\"\/><\/figure><\/div>\n\n\n<p><a href=\"http:\/\/solca.ro\/old\/doc\/2019\/informatii%20de%20interes%20public%20\/PROCEDURA.pdf\" target=\"_blank\" rel=\"noreferrer noopener\">PROCEDUR\u0102\n DE SISTEM PRIVIND COMUNICAREA DIN OFICIU A INFORMA\u0162IILOR DE INTERES \nPUBLIC \u00ceN FORMAT STANDARDIZAT \u015eI DESCHIS \u015eI ASIGURAREA TRANSPAREN\u0162EI \nDECIZIONALE<\/a><\/p>\n\n\n\n<p><strong>Responsabili  de aplicarea \nprevederilor Legii nr. 544\/2011 privind liberul acces la  informa\u0163iile \nde interes public \u015fi nr. 52\/2003 privind transparen\u0163a  decizional\u0103 \u00een \nadministra\u0163ia public\u0103, cu modific\u0103rile \u015fi complet\u0103rile  ulterioare<\/strong><\/p>\n\n\n\n<p><strong>Angelica Bahan &#8211; secretar al ora\u015fului Solca; telefon: 0230477215, 0730118372, fax: 0230477253, <\/strong><strong>e-mail: \n <a href=\"mailto:primarie@solca.ro\">primarie@solca.ro<\/a>, \n <a href=\"mailto:solca@prefecturasuceava.ro\">solca@prefecturasuceava.ro<\/a><br> <\/strong><\/p>\n\n\n\n<p><strong>Gabriela Col\u0163un\n &#8211; consilier superior \u00een cadrul aparatului de specialitate al primarului\n  ora\u015fului Solca; telefon: 0230477215, 0730118373, fax: 0230477253,  \ne-mail: \n <a href=\"mailto:primarie@solca.ro\">primarie@solca.ro<\/a>, \n <a href=\"mailto:solca@prefecturasuceava.ro\">solca@prefecturasuceava.ro<\/a><\/strong><\/p>\n\n\n\n<p><strong><a href=\"http:\/\/solca.ro\/doc\/2026\/Raport-Legea544-Organizatie-Primaria20SOLCA.pdf\">RAPORT DE EVALUARE A IMPLEMENTARII LEGII NR. 544\/2001,  \u00ceN ANUL 2025<\/a><\/strong><\/p>\n\n\n\n<p><strong><a href=\"http:\/\/solca.ro\/doc\/2026\/Raport20ORASUL%2520SOLCA.pdf\">RAPORT DE EVALUARE A IMPLEMENT\u0102RII LEGII NR. 52\/2003, \u00ceN ANUL 2025<\/a><\/strong><\/p>\n\n\n\n<p><\/p>\n\n\n\n<p><a rel=\"noreferrer noopener\" href=\"http:\/\/solca.ro\/old\/doc\/2019\/informatii%20de%20interes%20public%20\/CERERE%20INFORMATII%20DE%20INTERES%20PUBLIC.docx\" target=\"_blank\">FORMULAR CERERE INFORMA\u0162II DE INTERES PUBLIC<\/a><\/p>\n\n\n\n<p><a href=\"http:\/\/solca.ro\/old\/doc\/2019\/informatii%20de%20interes%20public%20\/RECLAMATIE%20ADMINISTRATIVA.docx\" target=\"_blank\" rel=\"noreferrer noopener\">FORMULAR RECLAMA\u0162IE ADMINISTRATIV\u0102 1<\/a><\/p>\n\n\n\n<p><a href=\"http:\/\/solca.ro\/old\/doc\/2019\/informatii%20de%20interes%20public%20\/RECLAMATIE%20ADMINISTRATIVA%202.docx\" target=\"_blank\" rel=\"noreferrer noopener\">FORMULAR RECLAMA\u0162IE ADMINISTRATIV\u0102 2<\/a><\/p>\n","protected":false},"excerpt":{"rendered":"<p>PROCEDUR\u0102 DE SISTEM PRIVIND COMUNICAREA DIN OFICIU A INFORMA\u0162IILOR DE INTERES PUBLIC \u00ceN FORMAT STANDARDIZAT \u015eI DESCHIS \u015eI ASIGURAREA TRANSPAREN\u0162EI DECIZIONALE Responsabili de aplicarea prevederilor Legii nr. 544\/2011 privind liberul acces la informa\u0163iile de&#46;&#46;&#46;<\/p>\n","protected":false},"author":1,"featured_media":0,"parent":0,"menu_order":0,"comment_status":"closed","ping_status":"closed","template":"","meta":[],"_links":{"self":[{"href":"http:\/\/solca.ro\/index.php\/wp-json\/wp\/v2\/pages\/235"}],"collection":[{"href":"http:\/\/solca.ro\/index.php\/wp-json\/wp\/v2\/pages"}],"about":[{"href":"http:\/\/solca.ro\/index.php\/wp-json\/wp\/v2\/types\/page"}],"author":[{"embeddable":true,"href":"http:\/\/solca.ro\/index.php\/wp-json\/wp\/v2\/users\/1"}],"replies":[{"embeddable":true,"href":"http:\/\/solca.ro\/index.php\/wp-json\/wp\/v2\/comments?post=235"}],"version-history":[{"count":4,"href":"http:\/\/solca.ro\/index.php\/wp-json\/wp\/v2\/pages\/235\/revisions"}],"predecessor-version":[{"id":1831,"href":"http:\/\/solca.ro\/index.php\/wp-json\/wp\/v2\/pages\/235\/revisions\/1831"}],"wp:attachment":[{"href":"http:\/\/solca.ro\/index.php\/wp-json\/wp\/v2\/media?parent=235"}],"curies":[{"name":"wp","href":"https:\/\/api.w.org\/{rel}","templated":true}]}}