{"id":229,"date":"2019-09-14T09:36:27","date_gmt":"2019-09-14T09:36:27","guid":{"rendered":"http:\/\/solca.ro\/?page_id=229"},"modified":"2025-07-08T07:32:15","modified_gmt":"2025-07-08T07:32:15","slug":"licitatii","status":"publish","type":"page","link":"http:\/\/solca.ro\/index.php\/licitatii\/","title":{"rendered":"Licitatii"},"content":{"rendered":"\n<p><a rel=\"noreferrer noopener\" href=\"http:\/\/solca.ro\/old\/doc\/2019\/licitatii\/PROCES%20VERBAL%20licitatie%20teren%20intravilan.pdf\" target=\"_blank\"><strong>Licita\u0163ie  public\u0103 &#8211; 6 mai 2019 pentru \u00eenchirierea a trei loturi de teren, situate  \u00een intravilanul ora\u015fului Solca, cu categoria de folosin\u0163\u0103 p\u0103\u015fune,  proprietate privat\u0103 a ora\u015fului Solca, jude\u0163ul Suceava<\/strong><\/a><\/p>\n\n\n\n<p><a href=\"http:\/\/solca.ro\/doc\/2019\/licitatii\/Anunt%20vanzare%20prin%20%20licitatie%20masa%20lemnoasa.pdf\"><strong>Licita\u0163ie public\u0103 &#8211; 7 noiembrie 2019 pentru v\u00e2nzarea unei cantit\u0103\u0163i de mas\u0103 lemnoas\u0103 pe picior din fondul forestier proprietate public\u0103 a ora\u015fului Solca, jude\u0163ul Suceava<\/strong><\/a><\/p>\n\n\n\n<p><a href=\"http:\/\/solca.ro\/doc\/2019\/licitatii\/PV%20preselectie%206043.pdf\"><strong>Proces verbal preselec\u0163ie din 30.10.2019 pentru licitatia din 7 noiembrie 2019<\/strong><\/a><\/p>\n\n\n\n<p><a href=\"http:\/\/solca.ro\/doc\/2019\/licitatii\/anunt%20licitatie%2030%20ianuarie%202020.pdf\"><strong>Licita\u0163ie public\u0103 &#8211; 30 ianuarie 2020 pentru v\u00e2nzarea unei cantit\u0103\u0163i de mas\u0103 lemnoas\u0103 pe picior din fondul forestier proprietate public\u0103 a ora\u015fului Solca, jude\u0163ul Suceava<\/strong><\/a><\/p>\n\n\n\n<p><a href=\"http:\/\/solca.ro\/doc\/2021\/licitatii\/ANUNT%20LICITATIE%20MASA%20LEMNOASA%201880.pdf\"><strong>Licita\u0163ie  public\u0103 \u2013 25 martie 2021 pentru v\u00e2nzarea unei cantit\u0103\u0163i de mas\u0103  lemnoas\u0103 pe picior din fondul forestier proprietate public\u0103 a ora\u015fului  Solca, jude\u0163ul Suceava<\/strong><\/a><\/p>\n\n\n\n<p><strong><a href=\"http:\/\/solca.ro\/doc\/2021\/licitatii\/Proces%20verbal%20preselectie.pdf\">Proces verbal  pentru licitatia intermediare de vanzare a masei lemnoase &#8222;pe picior&#8221; din data de 25.03.2021.<\/a> <\/strong><\/p>\n\n\n\n<p><a href=\"http:\/\/solca.ro\/doc\/2022\/anunt%20licitatie.pdf\"><strong>Licita\u021bie public\u0103 &#8211; 26 mai 2022 pentru v\u00e2nzarea unei cantit\u0103\u021bi de mas\u0103 lemnoas\u0103 pe picior din fondul forestier proprietate public\u0103 a ora\u0219ului Solca, jude\u021bul Suceava <\/strong><\/a><\/p>\n\n\n\n<p><a href=\"http:\/\/solca.ro\/doc\/2022\/lista%20partizi.pdf\"><strong>Lista partizi pentru licita\u021bia din data de 26 mai 2022<\/strong><\/a><\/p>\n\n\n\n<p><a href=\"http:\/\/solca.ro\/doc\/2022\/Proces%20verbal.pdf\"><strong>Proces verbal preselec\u021bie din data 24 mai 2022 pentru licita\u021bia din data de 26 mai 2022<\/strong><\/a><\/p>\n\n\n\n<p><a href=\"http:\/\/solca.ro\/doc\/2023\/licitatii\/anunt%20licitatie%2026%20oct%202023.pdf\"><strong>Licita\u021bie public\u0103 &#8211; 26 octombrie 2023 pentru v\u00e2nzarea unei cantit\u0103\u021bi de mas\u0103 lemnoas\u0103 pe picior din fondul forestier proprietate publica a ora\u0219ului Solca, jude\u021bul Suceava<\/strong><\/a><\/p>\n\n\n\n<p><a href=\"http:\/\/solca.ro\/doc\/2023\/licitatii\/lista%20partizi%20licitatie%2026%20oct%202023.pdf\"><strong>Lista partizi pentru licita\u021bia din data de 26 octombrie 2023<\/strong><\/a><\/p>\n\n\n\n<p><a href=\"http:\/\/solca.ro\/doc\/2023\/licitatii\/pv.pdf\"><strong>Proces verbal preselec\u021bie din data de 24 octombrie 2023 pentru licita\u021bia din data de 26 octombrie 2023<\/strong><\/a><\/p>\n\n\n\n<p><a href=\"http:\/\/solca.ro\/doc\/2023\/licitatii\/anunt%20vanzare%20buldo.pdf\"><strong>Licita\u021bie public\u0103 &#8211; 17.11.2023 pentru v\u00e2nzarea unui buldoexcavator marca Fiat HITACHI, tip FB 200, bun mobil aflat \u00een patrimoniul privat al ora\u0219ului Solca, jude\u021bul Suceava<\/strong><\/a><\/p>\n\n\n\n<p><strong><a href=\"http:\/\/solca.ro\/doc\/2023\/licitatii\/anunt%207201.pdf\">Licita\u021bie public\u0103 &#8211; 07.12.2023 pentru v\u00e2nzarea unui buldoexcavator marca Fiat HITACHI, tip FB 200, bun mobil aflat \u00een patrimoniul privat al ora\u0219ului Solca, jude\u021bul Suceava<\/a><\/strong><\/p>\n\n\n\n<p><strong><a href=\"http:\/\/solca.ro\/doc\/2025\/LICITATII\/anunt%20licitatie%2020%20februarie%202025.pdf\">Licita\u021bie public\u0103 &#8211; 20 februarie 2025 pentru v\u00e2nzarea unei cantita\u021bi de mas\u0103 lemnoas\u0103 pe picior din fondul forestier proprietate public\u0103 a ora\u0219ului Solca, jude\u021bul Suceava<\/a><\/strong><\/p>\n\n\n\n<p><a href=\"http:\/\/solca.ro\/doc\/2025\/LICITATII\/lista%20partizi%20licitatie.pdf\">Lista partizi pentru licita\u021bia din data de 20 februarie 2025<\/a><\/p>\n\n\n\n<p><strong><a href=\"http:\/\/solca.ro\/doc\/2025\/HOTARARI\/anunt%20licitatie%2014%20martie.pdf\">Licita\u021bie public\u0103 &#8211; 14.03.2025 pentru v\u00e2nzarea unei cantit\u0103\u021bi de mas\u0103 lemnoas\u0103 pe piicior din fondul forestier proprietate public\u0103 a ora\u0219ului Solca, jude\u021bul Suceava<\/a><\/strong><\/p>\n\n\n\n<p><a href=\"http:\/\/solca.ro\/doc\/2025\/HOTARARI\/lista%20partizi%20licitatie%2014%20martie.pdf\">Lista partizi pentru licita\u021bia din data de 14 martie 2025<\/a><\/p>\n\n\n\n<p><a href=\"http:\/\/solca.ro\/doc\/2025\/LICITATII\/pv%20preselectie.pdf\"><strong>Proces verbal preselec\u021bie din data de 11 martie 2025 pentru licita\u021bia de v\u00e2nzare mas\u0103 lemnoas\u0103 pe picior din data de 14 martie 2025<\/strong><\/a><\/p>\n\n\n\n<p><a href=\"http:\/\/solca.ro\/doc\/2025\/anunt%2030%20aprilie.pdf\"><strong>Anun\u021b nr. 2534 din 30.04.2025 cu privire la v\u00e2nzarea prin licita\u021bie public\u0103 deschis\u0103 a unei autoutilitare marca Roman, tipul 10360, bun mobil aflat \u00een patrimoniul privat al ora\u0219ului Solca, jude\u021bul Suceava, \u00een data de 22.05.202<\/strong>5<\/a><\/p>\n\n\n\n<p><a href=\"http:\/\/solca.ro\/doc\/2025\/anunt%206%20iunie.pdf\"><strong>Anun\u021b nr. 3137 din 06.06.2025 cu privire la v\u00e2nzarea prin licita\u021bie public\u0103 deschis\u0103 a unei autoutilitare marca Roman, tipul 10360, bun mobil aflat \u00een patrimoniul privat al ora\u0219ului Solca, jude\u021bul Suceava, \u00een data de 26.06.2025<\/strong><\/a><\/p>\n\n\n\n<p><a href=\"http:\/\/solca.ro\/doc\/2025\/anunt%201%20iulie.pdf\"><strong>Anun\u021b nr. 3501 din 01.07.2025 cu privire la v\u00e2nzarea prin licita\u021bie public\u0103 deschis\u0103 a unei autoutilitare marca Roman, tipul 10360, bun mobil aflat \u00een patrimoniul privat al ora\u0219ului Solca, jude\u021bul Suceava, \u00een data de 17.07.2025<\/strong><\/a><\/p>\n\n\n\n<p><\/p>\n","protected":false},"excerpt":{"rendered":"<p>Licita\u0163ie public\u0103 &#8211; 6 mai 2019 pentru \u00eenchirierea a trei loturi de teren, situate \u00een intravilanul ora\u015fului Solca, cu categoria de folosin\u0163\u0103 p\u0103\u015fune, proprietate privat\u0103 a ora\u015fului Solca, jude\u0163ul Suceava Licita\u0163ie public\u0103 &#8211; 7&#46;&#46;&#46;<\/p>\n","protected":false},"author":1,"featured_media":0,"parent":0,"menu_order":0,"comment_status":"closed","ping_status":"closed","template":"","meta":[],"_links":{"self":[{"href":"http:\/\/solca.ro\/index.php\/wp-json\/wp\/v2\/pages\/229"}],"collection":[{"href":"http:\/\/solca.ro\/index.php\/wp-json\/wp\/v2\/pages"}],"about":[{"href":"http:\/\/solca.ro\/index.php\/wp-json\/wp\/v2\/types\/page"}],"author":[{"embeddable":true,"href":"http:\/\/solca.ro\/index.php\/wp-json\/wp\/v2\/users\/1"}],"replies":[{"embeddable":true,"href":"http:\/\/solca.ro\/index.php\/wp-json\/wp\/v2\/comments?post=229"}],"version-history":[{"count":19,"href":"http:\/\/solca.ro\/index.php\/wp-json\/wp\/v2\/pages\/229\/revisions"}],"predecessor-version":[{"id":1677,"href":"http:\/\/solca.ro\/index.php\/wp-json\/wp\/v2\/pages\/229\/revisions\/1677"}],"wp:attachment":[{"href":"http:\/\/solca.ro\/index.php\/wp-json\/wp\/v2\/media?parent=229"}],"curies":[{"name":"wp","href":"https:\/\/api.w.org\/{rel}","templated":true}]}}