{"id":219,"date":"2019-09-14T09:28:27","date_gmt":"2019-09-14T09:28:27","guid":{"rendered":"http:\/\/solca.ro\/?page_id=219"},"modified":"2024-07-10T06:17:07","modified_gmt":"2024-07-10T06:17:07","slug":"declaratii-de-avere-2016","status":"publish","type":"page","link":"http:\/\/solca.ro\/index.php\/declaratii-de-avere-2016\/","title":{"rendered":"Declaratii de avere 2016"},"content":{"rendered":"\n<p><a href=\"http:\/\/solca.ro\/old\/doc\/2016\/declaratii%20de%20avere%20si%20interese\/ALBU%20ANA.pdf\" target=\"_blank\" rel=\"noreferrer noopener\">ALBU ANA<\/a><\/p>\n\n\n\n<p><a href=\"http:\/\/solca.ro\/old\/doc\/2016\/declaratii%20de%20avere%20si%20interese\/APETROAIEI%20MARIA.pdf\" target=\"_blank\" rel=\"noreferrer noopener\">APETROAIEI MARIA<\/a><\/p>\n\n\n\n<p><a href=\"http:\/\/solca.ro\/old\/doc\/2016\/declaratii%20de%20avere%20si%20interese\/B%ceGU%20LIDIA.pdf\" target=\"_blank\" rel=\"noreferrer noopener\">B\u00ceGU LIDIA<\/a><\/p>\n\n\n\n<p><a href=\"http:\/\/solca.ro\/old\/doc\/2016\/declaratii%20de%20avere%20si%20interese\/BAHAN%20ANGELICA.pdf\" target=\"_blank\" rel=\"noreferrer noopener\">BAHAN ANGELICA<\/a><\/p>\n\n\n\n<p><a href=\"http:\/\/solca.ro\/old\/doc\/2016\/declaratii%20de%20avere%20si%20interese\/BAHAN%20GHEORGHE.pdf\" target=\"_blank\" rel=\"noreferrer noopener\">BAHAN GHEORGHE<\/a><\/p>\n\n\n\n<p><a href=\"http:\/\/solca.ro\/old\/doc\/2016\/declaratii%20de%20avere%20si%20interese\/COLTUN%20GABRIELA.pdf\" target=\"_blank\" rel=\"noreferrer noopener\">COL\u0162UN GABRIELA<\/a><\/p>\n\n\n\n<p><a href=\"http:\/\/solca.ro\/old\/doc\/2016\/declaratii%20de%20avere%20si%20interese\/COTOARA%20PETRU.pdf\" target=\"_blank\" rel=\"noreferrer noopener\">COTOAR\u0102 PETRU<\/a><\/p>\n\n\n\n<p><a href=\"http:\/\/solca.ro\/old\/doc\/2016\/declaratii%20de%20avere%20si%20interese\/COTURBA%aa%20AGLAIA.pdf\" target=\"_blank\" rel=\"noreferrer noopener\">COTURBA\u015e AGLAIA<\/a><\/p>\n\n\n\n<p><a href=\"http:\/\/solca.ro\/old\/doc\/2016\/declaratii%20de%20avere%20si%20interese\/COTURBA%aa%20GHEORGHE.pdf\" target=\"_blank\" rel=\"noreferrer noopener\">COTURBA\u015e GHEORGHE<\/a><\/p>\n\n\n\n<p><a href=\"http:\/\/solca.ro\/old\/doc\/2016\/declaratii%20de%20avere%20si%20interese\/COVALIU%20DOINA.pdf\" target=\"_blank\" rel=\"noreferrer noopener\">COVALIU DOINA<\/a><\/p>\n\n\n\n<p><a href=\"http:\/\/solca.ro\/old\/doc\/2016\/declaratii%20de%20avere%20si%20interese\/GALIS%20GEORGETA.pdf\" target=\"_blank\" rel=\"noreferrer noopener\">GALI\u015e GEORGETA CORNELIA<\/a><\/p>\n\n\n\n<p><a href=\"http:\/\/solca.ro\/old\/doc\/2016\/declaratii%20de%20avere%20si%20interese\/ghinghiloschi%20gheorghe.pdf\" target=\"_blank\" rel=\"noreferrer noopener\">GHINGHILOSCHI GHEORGHE<\/a><\/p>\n\n\n\n<p><a href=\"http:\/\/solca.ro\/old\/doc\/2016\/declaratii%20de%20avere%20si%20interese\/LUNGU%20ISABELLA.pdf\" target=\"_blank\" rel=\"noreferrer noopener\">LUNGU ISABELLA EUFROSINA<\/a><\/p>\n\n\n\n<p><a href=\"http:\/\/solca.ro\/old\/doc\/2016\/declaratii%20de%20avere%20si%20interese\/LUNGU%20MARIAN.pdf\" target=\"_blank\" rel=\"noreferrer noopener\">LUNGU MARIAN <\/a><\/p>\n\n\n\n<p><a href=\"http:\/\/solca.ro\/old\/doc\/2016\/declaratii%20de%20avere%20si%20interese\/LUPU%20ADRIANA.pdf\" target=\"_blank\" rel=\"noreferrer noopener\">LUPU ADRIANA PARASCHIVA<\/a><\/p>\n\n\n\n<p><a href=\"http:\/\/solca.ro\/old\/doc\/2016\/declaratii%20de%20avere%20si%20interese\/LUPU%20DUMITRU.pdf\" target=\"_blank\" rel=\"noreferrer noopener\">LUPU DUMITRU<\/a><\/p>\n\n\n\n<p><a href=\"http:\/\/solca.ro\/old\/doc\/2016\/declaratii%20de%20avere%20si%20interese\/PRICOP%20GHEORGHINA%20MIRELA.pdf\" target=\"_blank\" rel=\"noreferrer noopener\">PRICOP GHEORGHINA MIRELA<\/a><\/p>\n\n\n\n<p><a href=\"http:\/\/solca.ro\/old\/doc\/2016\/declaratii%20de%20avere%20si%20interese\/REPCIUC%20ELENA.pdf\" target=\"_blank\" rel=\"noreferrer noopener\">REPCIUC ELENA<\/a><\/p>\n\n\n\n<p><a href=\"http:\/\/solca.ro\/old\/doc\/2016\/declaratii%20de%20avere%20si%20interese\/REPCIUC%20PETRU.pdf\" target=\"_blank\" rel=\"noreferrer noopener\">REPCIUC PETRU<\/a><\/p>\n\n\n\n<p><a href=\"http:\/\/solca.ro\/old\/doc\/2016\/declaratii%20de%20avere%20si%20interese\/ROMANIUC%20DANIEL%20FLORIN.pdf\" target=\"_blank\" rel=\"noreferrer noopener\">ROMANIUC DANIEL FLORIN<\/a><\/p>\n\n\n\n<p><a href=\"http:\/\/solca.ro\/old\/doc\/2016\/declaratii%20de%20avere%20si%20interese\/STRUGARIU%20EISENHAUER%20HILDEGARD.pdf\" target=\"_blank\" rel=\"noreferrer noopener\">STRUGARIU EISENHAUER HILDEGARD<\/a><\/p>\n\n\n\n<p><a href=\"http:\/\/solca.ro\/old\/doc\/2016\/declaratii%20de%20avere%20si%20interese\/SINDILARIU%20ALINA.pdf\" target=\"_blank\" rel=\"noreferrer noopener\">\u015eINDILARIU IULIANA ALINA<\/a><\/p>\n\n\n\n<p><a href=\"http:\/\/solca.ro\/old\/doc\/2016\/declaratii%20de%20avere%20si%20interese\/TEHANIUC%20CORNEL%20TRIFAN.pdf\" target=\"_blank\" rel=\"noreferrer noopener\">\u0162EHANIUC CORNEL-TRIFAN<\/a><\/p>\n\n\n\n<p><a href=\"http:\/\/solca.ro\/old\/doc\/2016\/declaratii%20de%20avere%20si%20interese\/%de%c3RANU%20HOFN%c3R%20VALERU%de.pdf\" target=\"_blank\" rel=\"noreferrer noopener\">\u0162\u0102RANU HOFN\u0102R VALERU\u0162<\/a><\/p>\n\n\n\n<p><a href=\"http:\/\/solca.ro\/old\/doc\/2016\/declaratii%20de%20avere%20si%20interese\/VASILOSCHI%20LENUTA.pdf\" target=\"_blank\" rel=\"noreferrer noopener\">VASILOSCHI LENU\u0162A<\/a><\/p>\n","protected":false},"excerpt":{"rendered":"<p>ALBU ANA APETROAIEI MARIA B\u00ceGU LIDIA BAHAN ANGELICA BAHAN GHEORGHE COL\u0162UN GABRIELA COTOAR\u0102 PETRU COTURBA\u015e AGLAIA COTURBA\u015e GHEORGHE COVALIU DOINA GALI\u015e GEORGETA CORNELIA GHINGHILOSCHI GHEORGHE LUNGU ISABELLA EUFROSINA LUNGU MARIAN LUPU ADRIANA PARASCHIVA LUPU&#46;&#46;&#46;<\/p>\n","protected":false},"author":1,"featured_media":0,"parent":0,"menu_order":0,"comment_status":"closed","ping_status":"closed","template":"","meta":[],"_links":{"self":[{"href":"http:\/\/solca.ro\/index.php\/wp-json\/wp\/v2\/pages\/219"}],"collection":[{"href":"http:\/\/solca.ro\/index.php\/wp-json\/wp\/v2\/pages"}],"about":[{"href":"http:\/\/solca.ro\/index.php\/wp-json\/wp\/v2\/types\/page"}],"author":[{"embeddable":true,"href":"http:\/\/solca.ro\/index.php\/wp-json\/wp\/v2\/users\/1"}],"replies":[{"embeddable":true,"href":"http:\/\/solca.ro\/index.php\/wp-json\/wp\/v2\/comments?post=219"}],"version-history":[{"count":3,"href":"http:\/\/solca.ro\/index.php\/wp-json\/wp\/v2\/pages\/219\/revisions"}],"predecessor-version":[{"id":1434,"href":"http:\/\/solca.ro\/index.php\/wp-json\/wp\/v2\/pages\/219\/revisions\/1434"}],"wp:attachment":[{"href":"http:\/\/solca.ro\/index.php\/wp-json\/wp\/v2\/media?parent=219"}],"curies":[{"name":"wp","href":"https:\/\/api.w.org\/{rel}","templated":true}]}}