{"id":217,"date":"2019-09-14T09:26:01","date_gmt":"2019-09-14T09:26:01","guid":{"rendered":"http:\/\/solca.ro\/?page_id=217"},"modified":"2020-07-10T07:50:36","modified_gmt":"2020-07-10T07:50:36","slug":"declaratii-de-avere-2020","status":"publish","type":"page","link":"http:\/\/solca.ro\/index.php\/declaratii-de-avere-2020\/","title":{"rendered":"Declara\u0163ii de avere 2020"},"content":{"rendered":"\n<p><a href=\"http:\/\/solca.ro\/doc\/2020\/declaratii%20de%20avere\/TEHANIUC%20CORNEL%20TRIFAN.pdf\">\u0162EHANIUC CORNEL-TRIFAN &#8211; PRIMAR<\/a><\/p>\n\n\n\n<p><a href=\"http:\/\/solca.ro\/doc\/2020\/declaratii%20de%20avere\/TARANU%20HOFNAR%20VALERUT.pdf\">\u0162\u0102RANU-HOFN\u0102R VALERU\u0162 &#8211; VICEPRIMAR<\/a><\/p>\n\n\n\n<p><a href=\"http:\/\/solca.ro\/doc\/2020\/declaratii%20de%20avere\/BAHAN%20ANGELICA.pdf\"> BAHAN ANGELICA  &#8211; SECRETAR GENERAL<\/a><\/p>\n\n\n\n<p> <a href=\"http:\/\/solca.ro\/doc\/2020\/declaratii%20de%20avere\/PRICOP%20MIRELA.pdf\">PRICOP GHEORGHINA MIRELA &#8211; \u015eEF BIROU<\/a><\/p>\n\n\n\n<p><a href=\"http:\/\/solca.ro\/doc\/2020\/declaratii%20de%20avere\/ALBU%20ANA.pdf\">ALBU ANA &#8211; CONSILIER SUPERIOR<\/a><\/p>\n\n\n\n<p><a href=\"http:\/\/solca.ro\/doc\/2020\/declaratii%20de%20avere\/APETROAIEI%20MARIA.pdf\">APETROAIEI MARIA &#8211; CONSILIER LOCAL<\/a><\/p>\n\n\n\n<p><a href=\"http:\/\/solca.ro\/doc\/2020\/declaratii%20de%20avere\/bigu%20lidia.pdf\">B\u00ceGU LIDIA &#8211; CONSILIER SUPERIOR<\/a><\/p>\n\n\n\n<p><a href=\"http:\/\/solca.ro\/doc\/2020\/declaratii%20de%20avere\/BAHAN%20GHEORGHE.pdf\">BAHAN GHEORGHE &#8211; CONSILIER LOCAL<\/a><\/p>\n\n\n\n<p><a href=\"http:\/\/solca.ro\/doc\/2020\/declaratii%20de%20avere\/COLTUN%20GABRIELA.pdf\">COL\u0162UN GABRIELA &#8211; CONSILIER SUPERIOR<\/a><\/p>\n\n\n\n<p><a href=\"http:\/\/solca.ro\/doc\/2020\/declaratii%20de%20avere\/COTOARA.pdf\">COTOAR\u0102 PETRU &#8211; CONSILIER LOCAL<\/a><\/p>\n\n\n\n<p><a href=\"http:\/\/solca.ro\/doc\/2020\/declaratii%20de%20avere\/COTURBAS%20AGLAIA.pdf\">COTURBA\u015e AGLAIA &#8211; CONSILIER SUPERIOR<\/a><\/p>\n\n\n\n<p><a href=\"http:\/\/solca.ro\/doc\/2020\/declaratii%20de%20avere\/COTURBAS%20GHEORGHE.pdf\" target=\"_blank\" rel=\"noreferrer noopener\" aria-label=\"COTURBA\u015e GHEORGHE - CONSILIER LOCAL (se deschide \u00eentr-o fil\u0103 nou\u0103)\">COTURBA\u015e GHEORGHE &#8211; CONSILIER LOCAL<\/a><\/p>\n\n\n\n<p><a href=\"http:\/\/solca.ro\/doc\/2020\/declaratii%20de%20avere\/COVALIU%20DOINA.pdf\">COVALIU DOINA &#8211; CONSILIER LOCAL<\/a><\/p>\n\n\n\n<p><a href=\"http:\/\/solca.ro\/doc\/2020\/declaratii%20de%20avere\/GALIS%20GEORGETA.pdf\">GALI\u015e GEORGETA CORNELIA &#8211; CONSILIER SUPERIOR<\/a><\/p>\n\n\n\n<p><a href=\"http:\/\/solca.ro\/doc\/2020\/declaratii%20de%20avere\/GHINGHILOSCHI.pdf\">GHINGHILOSCHI GHEORGHE &#8211; CONSILIER LOCAL<\/a><\/p>\n\n\n\n<p><a href=\"http:\/\/solca.ro\/doc\/2020\/declaratii%20de%20avere\/lungu%20isabella.pdf\">LUNGU ISABELLA EUFROSINA &#8211; CONSILIER SUPERIOR<\/a><\/p>\n\n\n\n<p><a href=\"http:\/\/solca.ro\/doc\/2020\/declaratii%20de%20avere\/LUPU%20ADRIANA.pdf\">LUPU ADRIANA PARASCHIVA &#8211; CONSILIER SUPERIOR<\/a><\/p>\n\n\n\n<p><a href=\"http:\/\/solca.ro\/doc\/2020\/declaratii%20de%20avere\/lupu%20dumitru.pdf\">LUPU DUMITRU &#8211; CONSILIER SUPERIOR<\/a><\/p>\n\n\n\n<p><a href=\"http:\/\/solca.ro\/doc\/2020\/declaratii%20de%20avere\/MARULA.pdf\">MARUL\u0102 PETRU PAVEL &#8211; CONSILIER LOCAL<\/a><\/p>\n\n\n\n<p><a href=\"http:\/\/solca.ro\/doc\/2020\/declaratii%20de%20avere\/REPCIUC%20ELENA.pdf\">REPCIUC ELENA &#8211; CONSILIER LOCAL<\/a><\/p>\n\n\n\n<p><a href=\"http:\/\/solca.ro\/doc\/2020\/declaratii%20de%20avere\/REPCIUC%20PETRU.pdf\">REPCIUC PETRU &#8211; CONSILIER LOCAL<\/a><\/p>\n\n\n\n<p><a href=\"http:\/\/solca.ro\/doc\/2020\/declaratii%20de%20avere\/ROMANIUC%20DANIEL%20FLORIN.pdf\">ROMANIUC DANIEL-FLORIN &#8211; CONSILIER LOCAL<\/a><\/p>\n\n\n\n<p><a href=\"http:\/\/solca.ro\/doc\/2020\/declaratii%20de%20avere\/rusu%20adam.pdf\">RUSU ADAM D\u0102NU\u0162 &#8211; CONSILIER SUPERIOR<\/a><\/p>\n\n\n\n<p><a href=\"http:\/\/solca.ro\/doc\/2020\/declaratii%20de%20avere\/STRATON.pdf\">STRATON VIRGILIU &#8211; CONSILIER SUPERIOR<\/a><\/p>\n\n\n\n<p><a href=\"http:\/\/solca.ro\/doc\/2020\/declaratii%20de%20avere\/strugariu.pdf\">STRUGARIU EISENHAUER HILDEGARD &#8211; CONSILIER SUPERIOR<\/a><\/p>\n\n\n\n<p><a href=\"http:\/\/solca.ro\/doc\/2020\/declaratii%20de%20avere\/SINDILARIU.pdf\">\u015eINDILARIU ALINA IULIANA &#8211; CONSILIER ASISTENT<\/a><\/p>\n\n\n\n<p><a href=\"http:\/\/solca.ro\/doc\/2020\/declaratii%20de%20avere\/VASILOSCHI.pdf\">VASILOSCHI LENU\u0162A &#8211; REFERENT SP. URBANISM<\/a><\/p>\n","protected":false},"excerpt":{"rendered":"<p>\u0162EHANIUC CORNEL-TRIFAN &#8211; PRIMAR \u0162\u0102RANU-HOFN\u0102R VALERU\u0162 &#8211; VICEPRIMAR BAHAN ANGELICA &#8211; SECRETAR GENERAL PRICOP GHEORGHINA MIRELA &#8211; \u015eEF BIROU ALBU ANA &#8211; CONSILIER SUPERIOR APETROAIEI MARIA &#8211; CONSILIER LOCAL B\u00ceGU LIDIA &#8211; CONSILIER SUPERIOR&#46;&#46;&#46;<\/p>\n","protected":false},"author":1,"featured_media":0,"parent":0,"menu_order":0,"comment_status":"closed","ping_status":"closed","template":"","meta":[],"_links":{"self":[{"href":"http:\/\/solca.ro\/index.php\/wp-json\/wp\/v2\/pages\/217"}],"collection":[{"href":"http:\/\/solca.ro\/index.php\/wp-json\/wp\/v2\/pages"}],"about":[{"href":"http:\/\/solca.ro\/index.php\/wp-json\/wp\/v2\/types\/page"}],"author":[{"embeddable":true,"href":"http:\/\/solca.ro\/index.php\/wp-json\/wp\/v2\/users\/1"}],"replies":[{"embeddable":true,"href":"http:\/\/solca.ro\/index.php\/wp-json\/wp\/v2\/comments?post=217"}],"version-history":[{"count":6,"href":"http:\/\/solca.ro\/index.php\/wp-json\/wp\/v2\/pages\/217\/revisions"}],"predecessor-version":[{"id":592,"href":"http:\/\/solca.ro\/index.php\/wp-json\/wp\/v2\/pages\/217\/revisions\/592"}],"wp:attachment":[{"href":"http:\/\/solca.ro\/index.php\/wp-json\/wp\/v2\/media?parent=217"}],"curies":[{"name":"wp","href":"https:\/\/api.w.org\/{rel}","templated":true}]}}