{"id":214,"date":"2019-09-14T09:29:07","date_gmt":"2019-09-14T09:29:07","guid":{"rendered":"http:\/\/solca.ro\/?page_id=214"},"modified":"2024-07-10T06:40:35","modified_gmt":"2024-07-10T06:40:35","slug":"declaratii-de-avere","status":"publish","type":"page","link":"http:\/\/solca.ro\/index.php\/declaratii-de-avere\/","title":{"rendered":"Declaratii de avere"},"content":{"rendered":"\n<p><strong>Declara\u021bii de avere 2024<\/strong><\/p>\n\n\n\n<p><a href=\"http:\/\/solca.ro\/doc\/2024\/declaratii%20avere%20si%20interese\/DA%20primar.pdf\">TEHANIUC CORNEL TRIFAN &#8211; PRIMAR<\/a><\/p>\n\n\n\n<p><a href=\"http:\/\/solca.ro\/doc\/2024\/declaratii%20avere%20si%20interese\/DA%20ROMANIUC.pdf\">ROMANIUC DANIEL FLORIN &#8211; VICEPRIMAR<\/a><\/p>\n\n\n\n<p><a href=\"http:\/\/solca.ro\/doc\/2024\/declaratii%20avere%20si%20interese\/DA%20CIUC.pdf\">CIUC ALEXANDRU LIVIU \u2013 CONSILIER LOCAL<\/a><\/p>\n\n\n\n<p><a href=\"http:\/\/solca.ro\/doc\/2024\/declaratii%20avere%20si%20interese\/DA%20COTOARA.pdf\">COTOARA PETRU \u2013 CONSILIER LOCAL<\/a><\/p>\n\n\n\n<p>COTURBAS GHEORGHE \u2013 CONSILIER LOCAL<\/p>\n\n\n\n<p><a href=\"http:\/\/solca.ro\/doc\/2024\/declaratii%20avere%20si%20interese\/DA%20COVALIU.pdf\">COVALIU DOINA\u2013 CONSILIER LOCAL<\/a><\/p>\n\n\n\n<p><a href=\"http:\/\/solca.ro\/doc\/2024\/declaratii%20avere%20si%20interese\/DA%20GHINGHILOSCHI.pdf\">GHINGHILOSCHI GHEORGHE \u2013 CONSILIER LOCAL<\/a><\/p>\n\n\n\n<p><a href=\"http:\/\/solca.ro\/doc\/2024\/declaratii%20avere%20si%20interese\/DA%20MALINESCU.pdf\">MALINESCU MARIA \u2013 CONSILIER LOCAL<\/a><\/p>\n\n\n\n<p>REPCIUC PETRU \u2013 CONSILIER LOCAL<\/p>\n\n\n\n<p><a href=\"http:\/\/solca.ro\/doc\/2024\/declaratii%20avere%20si%20interese\/DA%20RUSU%20IONELA.pdf\">RUSU IONELA LILIANA &#8211; CONSILIER LOCAL<\/a><\/p>\n\n\n\n<p><a href=\"http:\/\/solca.ro\/doc\/2024\/declaratii%20avere%20si%20interese\/DA%20STRATON%20LACRAMIOARA.pdf\">STRATON LACRAMIOARA \u2013 CONSILIER LOCAL<\/a><\/p>\n\n\n\n<p><a href=\"http:\/\/solca.ro\/doc\/2024\/declaratii%20avere%20si%20interese\/DA%20TEHAMCIUC%20RADU.pdf\">TEHANCIUC RADU CONSTANTIN \u00a0\u2013 CONSILIER LOCAL<\/a><\/p>\n\n\n\n<p><a href=\"http:\/\/solca.ro\/doc\/2024\/declaratii%20avere%20si%20interese\/DA%20BAHAN.pdf\">BAHAN ANGELICA \u2013 SECRETAR GENERAL<\/a><\/p>\n\n\n\n<p><a href=\"http:\/\/solca.ro\/doc\/2024\/declaratii%20avere%20si%20interese\/DA%20PRICOP.pdf\">PRICOP MIRELA \u2013 \u0218EF BIROU BUGET CONTABILITATE<\/a><\/p>\n\n\n\n<p><a href=\"http:\/\/solca.ro\/doc\/2024\/declaratii%20avere%20si%20interese\/DA%20ALBU.pdf\">ALBU ANA<\/a><\/p>\n\n\n\n<p><a href=\"http:\/\/solca.ro\/doc\/2024\/declaratii%20avere%20si%20interese\/DA%20BIGU.pdf\">BIGU LIDIA<\/a><\/p>\n\n\n\n<p><a href=\"http:\/\/solca.ro\/doc\/2024\/declaratii%20avere%20si%20interese\/DA%20COLTUN.pdf\">COLTUN GABRIELA<\/a><\/p>\n\n\n\n<p><a href=\"http:\/\/solca.ro\/doc\/2024\/declaratii%20avere%20si%20interese\/DA%20COTURBAS%20AGLAIA.pdf\">COTURBAS AGLAIA<\/a><\/p>\n\n\n\n<p><a href=\"http:\/\/solca.ro\/doc\/2024\/declaratii%20avere%20si%20interese\/DA%20FLOREA.pdf\">FLOREA ILIU\u021a\u0102<\/a><\/p>\n\n\n\n<p><a href=\"http:\/\/solca.ro\/doc\/2024\/declaratii%20avere%20si%20interese\/DA%20GALIS.pdf\">GALIS GEORGETA<\/a><\/p>\n\n\n\n<p><a href=\"http:\/\/solca.ro\/doc\/2024\/declaratii%20avere%20si%20interese\/DA%20LAZAREAN.pdf\">L\u0102Z\u0102REAN OANA MONICA<\/a><\/p>\n\n\n\n<p><a href=\"http:\/\/solca.ro\/doc\/2024\/declaratii%20avere%20si%20interese\/DA%20LUPU.pdf\">LUPU ADRIANA<\/a><\/p>\n\n\n\n<p><a href=\"http:\/\/solca.ro\/doc\/2024\/declaratii%20avere%20si%20interese\/DA%20RUSU%20ADAM%20DANUT.pdf\">RUSU ADAM DANUT<\/a><\/p>\n\n\n\n<p><a href=\"http:\/\/solca.ro\/doc\/2024\/declaratii%20avere%20si%20interese\/DA%20SINDILARIU.pdf\">SINDILARIU IULIANA ALINA<\/a><\/p>\n\n\n\n<p><a href=\"http:\/\/solca.ro\/doc\/2024\/declaratii%20avere%20si%20interese\/DA%20STRATON%20VIRGIL.pdf\">STRATON VIRGILIU<\/a><\/p>\n\n\n\n<p><a href=\"http:\/\/solca.ro\/doc\/2024\/declaratii%20avere%20si%20interese\/DA%20STRUGARIU.pdf\">STRUGARIU EISENHAUER HILDEGARD<\/a><\/p>\n\n\n\n<p><strong>Declara\u021bii de interese 2024<\/strong><\/p>\n\n\n\n<p><a href=\"http:\/\/solca.ro\/doc\/2024\/declaratii%20avere%20si%20interese\/DI%20primar.pdf\">TEHANIUC CORNEL TRIFAN &#8211; PRIMAR<\/a><\/p>\n\n\n\n<p><a href=\"http:\/\/solca.ro\/doc\/2024\/declaratii%20avere%20si%20interese\/DI%20ROMANIUC.pdf\">ROMANIUC DANIEL FLORIN &#8211; VICEPRIMAR<\/a><\/p>\n\n\n\n<p><a href=\"http:\/\/solca.ro\/doc\/2024\/declaratii%20avere%20si%20interese\/DI%20CIUC.pdf\">CIUC ALEXANDRU LIVIU \u2013 CONSILIER LOCAL<\/a><\/p>\n\n\n\n<p><a href=\"http:\/\/solca.ro\/doc\/2024\/declaratii%20avere%20si%20interese\/DI%20Cotoara.pdf\">COTOARA PETRU \u2013 CONSILIER LOCAL<\/a><\/p>\n\n\n\n<p>COTURBAS GHEORGHE \u2013 CONSILIER LOCAL<\/p>\n\n\n\n<p><a href=\"http:\/\/solca.ro\/doc\/2024\/declaratii%20avere%20si%20interese\/DI%20COVALIU.pdf\">COVALIU DOINA\u2013 CONSILIER LOCAL<\/a><\/p>\n\n\n\n<p><a href=\"http:\/\/solca.ro\/doc\/2024\/declaratii%20avere%20si%20interese\/DI%20GHINGHILOSCHI.pdf\">GHINGHILOSCHI GHEORGHE \u2013 CONSILIER LOCAL<\/a><\/p>\n\n\n\n<p><a href=\"http:\/\/solca.ro\/doc\/2024\/declaratii%20avere%20si%20interese\/DI%20MALINESCU.pdf\">MALINESCU MARIA \u2013 CONSILIER LOCAL<\/a><\/p>\n\n\n\n<p>REPCIUC PETRU \u2013 CONSILIER LOCAL<\/p>\n\n\n\n<p><a href=\"http:\/\/solca.ro\/doc\/2024\/declaratii%20avere%20si%20interese\/DI%20RUSU%20IONELA.pdf\">RUSU IONELA LILIANA &#8211; CONSILIER LOCAL<\/a><\/p>\n\n\n\n<p><a href=\"http:\/\/solca.ro\/doc\/2024\/declaratii%20avere%20si%20interese\/DI%20STRATON%20LACRAMIOARA.pdf\">STRATON LACRAMIOARA \u2013 CONSILIER LOCAL<\/a><\/p>\n\n\n\n<p><a href=\"http:\/\/solca.ro\/doc\/2024\/declaratii%20avere%20si%20interese\/DI%20TEHANCIUC%20RADU.pdf\">TEHANCIUC RADU CONSTANTIN \u00a0\u2013 CONSILIER LOCAL<\/a><\/p>\n\n\n\n<p><a href=\"http:\/\/solca.ro\/doc\/2024\/declaratii%20avere%20si%20interese\/DI%20BAHAN.pdf\">BAHAN ANGELICA \u2013 SECRETAR GENERAL<\/a><\/p>\n\n\n\n<p><a href=\"http:\/\/solca.ro\/doc\/2024\/declaratii%20avere%20si%20interese\/DI%20PRICOP.pdf\">PRICOP MIRELA \u2013 \u0218EF BIROU BUGET CONTABILITATE<\/a><\/p>\n\n\n\n<p><a href=\"http:\/\/solca.ro\/doc\/2024\/declaratii%20avere%20si%20interese\/DI%20ALBU.pdf\">ALBU ANA<\/a><\/p>\n\n\n\n<p><a href=\"http:\/\/solca.ro\/doc\/2024\/declaratii%20avere%20si%20interese\/DI%20Bigu_a.pdf\">B\u00ceGU LIDIA<\/a><\/p>\n\n\n\n<p><a href=\"http:\/\/solca.ro\/doc\/2024\/declaratii%20avere%20si%20interese\/DI%20COLTUN.pdf\">COLTUN GABRIELA<\/a><\/p>\n\n\n\n<p><a href=\"http:\/\/solca.ro\/doc\/2024\/declaratii%20avere%20si%20interese\/DI%20COTURBAS%20AGLAIA.pdf\">COTURBAS AGLAIA<\/a><\/p>\n\n\n\n<p><a href=\"http:\/\/solca.ro\/doc\/2024\/declaratii%20avere%20si%20interese\/DI%20FLOREA.pdf\">FLOREA ILIU\u021a\u0102<\/a><\/p>\n\n\n\n<p><a href=\"http:\/\/solca.ro\/doc\/2024\/declaratii%20avere%20si%20interese\/DI%20GALIS.pdf\">GALIS GEORGETA<\/a><\/p>\n\n\n\n<p><a href=\"http:\/\/solca.ro\/doc\/2024\/declaratii%20avere%20si%20interese\/DI%20LAZAREAN.pdf\">L\u0102Z\u0102REAN OANA MONICA<\/a><\/p>\n\n\n\n<p><a href=\"http:\/\/solca.ro\/doc\/2024\/declaratii%20avere%20si%20interese\/DI%20LUPU.pdf\">LUPU ADRIANA<\/a><\/p>\n\n\n\n<p><a href=\"http:\/\/solca.ro\/doc\/2024\/declaratii%20avere%20si%20interese\/DI%20RUSU%20ADAM%20DANUT.pdf\">RUSU ADAM DANUT<\/a><\/p>\n\n\n\n<p><a href=\"http:\/\/solca.ro\/doc\/2024\/declaratii%20avere%20si%20interese\/DI%20SINDILARIU.pdf\">\u0218INDILARIU IULIANA ALINA<\/a><\/p>\n\n\n\n<p><a href=\"http:\/\/solca.ro\/doc\/2024\/declaratii%20avere%20si%20interese\/DI%20STRATON%20VIRGIL.pdf\">STRATON VIRGILIU<\/a><\/p>\n\n\n\n<p><a href=\"http:\/\/solca.ro\/doc\/2024\/declaratii%20avere%20si%20interese\/DI%20STRUGARIU.pdf\">STRUGARIU EISENHAUER HILDEGARD<\/a><\/p>\n\n\n\n<p><a href=\"http:\/\/solca.ro\/index.php\/declaratii-de-avere-2023\/\">Declaratii de avere si declaratii de interese 2023<\/a><\/p>\n\n\n\n<p><a href=\"http:\/\/solca.ro\/index.php\/declaratii-de-avere-2022\/\">Declaratii de avere si declaratii de interese 2022<\/a><\/p>\n\n\n\n<p><a href=\"http:\/\/solca.ro\/index.php\/declaratii-de-avere-2021\/\">Declaratii de avere si declaratii de interese 2021<\/a><\/p>\n\n\n\n<p><a href=\"http:\/\/solca.ro\/wp-admin\/post.php?post=217&amp;action=edit\">Dec<\/a><a href=\"http:\/\/solca.ro\/index.php\/declaratii-de-avere-2020\/\">lara\u0163ii de avere \u015fi declara\u0163ii de interese 2020<\/a><\/p>\n\n\n\n<p><a href=\"http:\/\/solca.ro\/index.php\/declaratii-de-avere-2014\/\">Declaratii de avere si declaratii de interese 2019<\/a><\/p>\n\n\n\n<p><a href=\"http:\/\/solca.ro\/index.php\/declaratii-de-avere-2018\/\">Declaratii de avere si declaratii de interese 2018<\/a><\/p>\n\n\n\n<p><a href=\"http:\/\/solca.ro\/index.php\/declaratii-de-avere-2017\/\">Declaratii de avere si declaratii de interese 2017<\/a><\/p>\n\n\n\n<p><a href=\"http:\/\/solca.ro\/index.php\/declaratii-de-avere-2016\/\">Declaratii de avere si declaratii de interese 2016<\/a><\/p>\n\n\n\n<p><\/p>\n\n\n\n<p><\/p>\n\n\n\n<p><\/p>\n\n\n\n<p><\/p>\n\n\n\n<p><\/p>\n\n\n\n<p><\/p>\n\n\n\n<p><\/p>\n\n\n\n<p><\/p>\n","protected":false},"excerpt":{"rendered":"<p>Declara\u021bii de avere 2024 TEHANIUC CORNEL TRIFAN &#8211; PRIMAR ROMANIUC DANIEL FLORIN &#8211; VICEPRIMAR CIUC ALEXANDRU LIVIU \u2013 CONSILIER LOCAL COTOARA PETRU \u2013 CONSILIER LOCAL COTURBAS GHEORGHE \u2013 CONSILIER LOCAL COVALIU DOINA\u2013 CONSILIER LOCAL&#46;&#46;&#46;<\/p>\n","protected":false},"author":1,"featured_media":0,"parent":0,"menu_order":0,"comment_status":"closed","ping_status":"closed","template":"","meta":[],"_links":{"self":[{"href":"http:\/\/solca.ro\/index.php\/wp-json\/wp\/v2\/pages\/214"}],"collection":[{"href":"http:\/\/solca.ro\/index.php\/wp-json\/wp\/v2\/pages"}],"about":[{"href":"http:\/\/solca.ro\/index.php\/wp-json\/wp\/v2\/types\/page"}],"author":[{"embeddable":true,"href":"http:\/\/solca.ro\/index.php\/wp-json\/wp\/v2\/users\/1"}],"replies":[{"embeddable":true,"href":"http:\/\/solca.ro\/index.php\/wp-json\/wp\/v2\/comments?post=214"}],"version-history":[{"count":13,"href":"http:\/\/solca.ro\/index.php\/wp-json\/wp\/v2\/pages\/214\/revisions"}],"predecessor-version":[{"id":1436,"href":"http:\/\/solca.ro\/index.php\/wp-json\/wp\/v2\/pages\/214\/revisions\/1436"}],"wp:attachment":[{"href":"http:\/\/solca.ro\/index.php\/wp-json\/wp\/v2\/media?parent=214"}],"curies":[{"name":"wp","href":"https:\/\/api.w.org\/{rel}","templated":true}]}}