{"id":211,"date":"2019-09-14T09:20:15","date_gmt":"2019-09-14T09:20:15","guid":{"rendered":"http:\/\/solca.ro\/?page_id=211"},"modified":"2026-03-27T05:59:43","modified_gmt":"2026-03-27T05:59:43","slug":"alte-informatii","status":"publish","type":"page","link":"http:\/\/solca.ro\/index.php\/alte-informatii\/","title":{"rendered":"ALTE INFORMA\u021aII DE INTERES PUBLIC"},"content":{"rendered":"\n<p><strong>BULETINE DE AVERTIZARE PENTRU COMBATEREA BOLILOR \u0218I D\u0102UN\u0102TORILOR LA CULTURILE AGRICOLE 2026<\/strong><\/p>\n\n\n\n<p><a href=\"http:\/\/solca.ro\/doc\/2025\/1.%20BULETIN%20DE%20AVERTIZARE%20-%20LA%20PRODUCEREA%20RASADURILOR.pdf\">BULETIN DE AVERTIZARE NR. 1\/16.02.2026 &#8211; TRATAMENT PENTRU COMBATEREA BOLILOR \u0218I D\u0102UN\u0102TORILOR LA PRODUCEEREA R\u0102SADURILOR<\/a><\/p>\n\n\n\n<p><a href=\"http:\/\/solca.ro\/doc\/2026\/2.%20BULETIN%20DE%20AVERTIZARE%20-%20POMI%20FRUCTIFERI.pdf\">BULETIN DE AVERTIZARE NR. 2\/27.02.2026 &#8211; TRATAMENT FITOSANITAR CARE SE APLIC\u0102 IN LIVEZI DUP\u0102 EFECTUAREA T\u0102IERILOR<\/a><\/p>\n\n\n\n<p><a href=\"http:\/\/solca.ro\/doc\/2026\/BULETIN%20DE%20AVERTIZARE%20NR.3-%20Tratament%20daunatori%20hibernanti.pdf\">BULETIN DE AVERTIZARE NR. 3\/13.03.2026 &#8211; TRATAMENT PENTRU COMBATEREA FORMELOR HIBERNANTE ALE D\u0102UN\u0102TORILOR, \u00ceN LIVEZI<\/a><\/p>\n\n\n\n<p>B<a href=\"http:\/\/solca.ro\/doc\/2026\/BULETIN%20DE%20AVERTIZARE%20NR.4%20-%20Rapita%20T1%20(1).pdf\">ULETIN DE AVERTIZARE NR. 4 din 20.03.2026  &#8211; TRATAMENT PENTRU COMBATEREA D\u0102UNATORILOR \u015eI BOLILOR LA RAPI\u021a\u0102<\/a><\/p>\n\n\n\n<p><a href=\"http:\/\/solca.ro\/doc\/2026\/BULETIN%20DE%20AVERTIZARE%20NR.5%20-%20C_P_UN.pdf\">BULETIN DE AVERTIZARE NR. 5 din 25.03.2026 &#8211; TRATAMENT PENTRU COMBATEREA BOLILOR \u015eI D\u0102UN\u0102TORILOR LA C\u0102P\u015eUN<\/a><\/p>\n\n\n\n<p>______________________________________________________________________________________________<\/p>\n\n\n\n<p><a rel=\"noreferrer noopener\" href=\"http:\/\/solca.ro\/old\/doc\/2019\/alte%20informatii\/AC+CU%20din%202018.pdf\" target=\"_blank\">CERTIFICATE DE URBANISM \u015eI AUTORIZA\u0162II DE CONSTRUIRE EMISE \u00ceN ANUL 2018<\/a><\/p>\n\n\n\n<p><a rel=\"noreferrer noopener\" href=\"http:\/\/solca.ro\/old\/doc\/2019\/alte%20informatii\/CU+AC%202019.pdf\" target=\"_blank\">CERTIFICATE DE URBANISM \u015eI AUTORIZA\u0162II DE CONSTRUIRE EMISE \u00ceN ANUL 2019<\/a><\/p>\n\n\n\n<p>______________________________________________________________________________________<\/p>\n\n\n\n<p>TRANSPAREN\u021aA SALARIAL\u0102<\/p>\n\n\n\n<p><a href=\"http:\/\/solca.ro\/doc\/2021\/alte%20informatii\/SALARII.pdf\">HCL  privind stabilirea salariilor de baza pentru funclionarii publici \u0219i personalul contractual  incepand cu data de 01 ianuarie 2020 <\/a><\/p>\n\n\n\n<p><a href=\"http:\/\/solca.ro\/doc\/2024\/HOTARARI\/hcl%203.pdf\">HCL nr. 3 din 31.01.2024 privind stabilirea salariilor de baz\u0103 pentru func\u021bionarii publici \u0219i personalul contractual, \u00eencepand cu 01 ianuarie 202<\/a>4<\/p>\n\n\n\n<p><a href=\"http:\/\/solca.ro\/doc\/2024\/HOTARARI\/hcl%2030000.pdf\">HCL nr. 30 din 27 iunie 2024 privind stabiliea salariilor de baz\u0103 pentru func\u021bionarii publici \u0219i peronalul contractual, \u00eencep\u00e2nd cu luna iunie 2024<\/a><\/p>\n\n\n\n<p><a href=\"http:\/\/solca.ro\/doc\/2025\/salarii%20transparenta%20%20decizionala.pdf\">Transparenta veniturilor salariale la data de 31.03.2025<\/a><\/p>\n\n\n\n<p><a href=\"http:\/\/solca.ro\/doc\/2025\/salarii%2030%20septembrie%202025.pdf\">Transparen\u021ba veniturilor salariale la data de 30.09.2025<\/a><\/p>\n\n\n\n<p>_____________________________________________________________________________________________<\/p>\n\n\n\n<p>ANUN\u021aURI PUBLICE<\/p>\n\n\n\n<p><a href=\"http:\/\/solca.ro\/doc\/2021\/alte%20informatii\/SO_colectare_Suceava_rev%20aug%20%202021%20(003)%20(1).pdf\">Studiu de oportunitate privind fundamentarea deciziei de delegare a gestiunii activitatii de colectare si transport a deseurilor municipale in judetul Suceava<\/a><\/p>\n\n\n\n<p><a href=\"http:\/\/solca.ro\/doc\/2025\/Informatii%20de%20interes%20public\/anunt%20public.pdf\"><strong>Anun\u021b public privind depunerea solicit\u0103rii de emitere a acordului de mediu de c\u0103tre Administra\u021bia Na\u021bional\u0103 de Meteorologie, pentru Proiectul \u201dExtinderea re\u021belei na\u021bionale de observa\u021bii din cadrul Sistemului Meteorologic Integrat Na\u021bional (SIMIN), propus a fi implementat pe \u00eentreg teritoriul Rom\u00e2niei<\/strong><\/a><\/p>\n\n\n\n<p><a href=\"http:\/\/solca.ro\/doc\/2025\/LICITATII\/anunt.pdf\">Anun\u021b public privind \u00eenchirierea prin atribuire direct\u0103 a unei suprafe\u021be de teren, situat\u0103 \u00een intravilanul ora\u0219ului Solca, av\u00e2nd categoria de folosin\u021b\u0103 p\u0103\u0219une, proprietate privat\u0103 a ora\u0219ului Solca, jude\u021bul Suceava<\/a><\/p>\n\n\n\n<p><a href=\"http:\/\/solca.ro\/doc\/2025\/oferta%20vanzare%20teren.pdf\">OFERT\u0102 DE V\u00c2NZARE TEREN SYMMETRICA SRL<\/a><\/p>\n\n\n\n<p>_____________________________________________________________________________________________<\/p>\n","protected":false},"excerpt":{"rendered":"<p>BULETINE DE AVERTIZARE PENTRU COMBATEREA BOLILOR \u0218I D\u0102UN\u0102TORILOR LA CULTURILE AGRICOLE 2026 BULETIN DE AVERTIZARE NR. 1\/16.02.2026 &#8211; TRATAMENT PENTRU COMBATEREA BOLILOR \u0218I D\u0102UN\u0102TORILOR LA PRODUCEEREA R\u0102SADURILOR BULETIN DE AVERTIZARE NR. 2\/27.02.2026 &#8211; TRATAMENT&#46;&#46;&#46;<\/p>\n","protected":false},"author":1,"featured_media":0,"parent":0,"menu_order":0,"comment_status":"closed","ping_status":"closed","template":"","meta":[],"_links":{"self":[{"href":"http:\/\/solca.ro\/index.php\/wp-json\/wp\/v2\/pages\/211"}],"collection":[{"href":"http:\/\/solca.ro\/index.php\/wp-json\/wp\/v2\/pages"}],"about":[{"href":"http:\/\/solca.ro\/index.php\/wp-json\/wp\/v2\/types\/page"}],"author":[{"embeddable":true,"href":"http:\/\/solca.ro\/index.php\/wp-json\/wp\/v2\/users\/1"}],"replies":[{"embeddable":true,"href":"http:\/\/solca.ro\/index.php\/wp-json\/wp\/v2\/comments?post=211"}],"version-history":[{"count":18,"href":"http:\/\/solca.ro\/index.php\/wp-json\/wp\/v2\/pages\/211\/revisions"}],"predecessor-version":[{"id":1832,"href":"http:\/\/solca.ro\/index.php\/wp-json\/wp\/v2\/pages\/211\/revisions\/1832"}],"wp:attachment":[{"href":"http:\/\/solca.ro\/index.php\/wp-json\/wp\/v2\/media?parent=211"}],"curies":[{"name":"wp","href":"https:\/\/api.w.org\/{rel}","templated":true}]}}