{"id":202,"date":"2019-09-14T08:56:10","date_gmt":"2019-09-14T08:56:10","guid":{"rendered":"http:\/\/solca.ro\/?page_id=202"},"modified":"2019-09-14T08:56:10","modified_gmt":"2019-09-14T08:56:10","slug":"dispozitii-2012","status":"publish","type":"page","link":"http:\/\/solca.ro\/index.php\/dispozitii-2012\/","title":{"rendered":"Dispozitii 2012"},"content":{"rendered":"\n<p><a href=\"http:\/\/solca.ro\/doc\/2012\/dispozitii\/DISPOZITIE%20DE%20CONVOCARE%207.pdf\">Dispozi\u0163ie de convocare a Consiliului local nr.7 din 25.01.2012<\/a><\/p>\n\n\n\n<p><a href=\"http:\/\/solca.ro\/doc\/2012\/dispozitii\/DISPOZITIE%20DE%20CONVOCARE%2018.pdf\">Dispozi\u0163ie de convocare a Consiliului local nr. 18 din 02.02.2012<\/a><\/p>\n\n\n\n<p><a href=\"http:\/\/solca.ro\/doc\/2012\/dispozitii\/dispozitia%2023.pdf\" target=\"_blank\" rel=\"noreferrer noopener\">Dispozi\u0163ie de convocare a Consiliului local nr.23 din 14.02.2012<\/a><\/p>\n\n\n\n<p><a href=\"http:\/\/solca.ro\/doc\/2012\/dispozitii\/Dispozitia%2028.pdf\" target=\"_blank\" rel=\"noreferrer noopener\">Dispozi\u0163ie de convocare a Consiliului local nr. 28 din 23.02.2012<\/a><\/p>\n\n\n\n<p><a href=\"http:\/\/solca.ro\/doc\/2012\/dispozitii\/Dispozitie%20comisie%20autorizare%20NR%2033.pdf\" target=\"_blank\" rel=\"noreferrer noopener\">Dispozi\u0163ie\n privind \u00eenfiin\u0163area Comisiei de avizare a cererilor de organizare a \nadun\u0103rilor publice la nivelul Consiliului local al ora\u015fului Solca nr. 33\n din 01 martie 2012<\/a><\/p>\n\n\n\n<p><a href=\"http:\/\/solca.ro\/doc\/2012\/dispozitii\/dispozitie%20desemnare%20informare%20amenajare%20teritoriu.pdf\" target=\"_blank\" rel=\"noreferrer noopener\">Dispozi\u0163ie\n privind desemnarea persoanei cu informarea \u015fi consultarea publicului cu\n privire la elaborarea sau revizuirea planurilor de amenajare a \nteritoriului \u015fi de urbanism la nivelul ora\u015fului Solca nr. 87 din 21 \nmartie 2012<\/a><\/p>\n\n\n\n<p><a href=\"http:\/\/solca.ro\/doc\/2012\/dispozitii\/dispozitia%2089.pdf\" target=\"_blank\" rel=\"noreferrer noopener\">Dispozi\u0163ie de convocare a Consiliului local nr. 89 din 23.03.2012<\/a><\/p>\n\n\n\n<p><a href=\"http:\/\/solca.ro\/doc\/2012\/dispozitii\/Dispozitie%20delimitare%20sectii%20de%20votare%20locale.pdf\" target=\"_blank\" rel=\"noreferrer noopener\">Dispozi\u0163ie\n privind delimitarea, numerotarea \u015fi stabilirea localurilor sec\u0163iilor de\n votare, ce vor func\u0163iona \u00een Circumscrip\u0163ia Electoral\u0103 nr. 15 Solca, \njude\u0163ul Suceava, pentru alegerea autorit\u0103\u0163ilor administra\u0163iei publice \nlocale din anul 2012 nr. 94 din 29 martie 2012<\/a><\/p>\n\n\n\n<p><a href=\"http:\/\/solca.ro\/doc\/2012\/dispozitii\/dispoz.conv..pdf\" target=\"_blank\" rel=\"noreferrer noopener\">Dispozi\u0163ie privind convocarea \u00een \u015fedin\u0163\u0103 ordinar\u0103 a Consiliului local al ora\u015fului Solca nr. 103 din 20 aprilie 2012<\/a><\/p>\n\n\n\n<p><a href=\"http:\/\/solca.ro\/doc\/2012\/dispozitii\/dispozitia%20115.pdf\" target=\"_blank\" rel=\"noreferrer noopener\">Dispozi\u0163ie privind convocarea \u00een \u015fedin\u0163\u0103 extraordinar\u0103 a Consiliului local al ora\u015fului Solca nr. 115 din 5 mai 2012<\/a><\/p>\n\n\n\n<p><a href=\"http:\/\/solca.ro\/doc\/2012\/dispozitii\/Dispozitia%20nr.%20140%20-%2025%20mai%202012.pdf\" target=\"_blank\" rel=\"noreferrer noopener\">Dispozi\u0163ie privind convocarea \u00een \u015fedin\u0163\u0103 ordinar\u0103 a Consiliului local al ora\u015fului Solca nr. 140 din 25 mai 2012<\/a><\/p>\n\n\n\n<p><a href=\"http:\/\/solca.ro\/doc\/2012\/dispozitii\/dispozitia%20nr164-convocare%20in%20sedinta%20extraordinara.pdf\" target=\"_blank\" rel=\"noreferrer noopener\">Dispozi\u0163ie privind convocarea \u00een \u015fedin\u0163\u0103 extraordinar\u0103 a Consiliului local al ora\u015fului Solca nr. 164 din 12 iulie 2012<\/a><\/p>\n\n\n\n<p><a href=\"http:\/\/solca.ro\/doc\/2012\/dispozitii\/dispozitia%20171.pdf\" target=\"_blank\" rel=\"noreferrer noopener\">Dispozi\u0163ie privind convocarea \u00een \u015fedin\u0163\u0103 ordinar\u0103 a Consiliului Local al ora\u015fului Solca nr. 171 din 25 iulie 2012<\/a><\/p>\n\n\n\n<p><a href=\"http:\/\/solca.ro\/doc\/2012\/dispozitii\/dispoz184.pdf\" target=\"_blank\" rel=\"noreferrer noopener\">Dispozi\u0163ie privind convocarea \u00een \u015fedin\u0163\u0103 extraordinar\u0103 a Consiliului Local al ora\u015fului Solca nr. 184 din 7 august 2012<\/a><\/p>\n\n\n\n<p><a href=\"http:\/\/solca.ro\/doc\/2012\/dispozitii\/disp187.pdf\" target=\"_blank\" rel=\"noreferrer noopener\">Dispozi\u0163ie privind convocarea \u00een \u015fedin\u0163\u0103 extraordinar\u0103 a Consiliului Local al ora\u015fului Solca nr. 187 din 14 august 2012<\/a><\/p>\n\n\n\n<p><a href=\"http:\/\/solca.ro\/doc\/2012\/dispozitii\/disp189.pdf\" target=\"_blank\" rel=\"noreferrer noopener\">Dispozi\u0163ie privind convocarea \u00een \u015fedin\u0163\u0103 extraordinar\u0103 a Consiliului Local al ora\u015fului Solca nr. 189 din 20 august 2012<\/a><\/p>\n\n\n\n<p><a href=\"http:\/\/solca.ro\/doc\/2012\/dispozitii\/disp193.pdf\" target=\"_blank\" rel=\"noreferrer noopener\">Dispozi\u0163ie privind convocarea \u00een \u015fedin\u0163\u0103 ordinar\u0103 a Consiliului Local al ora\u015fului Solca nr. 193 din 24 august 2012<\/a><\/p>\n\n\n\n<p><a href=\"http:\/\/solca.ro\/doc\/2012\/dispozitii\/Dispozitia%20245.pdf\" target=\"_blank\" rel=\"noreferrer noopener\">Dispozi\u0163ie privind virarea de credite bugetare \u00eentre trimestre, nr. 245 din 4 septembrie 2012<\/a><\/p>\n\n\n\n<p><a href=\"http:\/\/solca.ro\/doc\/2012\/dispozitii\/disp257.pdf\">Dispozi\u0163ie privind convocarea \u00een \u015fedin\u0163\u0103 extraordinar\u0103 a Consiliului Local al ora\u015fului Solca nr. 257 din 20 septembrie 2012 <\/a><\/p>\n\n\n\n<p><a href=\"http:\/\/solca.ro\/doc\/2012\/dispozitii\/disp261.pdf\" target=\"_blank\" rel=\"noreferrer noopener\">Dispozi\u0163ie privind convocarea \u00een \u015fedin\u0163\u0103 ordinar\u0103 a Consiliului Local al ora\u015fului Solca nr. 261 din 21 septembrie 2012<\/a><\/p>\n\n\n\n<p><a href=\"http:\/\/solca.ro\/doc\/2012\/dispozitii\/disp276.pdf\" target=\"_blank\" rel=\"noreferrer noopener\">Dispozi\u0163ie privind convocarea \u00een \u015fedin\u0163\u0103 extraordinar\u0103 a Consiliului Local al ora\u015fului Solca nr. 276 din 4 octombrie 2012<\/a><\/p>\n\n\n\n<p><a href=\"http:\/\/solca.ro\/doc\/2012\/dispozitii\/Dispozitie%20locuri%20afi%baaj%20electoral.pdf\" target=\"_blank\" rel=\"noreferrer noopener\">Dispozi\u0163ie\n privind stabilirea locurilor speciale pentru afi\u015faj electoral \u00een ora\u015ful\n Solca, la alegerile pentru Camera Deputa\u0163ilor \u015fi Senat din anul \n2012&nbsp;nr. 288 din 22 octombrie 2012<\/a><\/p>\n\n\n\n<p><a href=\"http:\/\/solca.ro\/doc\/2012\/dispozitii\/dispozitia%20292.pdf\" target=\"_blank\" rel=\"noreferrer noopener\">Dispozi\u0163ie privind convocarea \u00een \u015fedin\u0163\u0103 ordinar\u0103 a Consiliului Local al ora\u015fului Solca nr.292 din 26 octombrie 2012<\/a><\/p>\n\n\n\n<p><a href=\"http:\/\/solca.ro\/doc\/2012\/dispozitii\/Dispozitia%20314.pdf\" target=\"_blank\" rel=\"noreferrer noopener\">Dispozi\u0163ie privind rectificarea bugetului local, nr. 314 din 20 noiembrie 2012<\/a><\/p>\n\n\n\n<p><a href=\"http:\/\/solca.ro\/doc\/2012\/dispozitii\/dispozitia%20315.pdf\" target=\"_blank\" rel=\"noreferrer noopener\">Dispozi\u0163ie privind convocarea \u00een \u015fedin\u0163\u0103 extraordinar\u0103 a Consiliului Local al ora\u015fului Solca nr. 315 din 20 noiembrie&nbsp;2012<\/a><\/p>\n\n\n\n<p><a href=\"http:\/\/solca.ro\/doc\/2012\/dispozitii\/dispozitia%20322.pdf\" target=\"_blank\" rel=\"noreferrer noopener\">Dispozi\u0163ie\n privind convocarea \u00een \u015fedin\u0163\u0103 ordinar\u0103 a Consiliului Local al ora\u015fului \nSolca, jude\u0163ul Suceava nr. 322 din 23 noiembrie 2012<\/a><\/p>\n\n\n\n<p><a href=\"http:\/\/solca.ro\/doc\/2012\/dispozitii\/dispozitia%20332.pdf\" target=\"_blank\" rel=\"noreferrer noopener\">Dispozi\u0163ie\n privind convocarea \u00een \u015fedin\u0163\u0103 extraordinar\u0103 a Consiliului Local al \nora\u015fului Solca, jude\u0163ul Suceava nr. 332 din 4 decembrie 2012<\/a><\/p>\n\n\n\n<p><a href=\"http:\/\/solca.ro\/doc\/2012\/dispozitii\/dispozitia%20337.pdf\" target=\"_blank\" rel=\"noreferrer noopener\">Dispozi\u0163ie\n privind convocarea \u00een \u015fedin\u0163\u0103 extraordinar\u0103 a Consiliului Local al \nora\u015fului Solca, jude\u0163ul Suceava nr. 337 din 17 decembrie 2012<\/a><\/p>\n\n\n\n<p><a href=\"http:\/\/solca.ro\/doc\/2012\/dispozitii\/DISPOZITIA%20340.pdf\" target=\"_blank\" rel=\"noreferrer noopener\">Dispozi\u0163ie\n privind convocarea \u00een \u015fedin\u0163\u0103 ordinar\u0103 a Consiliului Local al ora\u015fului \nSolca, jude\u0163ul Suceava nr. 340 din 21 decembrie 2012 <\/a><\/p>\n","protected":false},"excerpt":{"rendered":"<p>Dispozi\u0163ie de convocare a Consiliului local nr.7 din 25.01.2012 Dispozi\u0163ie de convocare a Consiliului local nr. 18 din 02.02.2012 Dispozi\u0163ie de convocare a Consiliului local nr.23 din 14.02.2012 Dispozi\u0163ie de convocare a Consiliului local&#46;&#46;&#46;<\/p>\n","protected":false},"author":1,"featured_media":0,"parent":0,"menu_order":0,"comment_status":"closed","ping_status":"closed","template":"","meta":[],"_links":{"self":[{"href":"http:\/\/solca.ro\/index.php\/wp-json\/wp\/v2\/pages\/202"}],"collection":[{"href":"http:\/\/solca.ro\/index.php\/wp-json\/wp\/v2\/pages"}],"about":[{"href":"http:\/\/solca.ro\/index.php\/wp-json\/wp\/v2\/types\/page"}],"author":[{"embeddable":true,"href":"http:\/\/solca.ro\/index.php\/wp-json\/wp\/v2\/users\/1"}],"replies":[{"embeddable":true,"href":"http:\/\/solca.ro\/index.php\/wp-json\/wp\/v2\/comments?post=202"}],"version-history":[{"count":1,"href":"http:\/\/solca.ro\/index.php\/wp-json\/wp\/v2\/pages\/202\/revisions"}],"predecessor-version":[{"id":203,"href":"http:\/\/solca.ro\/index.php\/wp-json\/wp\/v2\/pages\/202\/revisions\/203"}],"wp:attachment":[{"href":"http:\/\/solca.ro\/index.php\/wp-json\/wp\/v2\/media?parent=202"}],"curies":[{"name":"wp","href":"https:\/\/api.w.org\/{rel}","templated":true}]}}