{"id":2,"date":"2019-07-21T12:34:55","date_gmt":"2019-07-21T12:34:55","guid":{"rendered":"http:\/\/solca.ro\/new\/?page_id=2"},"modified":"2025-10-22T12:30:28","modified_gmt":"2025-10-22T12:30:28","slug":"pagina-exemplu","status":"publish","type":"page","link":"http:\/\/solca.ro\/","title":{"rendered":"ROM\u00c2NIA, JUDE\u0162UL SUCEAVA, ORA\u015eUL SOLCA"},"content":{"rendered":"\n<h4><strong>PROIECTE \u00ceN IMPLEMENTARE &#8211; FINAN\u021aATE PRIN PR NORD-EST 2021 &#8211; 2027<\/strong><\/h4>\n\n\n\n<p><a href=\"http:\/\/solca.ro\/doc\/2025\/Anunt%20lansare%20proiect.pdf\"><strong>ANUN\u021a LANSARE PROIECT<\/strong> <strong>\u201cREABILITARE LICEU TEHNOLOGIC \u201dTOMSA VODA\u201d SOLCA (TRONSON 2), DEMOLARE ATELIER MECANIC SI CONSTRUIRE CORP NOU IN ORASUL SOLCA, JUDETUL SUCEAVA\u201d<\/strong><\/a><\/p>\n\n\n\n<p><strong>PROIECTE \u00ceN IMPLEMENTARE &#8211; FINAN\u021aATE DIN BUGETUL LOCAL AL ORA\u0218ULUI SOLCA<\/strong><\/p>\n\n\n\n<p><em>\u201d<strong>ELABORARE PLAN DE MOBILITATE URBAN\u0102 DURABIL\u0102 &#8211; ORA\u0218UL SOLCA \u201d<\/strong><\/em><\/p>\n\n\n\n<p><a href=\"http:\/\/solca.ro\/doc\/2024\/SDT\/dezbatere%2025%20iulie%20pmud.pdf\">INVITA\u021aIE DESCHISA &#8211; DEZBATERE PUBLIC\u0102 &#8211; 25 IULIE 2023<\/a><\/p>\n\n\n\n<p><a href=\"http:\/\/solca.ro\/doc\/2024\/SDT\/anunt%201%20pmud%2022%20septembrie%202023.pdf\">ANUNT PUBLIC NR. 1 DIN DATA DE 22 SEPTEMBRIE 2023 &#8211; DEPUNERE SOLICITARE PENTRU OB\u021aINERE AVIZ DE MEDIU<\/a><\/p>\n\n\n\n<p><a href=\"http:\/\/solca.ro\/doc\/2024\/SDT\/anunt%202%20pmud%2025%20sept.pdf\">ANUN\u021a PUBLIC NR. 2 DIN DATA  DE 25 SEPTEMBRIE 2023 &#8211; DEPUNERE SOLICITARE PENTRU OB\u021aINERE AVIZ DE MEDIU \u0218I DECLAN\u0218AREA ETAPEI DE \u00ceNCADRARE <\/a><\/p>\n\n\n\n<p><a href=\"http:\/\/solca.ro\/doc\/2024\/SDT\/anunt%203%20pmud%2016%20oct.pdf\">ANUN\u021a PUBLIC NR. 3 DIN DATA DE 16 OCTOMBRIE 2023 &#8211; DECIZIE COMITET APM PRIVIND AVIZUL DE MEDIU DECIZIA ETAPEI DE \u00ceNCADRARE EMIS\u0102 DE AGEN\u021aIA PENTRU PROTEC\u021aIA MEDIULUI SUCEAVA<\/a><\/p>\n\n\n\n<p><a href=\"http:\/\/solca.ro\/doc\/2024\/SDT\/dei%20pmud.pdf\">DECIZIA ETAPEI DE \u00ceNCADRARE<\/a><\/p>\n\n\n\n<p>ANUN\u021a CONSULTARE PUBLIC\u0102 &#8211; <a href=\"http:\/\/solca.ro\/doc\/2023\/PROIECTE\/pr%206477.pdf\">Proiect de hot\u0103r\u00e2re privind aprobarea Planului de Mobilitate Urban\u0103 Durabil\u0103 a ora\u0219ului Solca, jude\u021bul Suceava, \u00eenregistrat sub nr. 6477 din 27.10.2023<\/a><\/p>\n\n\n\n<p><em>\u201d<strong>ELABORARE PLAN DE REGENERARE URBAN\u0102 &#8211; ORA\u0218UL SOLCA, JUDE\u021aUL SUCEAVA\u201d<\/strong><\/em><\/p>\n\n\n\n<p><a href=\"http:\/\/solca.ro\/doc\/2024\/SDT\/anunt%201%20pru.pdf\">ANUNT PUBLIC NR. 1 DIN DATA DE 22 SEPTEMBRIE 2023 &#8211; DEPUNERE SOLICITARE PENTRU OB\u021aINERE AVIZ DE MEDIU<\/a><\/p>\n\n\n\n<p><a href=\"http:\/\/solca.ro\/doc\/2024\/SDT\/anunt%202%20pru%2025%20sept.pdf\">ANUN\u021a PUBLIC NR. 2 DIN DATA  DE 25 SEPTEMBRIE 2023 &#8211; DEPUNERE SOLICITARE PENTRU OB\u021aINERE AVIZ DE MEDIU \u0218I DECLAN\u0218AREA ETAPEI DE \u00ceNCADRARE <\/a><\/p>\n\n\n\n<p><a href=\"http:\/\/solca.ro\/doc\/2024\/SDT\/anunt%203%20pru%2016%20oct.pdf\">ANUN\u021a PUBLIC NR. 3 DIN DATA DE 16 OCTOMBRIE 2023 &#8211; DECIZIE COMITET APM PRIVIND AVIZUL DE MEDIU DECIZIA ETAPEI DE \u00ceNCADRARE EMIS\u0102 DE AGEN\u021aIA PENTRU PROTEC\u021aIA MEDIULUI SUCEAVA<\/a><\/p>\n\n\n\n<p><a href=\"http:\/\/solca.ro\/doc\/2024\/SDT\/dei%20pru.pdf\">DECIZIA ETAPEI DE \u00ceNCADRARE<\/a><\/p>\n\n\n\n<p>ANUN\u021a CONSULTARE PUBLIC\u0102 &#8211; <a href=\"http:\/\/solca.ro\/doc\/2023\/PROIECTE\/pr%206473.pdf\">Proiect de hot\u0103r\u00e2re privind aprobarea Planului de Regenerare Urban\u0103 a ora\u0219ului Solca, jude\u021bul Suceava, \u00eenregistrat sub nr. 6473 din 27.10.2023<\/a><\/p>\n\n\n\n<p><strong>\u201d<em>ELABORARE STRATEGIE DE DEZVOLTARE TERITORIAL\u0102 A ORA\u0218ULUI SOLCA, ORIZONT DE TIMP 2021 &#8211; 2027\u201d<\/em><\/strong><\/p>\n\n\n\n<p><a href=\"http:\/\/solca.ro\/doc\/2024\/SDT\/INVITATIE%20DESCHISA%2011%20OCTOMBRIE%202022.pdf\">INVITA\u021aIE DESCHIS\u0102 &#8211; DEZBATERE PUBLIC\u0102 &#8211; 11.10.2022<\/a><\/p>\n\n\n\n<p><a href=\"http:\/\/solca.ro\/doc\/2024\/SDT\/INVITATIE%20DESCHISA%2020%20SEPTEMBRIE%202023.pdf\">INVITA\u021aIE DESCHIS\u0102 &#8211; DEZBATERE PUBLIC\u0102 &#8211; 20.09.2023<\/a><\/p>\n\n\n\n<p><a href=\"http:\/\/solca.ro\/doc\/2024\/SDT\/anunt%201%20din%206%20octombrie%20obtinere%20aviz%20mediu.pdf\">ANUNT PUBLIC NR. 1 DIN DATA DE 6 OCTOMBRIE 2023 &#8211; DEPUNERE SOLICITARE PENTRU OB\u021aINERE AVIZ DE MEDIU<\/a><\/p>\n\n\n\n<p><a href=\"http:\/\/solca.ro\/doc\/2024\/SDT\/anunt%202%20mediu.pdf\">ANUN\u021a PUBLIC NR. 2 DIN DATA  DE 9 OCTOMBRIE 2023 &#8211; DEPUNERE SOLICITARE PENTRU OB\u021aINERE AVIZ DE MEDIU \u0218I DECLAN\u0218AREA ETAPEI DE \u00ceNCADRARE <\/a><\/p>\n\n\n\n<p><a href=\"http:\/\/solca.ro\/doc\/2024\/SDT\/anunt%203.pdf\">ANUN\u021a PUBLIC NR. 3 DIN DATA DE 13 NOIEMBRIE 2023 &#8211; DECIZIE COMITET APM PRIVIND AVIZUL DE MEDIU DECIZIA ETAPEI DE \u00ceNCADRARE EMIS\u0102 DE AGEN\u021aIA PENTRU PROTEC\u021aIA MEDIULUI SUCEAVA<\/a><\/p>\n\n\n\n<p><a href=\"http:\/\/solca.ro\/doc\/2024\/SDT\/DEI%20109%20din%2024.11.2023%20SDT%20ORASUL%20SOLCA%20(1).pdf\">DECIZIA ETAPEI DE \u00ceNCADRARE<\/a><\/p>\n\n\n\n<p>ANUN\u021a CONSULTARE PUBLICA &#8211; <a href=\"http:\/\/solca.ro\/doc\/2023\/PROIECTE\/pr%206518.pdf\">Proiect de hot\u0103r\u00e2re privind aprobarea Strategiei de Dezvoltare Teritorial\u0103 a ora\u0219ului Solca, jude\u021bul Suceava, \u00eenregistrat sub nr. 6518 din 31.10.2023<\/a><\/p>\n\n\n\n<p>ANUN\u021a CONSULTARE PUBLICA &#8211; <a href=\"http:\/\/solca.ro\/doc\/2023\/PROIECTE\/pr%206522.pdf\">Proiect de hot\u0103r\u00e2re privind aprobarea Procedurii de prioritizare a opera\u021biunilor &#8211; proiectelor din cadrul Strategiei de Dezvoltare Teritorial\u0103 a ora\u0219ului Solca, jude\u021bul Suceava, pentru care se inten\u021bioneaz\u0103 a fi depuse cereri de finan\u021bare pe Prioritatea 7 din PR Nord Est 2021 \u2013 2027, \u00eenregistrat sub nr. 6522 din 31.10.2023<\/a><\/p>\n\n\n\n<p>ANUN\u021a CONSULTARE PUBLICA &#8211; <a href=\"http:\/\/solca.ro\/doc\/2023\/PROIECTE\/pr%206559.pdf\">Proiect de hot\u0103r\u00e2re privind aprobarea Listei de &nbsp;opera\u021biuni prioritizate &#8211; proiecte din cadrul Strategiei de Dezvoltare Teritorial\u0103 a ora\u0219ului Solca, jude\u021bul Suceava, pentru care se inten\u021bioneaz\u0103 a fi depuse cereri de finan\u021bare pe Prioritatea 7 din PR Nord Est 2021 \u2013 2027, \u00eenregistrat sub nr. 6559 din 31.10.2023<\/a><\/p>\n\n\n\n<p><a href=\"http:\/\/solca.ro\/doc\/2024\/SDT\/INVITATIE%20TRIMISA%205%20APRILIE%202024.pdf\">INVITA\u021aIE DESCHIS\u0102 &#8211; DEZBATERE PUBLIC\u0102 &#8211; 05.04.2024 <em> <\/em><\/a><\/p>\n\n\n\n<p>ANUN\u021a &#8211; CONSULTARE PUBLIC\u0102 &#8211; <a href=\"http:\/\/solca.ro\/doc\/2024\/PROIECTE\/ANUNT%2027.05.2024%20AFISARE%20PROIECT%20APROBARE%20SDT_consultare%20publica.pdf\">Proiect de hot\u0103r\u00e2re privind<strong> <\/strong>aprobarea Strategiei de Dezvoltare Teritorial\u0103 a ora\u0219ului Solca, jude\u021bul Suceava, \u00eenregistrat sub nr. 2685 din 27.05.2024.<\/a><\/p>\n\n\n\n<p>ANUN\u021a CONSULTARE PUBLIC\u0102 &#8211; <a href=\"http:\/\/solca.ro\/doc\/2024\/PROIECTE\/ANUNT%2031.05.2024%20AFISARE%20PROIECT%20APROBARE%20PROCEDURA%20PRIORITIZARE%20PROIECTE_consultare%20publica.pdf\">Proiect de hot\u0103r\u00e2re privind aprobarea Procedurii de prioritizare a opera\u021biunilor &#8211; proiectelor din cadrul Strategiei de Dezvoltare Teritorial\u0103 a ora\u0219ului Solca, jude\u021bul Suceava, \u00eenregistrat sub nr. 2789 din 31.05.2024<\/a><\/p>\n\n\n\n<p>ANUN\u021a CONSULTARE PUBLIC\u0102 &#8211; <a href=\"http:\/\/solca.ro\/doc\/2024\/PROIECTE\/ANUNT%2031.05.2024%20AFISARE%20PROIECT%20APROBARE%20LISTA%20PROIECTE%20PRIORITIZATE_consultare%20publica.pdf\">Proiect de hot\u0103r\u00e2re privind aprobarea Listei de&nbsp; opera\u021biuni prioritizate &#8211; proiecte din cadrul Strategiei de Dezvoltare Teritorial\u0103 a ora\u0219ului Solca, jude\u021bul Suceava, pentru care se inten\u021bioneaz\u0103 a fi depuse cereri de finan\u021bare pe Priorit\u0103\u021bile P2, P3, P4, P6 \u0219i P7 din PR Nord Est 2021 \u2013 2027, \u00eenregistrat sub nr. 2793 din 31.05.2024<\/a><\/p>\n\n\n\n<p><strong><a href=\"http:\/\/solca.ro\/doc\/2024\/HOTARARI\/HCL%2025%20din%2027%20iunie%202024%20aprobare%20SDT.pdf\">HCL SOLCA nr. 25 din  27 iunie 2024 privind aprobarea Strategiei de dezvoltare Teritorial\u0103 a ora\u0219ului Solca, jude\u021bul Suceava<\/a><\/strong><\/p>\n\n\n\n<p><strong><a href=\"http:\/\/solca.ro\/doc\/2024\/SDT\/1.%20STRATEGIA%20DE%20DEZVOLTARE%20TERITORIALA%20A%20ORASULUI%20SOLCA%202021%202027.pdf\">STRATEGIA DE DEZVOLTARE TERITORIAL\u0102 A ORA\u0218ULUI SOLCA<\/a><\/strong><\/p>\n\n\n\n<p><\/p>\n\n\n\n<p><strong>PROIECTE \u00ceN IMPLEMENTARE<\/strong> &#8211;<strong> FINAN\u021aATE PRIN PLANUL NA\u021aIONAL DE REDRESARE \u0218I REZILIEN\u021a\u0102 (PNRR)<\/strong><\/p>\n\n\n\n<p><strong>\u201d<\/strong><em><strong>ELABORARE DE PLANIFICARE URBAN\u0102 \u00ceN FORMAT DIGITAL PENTRU ORA\u0218 SOLCA, JUDE\u021a SUCEAVA &#8211; PUG SOLCA\u201d &#8211; PNRR\/C10 &#8211; FONDUL LOCAL<\/strong><\/em> <strong>&#8211; <\/strong><a href=\"http:\/\/solca.ro\/doc\/2023\/pug.pdf\"><em>ANUN\u021a \u00ceNCEPERE IMPLEMENTARE PROIECT<\/em><\/a><\/p>\n\n\n\n<p><a href=\"http:\/\/solca.ro\/doc\/2024\/Anunt_Intentie.pdf\">ANUN\u021a PUBLIC nr. 1 din data de 10.01.2024<\/a> &#8211; Dezbatere public\u0103<\/p>\n\n\n\n<p><a href=\"http:\/\/solca.ro\/doc\/2024\/Anunt_2_CH%231.pdf\">ANUN\u021a PUBLIC  nr. 2 din data de 15.01.2024<\/a> &#8211; Dezbatere public\u0103<\/p>\n\n\n\n<p><a href=\"http:\/\/solca.ro\/doc\/2024\/anunt%203%20PUG.pdf\">ANUN\u021a PUBLIC nr. 3 din data de 29.01.2024<\/a> -Dezbatere public\u0103<\/p>\n\n\n\n<p><a href=\"http:\/\/solca.ro\/doc\/2024\/anunt%204%20pug.pdf\">ANUN\u021a PUBLIC nr. 4 din data de 19.02.2024<\/a> &#8211; Dezbatere public\u0103<\/p>\n\n\n\n<p><a href=\"http:\/\/solca.ro\/doc\/2024\/anunt%205.pdf\">ANUN\u021a PUBLIC nr. 5 din data de 19.02.2024<\/a> &#8211; Dezbatere public\u0103<\/p>\n\n\n\n<p><a href=\"http:\/\/solca.ro\/doc\/2024\/Anunt_6_DZ%232.pdf\">ANUN\u021a PUBLIC nr. 6 din data de 02.04.2024<\/a> &#8211; Dezbatere public\u0103<\/p>\n\n\n\n<p><a href=\"http:\/\/solca.ro\/doc\/2024\/Anunt_7_DZ%235.pdf\">ANUN\u021a PUBLIC nr. 7 din data de 04.07.2024<\/a> &#8211; Dezbatere public\u0103<\/p>\n\n\n\n<p>Link accesare la studiile de fundamentare etapa I &#8211; <a href=\"https:\/\/drive.google.com\/drive\/folders\/1NI4S0sMG14X7OshIlhD3TY_HKAdriBhx?usp=sharing\">https:\/\/drive.google.com\/drive\/folders\/1NI4S0sMG14X7OshIlhD3TY_HKAdriBhx?usp=sharing<\/a><\/p>\n\n\n\n<p><a href=\"http:\/\/solca.ro\/doc\/2024\/anunt%208.pdf\">ANUN\u021a PUBLIC nr. 8 din data de 10.01.2025<\/a> &#8211; Dezbatere public\u0103<\/p>\n\n\n\n<p>Link accesare la studiile de fundamentare etapa II &#8211; <a href=\"https:\/\/drive.google.com\/drive\/folders\/1kD9GoE5_MP4MZSHhGdMS-bP1tbUFluMp?usp=drive_link\">https:\/\/drive.google.com\/drive\/folders\/1kD9GoE5_MP4MZSHhGdMS-bP1tbUFluMp?usp=drive_link<\/a><\/p>\n\n\n\n<p><a href=\"http:\/\/solca.ro\/doc\/2025\/Anunt%209.pdf\">ANUN\u021a PUBLIC nr. 9 din data de 19.06.2025<\/a> &#8211; Dezbatere public\u0103<\/p>\n\n\n\n<p>\u201d<strong><em>REABILITARE ENERGETIC\u0102 MODERAT\u0102 A S\u0102LII DE SPORT DIN CADRUL LICEULUI TEHNOLOGIC \u201dTOM\u0218A VOD\u0102\u201d SOLCA, JUDE\u021aUL SUCEAVA\u201d &#8211;  PNRR\/C10 &#8211; FONDUL LOCAL<\/em> &#8211;<em> <\/em><\/strong><em><a href=\"http:\/\/solca.ro\/doc\/2023\/sala%20de%20sport.pdf\">ANUN\u021a \u00ceNCEPERE IMPLEMENTARE PROIECT<\/a><\/em><\/p>\n\n\n\n<p>\u201d<strong><em>DOTAREA CU SISTEM DE MONITORIZARE PENTRU SIGURAN\u021aA SPA\u021aIULUI PUBLIC \u00ceN ORA\u0218UL SOLCA, JUDE\u021aUL SUCEAVA\u201d &#8211; PNRR\/C10 &#8211; FONDUL LOCAL <\/em>&#8211;<\/strong><a href=\"http:\/\/solca.ro\/doc\/2023\/dotare.pdf\"> <em><strong>A<\/strong>NUN\u021a \u00ceNCEPERE IMPLEMENTARE PROIECT<\/em><\/a><\/p>\n\n\n\n<p>\u201d<strong><em>REABILITAREA ENERGETIC\u0102 MODERAT\u0102 A C\u0102MINULUI PENTRU PERSOANE V\u00c2RSTNICE SOLCA\u201d &#8211; PNRR\/C10 &#8211; FONDUL LOCAL<\/em> &#8211; <\/strong><a href=\"http:\/\/solca.ro\/doc\/2023\/camin.pdf\"><em>ANUN\u021a \u00ceNCEPERE IMPLEMENTARE PROIECT<\/em><\/a><\/p>\n\n\n\n<p>\u201d<strong><em>CONSTRUIRE CENTRU DE COLECTARE PRIN APORT VOLUNTAR \u00ceN ORA\u0218UL SOLCA, JUDE\u021aUL SUCEAVA\u201d &#8211; PNRR C3 I.1A<\/em><\/strong> &#8211; <em><a href=\"http:\/\/solca.ro\/doc\/2025\/proiecte\/AFIS%20CAV.pdf\">ANUN\u021a \u00ceNCEPERE IMPLEMENTARE PROIECT<\/a><\/em><\/p>\n\n\n\n<p><\/p>\n\n\n\n<p><strong>PROIECTE IMPLEMENTATE<\/strong> &#8211; <strong>FINAN\u021aATE PRIN PROGRAMUL OPERA\u021aIONAL REGIONAL (POR),  (POC)<\/strong> <strong>\u0219i PNRR<\/strong><\/p>\n\n\n\n<p><strong>\u201d<em>MODERNIZARE GR\u0102DINI\u021aA \u201dMUGURI DE BRAD\u201d SOLCA PENTRU CRE\u0218TEREA EFICIEN\u021aEI ENERGETICE \u00ceN ORA\u0218UL SOLCA, JUDE\u021aUL SUCEAVA\u201d, COD SMIS 118623 <\/em><\/strong> &#8211; <em><a href=\"http:\/\/solca.ro\/doc\/2022\/ANUNT%20GRADINITA.pdf\">ANUN\u021a FINALIZARE PROIECT<\/a><\/em><\/p>\n\n\n\n<p><strong>\u201d<\/strong><em><strong>MODERNIZARE SEDIU PRIMARIE PENTRU CRE\u0218TEREA EFICIEN\u021aEI ENERGETICE \u00ceN ORA\u0218UL SOLCA, JUDE\u021aUL SUCEAVA\u201d, COD SMIS 115406 <\/strong><\/em>&#8211;<a href=\"http:\/\/solca.ro\/doc\/2022\/ANUNT%20PRIMARIE.pdf\"> <em>ANUN\u021a FINALIZARE PROIECT<\/em><\/a><\/p>\n\n\n\n<p><strong><strong><em>\u201eACHIZI\u021aIE DE TABLETE \u0218COLARE \u0218I ALTE ECHIPAMENTE NECESARE DESF\u0102\u0218UR\u0102RII ACTIVIT\u0102\u021aII DIDACTICE ON-LINE, \u00ceN ORA\u0218UL SOLCA, JUDE\u021aUL SUCEAVA\u201d,<\/em><\/strong><\/strong> &#8211; <strong>&nbsp;<\/strong><em><a href=\"http:\/\/solca.ro\/doc\/2024\/Comunicat%20rezultate%20%20proiect_Solca%20POC.pdf\">COMUNICAT  FINALIZARE PROIECT<\/a><\/em><\/p>\n\n\n\n<p><strong><em>MODERNIZARE SI EXTINDERE SCOALA CU CLASELE 0-IV, CORPUL G DIN CADRUL LICEULUI TEHNOLOGIC \u201cTOMSA VODA\u201d DIN ORASUL SOLCA, JUDETUL SUCEAVA \u2013 cod SMIS 122847<\/em><\/strong> &#8211;  <em><strong><a href=\"http:\/\/solca.ro\/doc\/2025\/Comunicat%20finalizare%20SMIS%202014+%20122847_publicare.pdf\">ANUN\u021a FINALIZARE PROIECT<\/a><\/strong><\/em><\/p>\n\n\n\n<p><strong><em>DOTAREA CU MOBILIER, MATERIALE DIDACTICE \u0218I ECHIPAMENTE DIGITALE A UNIT\u0102\u021aILOR DE \u00ceNV\u0102\u021a\u0102M\u00c2NT PREUNIVERSITAR DIN ORASUL SOLCA, JUDETUL SU<\/em>CEAVA<\/strong> &#8211; <em><a href=\"http:\/\/solca.ro\/doc\/2025\/1.%20Macheta%20Anunt%20presa_PNRR%20C15,%20Solca%20-%20final%20proiect.pdf\">COMUNICAT FINALIZARE PROIECT<\/a><\/em><\/p>\n\n\n\n<p><strong><em>\u201dDOTAREA CU SISTEM DE MONITORIZARE PENTRU SIGURAN\u021aA SPA\u021aIULUI PUBLIC \u00ceN ORA\u0218UL SOLCA, JUDE\u021aUL SUCEAVA\u201d<\/em><\/strong> &#8211; <em><strong><a href=\"http:\/\/solca.ro\/doc\/2025\/Comunicat%20finalizare%20proiect%20Dotare%20cu%20sistem%20de%20monitorizare.pdf\">COMUNICAT FINALIZARE PROIECT<\/a><\/strong><\/em><\/p>\n\n\n\n<p><strong>PROIECTE FINAN\u021aATE DIN FONDUL DE AJUTOR EUROPEAN PENTRU CELE MAI DEFAVORIZATE PERSOANE PRIN PROGRAMUL OPERA\u021aIONAL AJUTORAREA PERSOANELOR DEZAVANTAJATE 2014 &#8211; 2020<\/strong><\/p>\n\n\n\n<p><em><strong><a href=\"http:\/\/solca.ro\/doc\/2025\/proiecte\/Proiect%20trusouri.pdf\">PROIECT \u201dACORDARE DE TRUSOURI PENTRU NOU-N\u0102SCU\u021aI\u201d &#8211; COD SMIS 156834 <\/a><\/strong><\/em><\/p>\n\n\n\n<p><strong><em><a href=\"http:\/\/solca.ro\/doc\/2025\/proiecte\/Proiect%20produse%20igiena.pdf\">PROIECT \u201dACORDAREA DE PACHETE CU PRODUSE DE IGIEN\u0102 \u00ceN CADRUL POAD 2018 &#8211; 2020\u201d &#8211; COD SMIS 125284<\/a><\/em><\/strong><\/p>\n\n\n\n<p><strong><em><a href=\"http:\/\/solca.ro\/doc\/2025\/proiecte\/Proiect%20pachete%20alimentare.pdf\">PROIECT \u201dACORDAREA DE PACHETE CU AJUTOARE ALIMENTARE \u00ceN CADRUL POAD  2018 &#8211; 2021\u201d &#8211; COD SMIS 125099<\/a><\/em><\/strong><\/p>\n","protected":false},"excerpt":{"rendered":"<p>PROIECTE \u00ceN IMPLEMENTARE &#8211; FINAN\u021aATE PRIN PR NORD-EST 2021 &#8211; 2027 ANUN\u021a LANSARE PROIECT \u201cREABILITARE LICEU TEHNOLOGIC \u201dTOMSA VODA\u201d SOLCA (TRONSON 2), DEMOLARE ATELIER MECANIC SI CONSTRUIRE CORP NOU IN ORASUL SOLCA, JUDETUL SUCEAVA\u201d&#46;&#46;&#46;<\/p>\n","protected":false},"author":1,"featured_media":0,"parent":0,"menu_order":0,"comment_status":"closed","ping_status":"closed","template":"","meta":[],"_links":{"self":[{"href":"http:\/\/solca.ro\/index.php\/wp-json\/wp\/v2\/pages\/2"}],"collection":[{"href":"http:\/\/solca.ro\/index.php\/wp-json\/wp\/v2\/pages"}],"about":[{"href":"http:\/\/solca.ro\/index.php\/wp-json\/wp\/v2\/types\/page"}],"author":[{"embeddable":true,"href":"http:\/\/solca.ro\/index.php\/wp-json\/wp\/v2\/users\/1"}],"replies":[{"embeddable":true,"href":"http:\/\/solca.ro\/index.php\/wp-json\/wp\/v2\/comments?post=2"}],"version-history":[{"count":63,"href":"http:\/\/solca.ro\/index.php\/wp-json\/wp\/v2\/pages\/2\/revisions"}],"predecessor-version":[{"id":1749,"href":"http:\/\/solca.ro\/index.php\/wp-json\/wp\/v2\/pages\/2\/revisions\/1749"}],"wp:attachment":[{"href":"http:\/\/solca.ro\/index.php\/wp-json\/wp\/v2\/media?parent=2"}],"curies":[{"name":"wp","href":"https:\/\/api.w.org\/{rel}","templated":true}]}}