{"id":179,"date":"2019-09-13T22:50:19","date_gmt":"2019-09-13T22:50:19","guid":{"rendered":"http:\/\/solca.ro\/?page_id=179"},"modified":"2026-02-25T10:19:03","modified_gmt":"2026-02-25T10:19:03","slug":"sedinte","status":"publish","type":"page","link":"http:\/\/solca.ro\/index.php\/sedinte\/","title":{"rendered":"Sedinte"},"content":{"rendered":"\n<p><a href=\"http:\/\/solca.ro\/index.php\/arhiva-2019-2021\/\">Procesele verbale \u00eencheiate cu prilejul desf\u0103\u0219ur\u0103rii \u0219edin\u021belor Consiliului local al ora\u0219ului Solca din perioada 2019 &#8211; 2021 pot fi vizualizate \u00een arhiva 2019-2021<\/a><\/p>\n\n\n\n<p><a href=\"http:\/\/solca.ro\/index.php\/sedinte-2022\/\">Procesele verbale \u00eencheiate cu prilejul desf\u0103\u0219ur\u0103rii \u0219edin\u021belor Consiliului local al ora\u0219ului Solca din anul 2022<\/a><\/p>\n\n\n\n<p><strong>Procese verbale \u00eencheiate cu prilejul desf\u0103\u0219ur\u0103rii \u0219edin\u021belor Consiliului local al ora\u0219ului Solca din anul 2023<\/strong><\/p>\n\n\n\n<p>31 ianuarie 2023 \u2013 \u0219edin\u021b\u0103 ordinar\u0103&nbsp;\u2013<a href=\"http:\/\/solca.ro\/doc\/2022\/sedinte\/31%20ianuarie%202022.pdf\"> <\/a><strong><a href=\"http:\/\/solca.ro\/doc\/2023\/SEDINTE%20CONSILIU\/31%20IANUARIE%202023.pdf\">Proces verbal \u00eencheiat cu prilejul desf\u0103\u0219ur\u0103rii \u0219edin\u021bei ordinare a Consiliului Local al ora\u0219ului Solca din data de 31 ianuarie 2023<\/a><\/strong><\/p>\n\n\n\n<p>22 februarie 2023 &#8211; \u0219edin\u021b\u0103 extraordinar\u0103 de \u00eendat\u0103 &#8211;<a href=\"http:\/\/solca.ro\/doc\/2023\/SEDINTE%20CONSILIU\/22%20februarie.pdf\"><strong> Proces verbal \u00eencheiat cu prilejul desf\u0103\u0219ur\u0103rii \u0219edin\u021bei extraordinare &#8211; de \u00eendat\u0103 a Consiliului Local al ora\u0219ului Solca din data de 22 februarie 2023<\/strong><\/a><\/p>\n\n\n\n<p>28 februarie 2023 &#8211; \u0219edin\u021b\u0103 ordinar\u0103 &#8211; <a href=\"http:\/\/solca.ro\/doc\/2023\/SEDINTE%20CONSILIU\/28%20februarie.pdf\"><strong>Proces verbal \u00eencheiat cu prilejul desf\u0103\u0219ur\u0103rii \u0219edin\u021bei ordinare a Consiliului Local al ora\u0219ului Solca din data de 28 februarie 2023<\/strong><\/a><\/p>\n\n\n\n<p>30 martie 2023 &#8211; \u0219edin\u021b\u0103 ordinar\u0103 &#8211; <a href=\"http:\/\/solca.ro\/doc\/2023\/SEDINTE%20CONSILIU\/30%20martie.pdf\"><strong>Proces verbal \u00eencheiat cu prilejul desf\u0103\u0219ur\u0103rii \u0219edin\u021bei ordinare a Consiliului Local al ora\u0219ului Solca din data de 30 martie 2023<\/strong><\/a><\/p>\n\n\n\n<p>27 aprilie 2023 &#8211; \u0219edin\u021b\u0103 ordinar\u0103 &#8211; <a href=\"http:\/\/solca.ro\/doc\/2023\/SEDINTE%20CONSILIU\/27%20aprilie.pdf\"><strong>Proces verbal \u00eencheiat cu prilejul desf\u0103\u0219ur\u0103rii \u0219edin\u021bei ordinare a Consiliului Local al ora\u0219ului Solca din data de 27 aprilie 2023<\/strong><\/a><\/p>\n\n\n\n<p>5 mai 2023 &#8211; \u0219edin\u021b\u0103 extraordinar\u0103 &#8211; de \u00eendat\u0103 &#8211; <a href=\"http:\/\/solca.ro\/doc\/2023\/SEDINTE%20CONSILIU\/5%20mai.pdf\"><strong>Proces verbal \u00eencheiat cu prilejul desf\u0103\u0219ur\u0103rii \u0219edin\u021bei extraordinare &#8211; de \u00eendat\u0103 a Consiliului Local al ora\u0219ului Solca din data de 27 aprilie 2023<\/strong><\/a><\/p>\n\n\n\n<p>30 mai 2023 &#8211; \u0219edin\u021b\u0103 ordinar\u0103 &#8211; <a href=\"http:\/\/solca.ro\/doc\/2023\/SEDINTE%20CONSILIU\/30%20mai.pdf\"><strong>Proces verbal \u00eencheiat cu prilejul desf\u0103\u0219ur\u0103rii \u0219edin\u021bei ordinare a Consiliului Local al ora\u0219ului Solca din data de 30 mai 2023<\/strong><\/a><\/p>\n\n\n\n<p>19 iunie 2023 &#8211; \u0219edin\u021b\u0103 extraordinar\u0103 &#8211;<strong> <a href=\"http:\/\/solca.ro\/doc\/2023\/SEDINTE%20CONSILIU\/19%20iunie.pdf\">Proces verbal \u00eencheiat cu prilejul desf\u0103\u0219ur\u0103rii \u0219edin\u021bei extraordinare a Consiliului Local al ora\u0219ului Solca din data de 19 iunie 2023<\/a><\/strong><\/p>\n\n\n\n<p>29 iunie 2023 &#8211; \u0219edin\u021b\u0103 ordinar\u0103 &#8211; <a href=\"http:\/\/solca.ro\/doc\/2023\/SEDINTE%20CONSILIU\/29%20iunie.pdf\"><strong>Proces verbal \u00eencheiat cu prilejul desf\u0103\u0219ur\u0103rii \u0219edin\u021bei ordinare a Consiliului Local al ora\u0219ului Solca din data de 29 iunie 2023<\/strong><\/a><\/p>\n\n\n\n<p>25 iulie 2023 &#8211; \u0219edin\u021b\u0103 ordinar\u0103 &#8211; <a href=\"http:\/\/solca.ro\/doc\/2023\/SEDINTE%20CONSILIU\/25%20iulie.pdf\"><strong>Proces verbal \u00eencheiat cu prilejul desf\u0103\u0219ur\u0103rii \u0219edin\u021bei ordinare a Consiliului Local al ora\u0219ului Solca din data de 25 iulie 2023<\/strong><\/a><\/p>\n\n\n\n<p>7 august 2023 &#8211; \u0219edin\u021b\u0103 extraordinar\u0103 &#8211; de \u00eendat\u0103 &#8211; <a href=\"http:\/\/solca.ro\/doc\/2023\/SEDINTE%20CONSILIU\/7%20august.pdf\"><strong>Proces verbal \u00eencheiat cu prilejul desf\u0103\u0219ur\u0103rii \u0219edin\u021bei extraordinare &#8211; de \u00eendat\u0103 a Consiliului Local al ora\u0219ului Solca din data de 7 august 2023<\/strong><\/a><\/p>\n\n\n\n<p>28 august 2023 &#8211; \u0219edin\u021b\u0103 ordinar\u0103 &#8211; <a href=\"http:\/\/solca.ro\/doc\/2023\/SEDINTE%20CONSILIU\/28%20august.pdf\"><strong>Proces verbal \u00eencheiat cu prilejul desf\u0103\u0219ur\u0103rii \u0219edin\u021bei ordinare a Consiliului Local al ora\u0219ului Solca din data de 28 august 2023<\/strong><\/a><\/p>\n\n\n\n<p>15 septembrie 2023 &#8211; \u0219edin\u021b\u0103 extraordinar\u0103 &#8211; de \u00eendat\u0103 &#8211; <a href=\"http:\/\/solca.ro\/doc\/2023\/SEDINTE%20CONSILIU\/15%20septembrie.pdf\"><strong>Proces verbal \u00eencheiat cu prilejul desf\u0103\u0219ur\u0103rii \u0219edin\u021bei extraordinare &#8211; de \u00eendat\u0103 a Consiliului Local al ora\u0219ului Solca din data de 15 septembrie 2023<\/strong><\/a><\/p>\n\n\n\n<p>28 septembrie 2023 &#8211; \u0219edin\u021b\u0103 ordinar\u0103 &#8211; <a href=\"http:\/\/solca.ro\/doc\/2023\/SEDINTE%20CONSILIU\/28%20septembrie.pdf\"><strong>Proces verbal \u00eencheiat cu prilejul desf\u0103\u0219ur\u0103rii \u0219edin\u021bei ordinare a Consiliului Local al ora\u0219ului Solca din data de 28 septembrie 2023<\/strong><\/a><\/p>\n\n\n\n<p>31 octombrie 2023 &#8211; \u0219edin\u021b\u0103 ordinar\u0103 &#8211; <a href=\"http:\/\/solca.ro\/doc\/2023\/SEDINTE%20CONSILIU\/31%20octombrie%202023.pdf\">Proces verbal \u00eencheiat cu prilejul desf\u0103\u0219ur\u0103rii \u0219edin\u021bei ordinare a Consiliului local al ora\u0219ului Solca din data de 31 octombrie 2023<\/a><\/p>\n\n\n\n<p>16 noiembrie 2023 &#8211; \u0219edin\u021b\u0103 extraordinar\u0103 &#8211; de \u00eendat\u0103 &#8211; <a href=\"http:\/\/solca.ro\/doc\/2023\/SEDINTE%20CONSILIU\/16%20noiembrie%202023.pdf\">Proces verbal \u00eencheiat cu prilejul desf\u0103\u0219ur\u0103rii \u0219edin\u021bei extraordinare &#8211; de \u00eendat\u0103 a Consiliului local al ora\u0219ului Solca din data de 16 noiembrie 2023<\/a><\/p>\n\n\n\n<p>23 noiembrie 2023 &#8211; \u0219edin\u021b\u0103 extraordinar\u0103 &#8211; de \u00eendat\u0103 &#8211; <a href=\"http:\/\/solca.ro\/doc\/2023\/SEDINTE%20CONSILIU\/23%20noiembrie%202023.pdf\">Proces verbal \u00eencheiat cu prilejul desf\u0103\u0219ur\u0103rii \u0219edin\u021bei extraordinare &#8211; de \u00eendat\u0103 a Consiliului local al ora\u0219ului Solca din data de 23 noiembrie 2023<\/a><\/p>\n\n\n\n<p>29 noiembrie 2023 &#8211; \u0219edin\u021b\u0103 ordinar\u0103 &#8211; <a href=\"http:\/\/solca.ro\/doc\/2023\/SEDINTE%20CONSILIU\/29%20noiembrie%202023.pdf\">Proces verbal \u00eencheiat cu prilejul desf\u0103\u0219ur\u0103rii \u0219edin\u021bei ordinare a Consiliului local al ora\u0219ului Solca din data de 29 noiembrie 2023<\/a><\/p>\n\n\n\n<p>12 decembrie 2023 &#8211; \u0219edin\u021b\u0103 extraordinar\u0103 &#8211; <a href=\"http:\/\/solca.ro\/doc\/2023\/SEDINTE%20CONSILIU\/12%20decembrie%202023.pdf\">Proces verbal \u00eencheiat cu prilejul desf\u0103\u0219ur\u0103rii \u0219edin\u021bei extraordinare a Consiliului local al ora\u0219ului Solca din data de 12 decembrie 2023<\/a><\/p>\n\n\n\n<p>27 decembrie 2023 &#8211; \u0219edin\u021b\u0103 ordinar\u0103 &#8211; <a href=\"http:\/\/solca.ro\/doc\/2023\/SEDINTE%20CONSILIU\/27%20decembrie%202023.pdf\">Proces verbal \u00eencheiat cu prilejul desf\u0103\u0219ur\u0103rii \u0219edin\u021bei ordinare a Consiliului local al ora\u0219ului Solca din data de 27 decembrie 2023<\/a><\/p>\n\n\n\n<p><strong>Procese verbale \u00eencheiate cu prilejul desf\u0103\u0219ur\u0103rii \u0219edin\u021belor Consiliului local al ora\u0219ului Solca din anul 202<\/strong>4<\/p>\n\n\n\n<p>31 ianuarie 2024 &#8211; \u0219edin\u021b\u0103 ordinar\u0103 &#8211; <a href=\"http:\/\/solca.ro\/doc\/2024\/SEDINTE\/31%20ianuarie.pdf\">Proces verbal \u00eencheiat cu prilejul desf\u0103\u0219ur\u0103rii \u0219edin\u021bei ordinare a Consiliului local al ora\u0219ului Solca din data de 31 ianuarie 2024<\/a><\/p>\n\n\n\n<p>9 februarie 2024 &#8211; \u0219edin\u021b\u0103 extraordinar\u0103 &#8211; <a href=\"http:\/\/solca.ro\/doc\/2024\/SEDINTE\/9%20februarie.pdf\">Proces verbal \u00eencheiat cu prilejul desf\u0103\u0219ur\u0103rii \u0219edin\u021bei extraordinare a Consiliului local al ora\u0219ului Solca din data de 9 februarie 2024<\/a><\/p>\n\n\n\n<p>29 februarie 2024 &#8211; \u0219edin\u021b\u0103 ordinar\u0103 &#8211; <a href=\"http:\/\/solca.ro\/doc\/2024\/SEDINTE\/29%20februarie.pdf\">Proces verbal \u00eencheiat cu prilejul desf\u0103\u0219ur\u0103rii \u0219edin\u021bei ordinare a Consiliului local al ora\u0219ului Solca din data de 29 februarie 2024<\/a><\/p>\n\n\n\n<p>25 martie 2024 &#8211; \u0219edin\u021b\u0103 extraordinar\u0103 de \u00eendat\u0103 &#8211; <a href=\"http:\/\/solca.ro\/doc\/2024\/SEDINTE\/25%20martie.pdf\">Proces verbal \u00eencheiat cu prilejul desf\u0103\u0219ur\u0103rii \u0219edin\u021bei extraordinare &#8211; de \u00eendat\u0103 a Consiliului local al ora\u0219ului Solca din data de 25 martie 2024<\/a><\/p>\n\n\n\n<p>29 martie 2024 &#8211; \u0219edin\u021b\u0103 ordinar\u0103 &#8211; <a href=\"http:\/\/solca.ro\/doc\/2024\/SEDINTE\/29%20martie.pdf\">Proces verbal \u00eencheiat cu prilejul desf\u0103\u0219ur\u0103rii \u0219edin\u021bei ordinare a Consiliului local al ora\u0219ului Solca din data de 29 martie 2024<\/a><\/p>\n\n\n\n<p>30 aprilie 2024 &#8211; \u0219edin\u021b\u0103 ordinar\u0103 &#8211; <a href=\"http:\/\/solca.ro\/doc\/2024\/SEDINTE\/30%20aprilie.pdf\">Proces verbal \u00eencheiat cu prilejul desf\u0103\u0219ur\u0103rii \u0219edin\u021bei ordinare a Consiliului local al ora\u0219ului Solca din data de 30 aprilie 2024<\/a><\/p>\n\n\n\n<p>30 mai 2024 &#8211; \u0219edin\u021b\u0103 ordinar\u0103 &#8211; <a href=\"http:\/\/solca.ro\/doc\/2024\/SEDINTE\/30%20mai.pdf\">Proces verbal \u00eencheiat cu prilejul desf\u0103\u0219ur\u0103rii \u0219edin\u021bei ordinare a Consiliului local al ora\u0219ului Solca din data de 30 mai 2024<\/a><\/p>\n\n\n\n<p>27 iunie 2024 &#8211; \u0219edin\u021b\u0103 ordinar\u0103 &#8211; <a href=\"http:\/\/solca.ro\/doc\/2024\/SEDINTE\/27%20iunie.pdf\">Proces verbal \u00eencheiat cu prilejul desf\u0103\u0219ur\u0103rii \u0219edin\u021bei ordinare a Consiliului local al ora\u0219ului Solca din data de 27 iunie 2024<\/a><\/p>\n\n\n\n<p>29 iulie 2024 &#8211; \u0219edin\u021b\u0103 ordinar\u0103 &#8211; <a href=\"http:\/\/solca.ro\/doc\/2024\/SEDINTE\/29%20iulie%202024.pdf\">Proces verbal \u00eencheiat cu prilejul desf\u0103\u0219ur\u0103rii \u0219edin\u021bei ordinare a Consiliului local al ora\u0219ului Solca din data de 29 iulie 2024<\/a><\/p>\n\n\n\n<p>30 august 2024 &#8211; \u0219edin\u021b\u0103 ordinar\u0103 &#8211; <a href=\"http:\/\/solca.ro\/doc\/2024\/SEDINTE\/30%20august%202024.pdf\">Proces verbal \u00eencheiat cu prilejul desf\u0103\u0219ur\u0103rii \u0219edin\u021bei ordinare a Consiliului local al ora\u0219ului Solca din data de 30 august 2024<\/a><\/p>\n\n\n\n<p>16 septembrie 2024 &#8211; \u0219edin\u021b\u0103 extraordinar\u0103 &#8211;<a href=\"http:\/\/solca.ro\/doc\/2024\/SEDINTE\/16%20septembrie%202024.pdf\"> Proces verbal \u00eencheiat cu prilejul desf\u0103\u0219ur\u0103rii \u0219edin\u021bei extraordinare a Consiliului local al ora\u0219ului Solca din data de 16 septembrie 2024<\/a><\/p>\n\n\n\n<p> 3<span style=\"font-size: revert; color: initial;\">0 septembrie 2024 &#8211; \u0219edin\u021b\u0103 ordinar\u0103 &#8211; <a href=\"http:\/\/solca.ro\/doc\/2024\/SEDINTE\/30%20septembrie%202024.pdf\">Proces verbal \u00eencheiat cu prilejul desf\u0103\u0219ur\u0103rii \u0219edin\u021bei ordinare a Consiliului local al ora\u0219ului Solca din data de 30 septembrie 2024<\/a><\/span> <\/p>\n\n\n\n<p>9 octombrie 2024 &#8211; \u0219edin\u021b\u0103 extraordinar\u0103 de \u00eendat\u0103  &#8211; <a href=\"http:\/\/solca.ro\/doc\/2024\/SEDINTE\/9%20oct%202024.pdf\">Proces verbal \u00eencheiat cu prilejul desf\u0103\u0219ur\u0103rii \u0219edin\u021bei extraordinare de \u00eendat\u0103 a Consiliului local al ora\u0219ului Solca din data de 9 octombrie 2024<\/a><\/p>\n\n\n\n<p>16 octombrie 2024 &#8211; \u0219edin\u021b\u0103 extraordinar\u0103 de \u00eendat\u0103 &#8211; <a href=\"http:\/\/solca.ro\/doc\/2024\/SEDINTE\/16%20oct%202024.pdf\">Proces verbal \u00eencheiat cu prilejul desf\u0103\u0219ur\u0103rii \u0219edin\u021bei extraordinare de \u00eendat\u0103 a Consiliului local al ora\u0219ului Solca din data de 16 octombrie 2024 <\/a>  <\/p>\n\n\n\n<p>26 octombrie 2024 &#8211; \u0219edin\u021ba privind ceremonia de constituire a Consiliului Local al ora\u0219ului Solca &#8211; <a href=\"http:\/\/solca.ro\/doc\/2024\/SEDINTE\/26%20octombrie.pdf\">Proces verbal al \u0219edin\u021bei<\/a> <\/p>\n\n\n\n<p>7 noiembrie 2024, ora 12,00 &#8211; \u0219edin\u021b\u0103 extraordinar\u0103 de \u00eendat\u0103  &#8211; <a href=\"http:\/\/solca.ro\/doc\/2024\/SEDINTE\/7%20nov%20ora%2012.pdf\">Proces verbal \u00eencheiat cu prilejul desf\u0103\u0219ur\u0103rii \u0219edin\u021bei extraordinare de \u00eendat\u0103 a Consiliului local al ora\u0219ului Solca din data de 7 noiembrie 2024, ora 12,00<\/a><\/p>\n\n\n\n<p>7 noiembrie 2024, ora 15,00 &#8211; \u0219edin\u021b\u0103 extraordinar\u0103 de \u00eendat\u0103  &#8211; <a href=\"http:\/\/solca.ro\/doc\/2024\/SEDINTE\/7%20nov%20ora%2015.pdf\">Proces verbal \u00eencheiat cu prilejul desf\u0103\u0219ur\u0103rii \u0219edin\u021bei extraordinare de \u00eendat\u0103 a Consiliului local al ora\u0219ului Solca din data de 7 noiembrie 2024, ora 15,00<\/a><\/p>\n\n\n\n<p>15 noiembrie 2024 &#8211; \u0219edin\u021b\u0103 extraordinar\u0103 de \u00eendat\u0103  &#8211; <a href=\"http:\/\/solca.ro\/doc\/2024\/SEDINTE\/15%20nov%202024.pdf\">Proces verbal \u00eencheiat cu prilejul desf\u0103\u0219ur\u0103rii \u0219edin\u021bei extraordinare de \u00eendat\u0103 a Consiliului local al ora\u0219ului Solca din data de 15 noiembrie 2024<\/a><\/p>\n\n\n\n<p>27 noiembrie 2024 &#8211; \u0219edin\u021b\u0103 ordinar\u0103 &#8211; <a href=\"http:\/\/solca.ro\/doc\/2024\/SEDINTE\/27%20noiembrie%202024.pdf\">Proces verbal \u00eencheiat cu prilejul desf\u0103\u0219ur\u0103rii \u0219edin\u021bei ordinare a Consiliului local al ora\u0219ului Solca din data de 27 noiembrie 2024<\/a><\/p>\n\n\n\n<p>17 decembrie 2024 &#8211; \u0219edin\u021b\u0103 extraordinar\u0103 de \u00eendat\u0103  &#8211; <a href=\"http:\/\/solca.ro\/doc\/2024\/SEDINTE\/17%20decembrie%202024.pdf\">Proces verbal \u00eencheiat cu prilejul desf\u0103\u0219ur\u0103rii \u0219edin\u021bei extraordinare de \u00eendat\u0103 a Consiliului local al ora\u0219ului Solca din data de 17 decembrie 2024<\/a><\/p>\n\n\n\n<p>23 decembrie 2024 &#8211; \u0219edin\u021b\u0103 ordinar\u0103 &#8211; <a href=\"http:\/\/solca.ro\/doc\/2024\/SEDINTE\/23%20decembrie%202024.pdf\">Proces verbal \u00eencheiat cu prilejul desf\u0103\u0219ur\u0103rii \u0219edin\u021bei ordinare a Consiliului local al ora\u0219ului Solca din data de 23 decembrie 2024<\/a><\/p>\n\n\n\n<p><strong>Procese verbale \u00eencheiate cu prilejul desf\u0103\u0219ur\u0103rii \u0219edin\u021belor Consiliului local al ora\u0219ului Solca din anul 2025<\/strong><\/p>\n\n\n\n<p>14 ianuarie 2025 &#8211; \u0219edin\u021b\u0103 extraordinar\u0103 &#8211; <a href=\"http:\/\/solca.ro\/doc\/2025\/sedinte\/14%20ianuarie%202025.pdf\">Proces verbal \u00eencheiat cu prilejul desf\u0103\u0219ur\u0103rii \u0219edin\u021bei extraordinare a Consiliului local din data de 14 ianuarie 202<\/a>5<\/p>\n\n\n\n<p>23 ianuarie 2025 &#8211; \u0219edin\u021b\u0103 extraordinar\u0103 de \u00eendat\u0103 &#8211; <a href=\"http:\/\/solca.ro\/doc\/2025\/sedinte\/23%20ianuarie%202025.pdf\">Proces verbal \u00eencheiat cu prilejul desf\u0103\u0219ur\u0103rii \u0219edin\u021bei extraordinare de \u00eendat\u0103 a Consiliului local din data de 23 ianuarie 2025<\/a><\/p>\n\n\n\n<p>30 ianuarie 2025 &#8211; \u0219edin\u021b\u0103 ordinar\u0103 &#8211; <a href=\"http:\/\/solca.ro\/doc\/2025\/sedinte\/30%20ianuarie%202025.pdf\">Proces verbal \u00eencheiat cu prilejul desf\u0103\u0219ur\u0103rii \u0219edin\u021bei ordinare a Consiliului local din data de 30 ianuarie 2025<\/a><\/p>\n\n\n\n<p>20 februarie 2025 &#8211; \u0219edin\u021b\u0103 extraordinar\u0103 &#8211; <a href=\"http:\/\/solca.ro\/doc\/2025\/sedinte\/20%20februarie%202025.pdf\">Proces verbal \u00eencheiat cu prilejul desf\u0103\u0219ur\u0103rii \u0219edin\u021bei extraordinare a Consiliului local din data de 20 februarie 2025<\/a><\/p>\n\n\n\n<p>27 februare 2025 &#8211; \u0219edin\u021b\u0103 ordinar\u0103 &#8211; <a href=\"http:\/\/solca.ro\/doc\/2025\/sedinte\/27%20februarie%202025.pdf\">Proces verbal \u00eencheiat cu prilejul desf\u0103\u0219ur\u0103rii \u0219edin\u021bei ordinare a Consiliului local din data de 27 februarie 2025<\/a><\/p>\n\n\n\n<p>27 martie 2025 &#8211; \u0219edin\u021b\u0103 ordinar\u0103 &#8211; <a href=\"http:\/\/solca.ro\/doc\/2025\/sedinte\/27%20martie%202025.pdf\">Proces verbal \u00eencheiat cu prilejul desf\u0103\u0219ur\u0103rii \u0219edin\u021bei ordinare a Consiliului local din data de 27 martie 2025<\/a><\/p>\n\n\n\n<p>30 aprilie 2025 &#8211; \u0219edin\u021b\u0103 ordinar\u0103 &#8211; <a href=\"http:\/\/solca.ro\/doc\/2025\/sedinte\/30%20aprilie%202025.pdf\">Proces verbal \u00eencheiat cu prilejul desf\u0103\u0219ur\u0103rii \u0219edin\u021bei ordinare a Consiliului local din data de 30 aprilie 2025<\/a><\/p>\n\n\n\n<p>28 mai 2025 &#8211; \u0219edin\u021b\u0103 ordinar\u0103 &#8211; <a href=\"http:\/\/solca.ro\/doc\/2025\/sedinte\/28%20mai%202025.pdf\">Proces verbal \u00eencheiat cu prilejul desf\u0103\u0219ur\u0103rii \u0219edin\u021bei ordinare a Consiliului local din data de 28 mai 2025<\/a><\/p>\n\n\n\n<p>26 iunie 2025 &#8211; \u0219edin\u021b\u0103 ordinar\u0103 &#8211;<a href=\"http:\/\/solca.ro\/doc\/2025\/sedinte\/26%20iunie%202025.pdf\"> Proces verbal \u00eencheiat cu prilejul desf\u0103\u0219ur\u0103rii \u0219edin\u021bei ordinare a Consiliului local din data de 26 iunie 2025<\/a><\/p>\n\n\n\n<p>24 iulie 2025 &#8211; \u0219edin\u021b\u0103 ordinar\u0103 &#8211; <a href=\"http:\/\/solca.ro\/doc\/2025\/sedinte\/24%20iulie%202025.pdf\">Proces verbal \u00eencheiat cu prilejul desf\u0103\u0219ur\u0103rii \u0219edin\u021bei ordinare a Consiliului local din data de 24 iulie 2025<\/a><\/p>\n\n\n\n<p>28 august 2025 &#8211; \u0219edin\u021b\u0103 ordinar\u0103 &#8211; <a href=\"http:\/\/solca.ro\/doc\/2025\/sedinte\/28%20august%202025.pdf\">Proces verbal \u00eencheiat cu prilejul desf\u0103\u0219ur\u0103rii \u0219edin\u021bei ordinare a Consiliului local din data de 28 august 202<\/a>5<\/p>\n\n\n\n<p>30 septembrie 2025 &#8211; \u0219edin\u021b\u0103 ordinar\u0103 &#8211; <a href=\"http:\/\/solca.ro\/doc\/2025\/sedinte\/30%20septembrie%202025.pdf\">Proces verbal \u00eencheiat cu prilejul desf\u0103\u0219ur\u0103rii \u0219edin\u021bei ordinare a Consiliului local din data de 30 septembrie  202<\/a>5<\/p>\n\n\n\n<p>27 octombrie 2025 &#8211; \u0219edin\u021b\u0103 ordinar\u0103 &#8211; <a href=\"http:\/\/solca.ro\/doc\/2025\/sedinte\/27%20octombrie.pdf\">Proces verbal \u00eencheiat cu prilejul desf\u0103\u0219ur\u0103rii \u0219edin\u021bei ordinare a Consiliului local din data de 27 octombrie 2025<\/a><\/p>\n\n\n\n<p>27 noiembrie 2025 &#8211; \u0219edin\u021b\u0103 ordinar\u0103 &#8211; <a href=\"http:\/\/solca.ro\/doc\/2025\/sedinte\/27%20noiembrie%202025.pdf\">Proces verbal \u00eencheiat cu prilejul desf\u0103\u0219ur\u0103rii \u0219edin\u021bei ordinare a Consiliului local din data de 27 noiembrie 2025<\/a><\/p>\n\n\n\n<p>10 decembrie 2025 &#8211; \u0219edin\u021b\u0103 extraordinar\u0103 &#8211; <a href=\"http:\/\/solca.ro\/doc\/2025\/sedinte\/10%20decembrie%202025.pdf\">Proces verbal \u00eencheiat cu prilejul desf\u0103\u0219ur\u0103rii \u0219edin\u021bei extraordinare a Consiliului local din data de 10 decembrie 2025<\/a><\/p>\n\n\n\n<p>30 decembrie 2025 &#8211; \u0219edin\u021b\u0103 ordinar\u0103 &#8211; <a href=\"http:\/\/solca.ro\/doc\/2025\/sedinte\/30%20decembrie%202025.pdf\">Proces verbal \u00eencheiat cu prilejul desf\u0103\u0219ur\u0103rii \u0219edin\u021bei ordinare a Consiliului local din data de 30 decembrie 2025<\/a><\/p>\n\n\n\n<p><strong>Procese verbale \u00eencheiate cu prilejul desf\u0103\u0219ur\u0103rii \u0219edin\u021belor Consiliului local al ora\u0219ului Solca din anul 2026<\/strong><\/p>\n\n\n\n<p>13 ianuarie 2026 &#8211; \u0219edin\u021b\u0103 extraordinar\u0103 &#8211; <a href=\"http:\/\/solca.ro\/doc\/2026\/Sedinte\/13%20ianuarie%202026.pdf\">Proces verbal \u00eencheiat cu prilejul desf\u0103\u0219ur\u0103rii \u0219edin\u021bei extraordinare a Consiliului Local din data de 13 ianuarie 2026<\/a><\/p>\n\n\n\n<p>29 ianuarie 2026 &#8211; \u0219edin\u021b\u0103 ordinar\u0103 &#8211; <a href=\"http:\/\/solca.ro\/doc\/2026\/Sedinte\/29%20ianuarie%202026.pdf\">Proces verbal \u00eencheiat cu prilejul desf\u0103\u0219ur\u0103rii \u0219edin\u021bei ordinare a Consiliului Local din data de 29 ianuarie 2026<\/a><\/p>\n\n\n\n<p><\/p>\n","protected":false},"excerpt":{"rendered":"<p>Procesele verbale \u00eencheiate cu prilejul desf\u0103\u0219ur\u0103rii \u0219edin\u021belor Consiliului local al ora\u0219ului Solca din perioada 2019 &#8211; 2021 pot fi vizualizate \u00een arhiva 2019-2021 Procesele verbale \u00eencheiate cu prilejul desf\u0103\u0219ur\u0103rii \u0219edin\u021belor Consiliului local al ora\u0219ului&#46;&#46;&#46;<\/p>\n","protected":false},"author":1,"featured_media":0,"parent":0,"menu_order":0,"comment_status":"closed","ping_status":"closed","template":"","meta":[],"_links":{"self":[{"href":"http:\/\/solca.ro\/index.php\/wp-json\/wp\/v2\/pages\/179"}],"collection":[{"href":"http:\/\/solca.ro\/index.php\/wp-json\/wp\/v2\/pages"}],"about":[{"href":"http:\/\/solca.ro\/index.php\/wp-json\/wp\/v2\/types\/page"}],"author":[{"embeddable":true,"href":"http:\/\/solca.ro\/index.php\/wp-json\/wp\/v2\/users\/1"}],"replies":[{"embeddable":true,"href":"http:\/\/solca.ro\/index.php\/wp-json\/wp\/v2\/comments?post=179"}],"version-history":[{"count":72,"href":"http:\/\/solca.ro\/index.php\/wp-json\/wp\/v2\/pages\/179\/revisions"}],"predecessor-version":[{"id":1824,"href":"http:\/\/solca.ro\/index.php\/wp-json\/wp\/v2\/pages\/179\/revisions\/1824"}],"wp:attachment":[{"href":"http:\/\/solca.ro\/index.php\/wp-json\/wp\/v2\/media?parent=179"}],"curies":[{"name":"wp","href":"https:\/\/api.w.org\/{rel}","templated":true}]}}