{"id":173,"date":"2019-09-13T22:40:49","date_gmt":"2019-09-13T22:40:49","guid":{"rendered":"http:\/\/solca.ro\/?page_id=173"},"modified":"2025-05-04T18:38:28","modified_gmt":"2025-05-04T18:38:28","slug":"consiliul-local","status":"publish","type":"page","link":"http:\/\/solca.ro\/index.php\/consiliul-local\/","title":{"rendered":"CONSILIUL LOCAL AL ORA\u015eULUI SOLCA"},"content":{"rendered":"\n<p><strong>Componen\u0163a Consiliului local al ora\u015fului Solca \u015fi apartenen\u0163a politic\u0103<\/strong><\/p>\n\n\n\n<p>1. Alexandru-Liviu CIUC &#8211; Partidul Social Democrat. &#8211; <a href=\"http:\/\/solca.ro\/doc\/2025\/Informatii%20de%20interes%20public\/Raport%20Ciuc.pdf\">Raport privind activitatea desf\u0103\u0219urat\u0103 \u00een anul 2024<\/a><\/p>\n\n\n\n<p>2. Doina COVALIU &#8211; Partidul Social Democrat.\u00a0&#8211; <a href=\"http:\/\/solca.ro\/doc\/2025\/Informatii%20de%20interes%20public\/Raport%20Covaliu.pdf\">Raport privind activitatea desf\u0103\u0219urat\u0103 \u00een anul 2024<\/a><\/p>\n\n\n\n<p>3. Mariana CRE\u021aU &#8211; Partidul Social Democrat.\u00a0 &#8211; <a href=\"http:\/\/solca.ro\/doc\/2025\/Informatii%20de%20interes%20public\/Raport%20Cretu.pdf\">Raport privind activitatea desf\u0103\u0219urat\u0103 \u00een anul 2024<\/a><\/p>\n\n\n\n<p>4. Bogdan-Mihai DRAPATOF &#8211; Partidul Social Democrat. &#8211; <a href=\"http:\/\/solca.ro\/doc\/2025\/Informatii%20de%20interes%20public\/Raport%20Drapatof.pdf\">Raport privind activitatea desf\u0103\u0219urat\u0103 \u00een anul 2024<\/a><\/p>\n\n\n\n<p>5. Ioan FILIMON &#8211; Partidul Social Democrat. &#8211; <a href=\"http:\/\/solca.ro\/doc\/2025\/Informatii%20de%20interes%20public\/Raport%20Filimon%20Ioan.pdf\">Raport privind activitatea desf\u0103\u0219urat\u0103 \u00een anul 2024<\/a><\/p>\n\n\n\n<p>6. Maria-Magdalena Monica FILIMON \u2013 Partidul Na\u021bional Liberal.\u00a0&#8211; <a href=\"http:\/\/solca.ro\/doc\/2025\/Informatii%20de%20interes%20public\/Raport%20Filimon%20Monica.pdf\">Raport privind activitatea desf\u0103\u0219urat\u0103 \u00een anul 2024<\/a><\/p>\n\n\n\n<p>7. Gheorghe GHINGHILOSCHI\u00a0 &#8211; Partidul Social Democrat. &#8211; <a href=\"http:\/\/solca.ro\/doc\/2025\/Informatii%20de%20interes%20public\/Raport%20Ghinghiloschi.pdf\">Raport privind activitatea desf\u0103\u0219urat\u0103 \u00een anul 2024<\/a><\/p>\n\n\n\n<p>8. Alexandru MAXIMIUC &#8211; Partidul Na\u021bional Liberal.\u00a0&#8211; <a href=\"http:\/\/solca.ro\/doc\/2025\/Informatii%20de%20interes%20public\/Raport%20Maximiuc.pdf\">Raport privind activitatea desf\u0103\u0219urat\u0103 \u00een anul 2024<\/a><\/p>\n\n\n\n<p>9. Daniel-Florin ROMANIUC &#8211; Partidul Social Democrat. &#8211; <a href=\"http:\/\/solca.ro\/doc\/2025\/Informatii%20de%20interes%20public\/Raport%20Romaniuc.pdf\">Raport privind activitatea desf\u0103\u0219urat\u0103 \u00een anul 2024<\/a><\/p>\n\n\n\n<p>10. Ionela Liliana RUSU \u2013 Partidul Uniunea Salva\u021bi Rom\u00e2nia. &#8211; <a href=\"http:\/\/solca.ro\/doc\/2025\/Informatii%20de%20interes%20public\/Raport%20Rusu%20Ionela.pdf\">Raport privind activitatea desf\u0103\u0219urat\u0103 \u00een anul 2024<\/a><\/p>\n\n\n\n<p>11. L\u0103cr\u0103mioara STRATON &#8211; Partidul Umanist Social Liberal. &#8211; <a href=\"http:\/\/solca.ro\/doc\/2025\/Informatii%20de%20interes%20public\/Raport%20Straton.pdf\">Raport privind activitatea desf\u0103\u0219urat\u0103 \u00een anul 2024<\/a><\/p>\n\n\n\n<p><\/p>\n\n\n\n<p><strong>Componen\u0163a Comisiilor de specialitate ale Consiliului Local al ora\u015fului Solca<\/strong> <\/p>\n\n\n\n<p><strong>Comisia  pentru programe de dezvoltare economico-social\u0103, buget, finan\u0163e,  administrarea domeniului public \u015fi privat al ora\u015fului,agricultur\u0103,  gospod\u0103rie comunal\u0103, protec\u0163ia mediului\u015fi turism<\/strong> &#8211; <a href=\"http:\/\/solca.ro\/doc\/2025\/Informatii%20de%20interes%20public\/Raport%20Comisia%20economica.pdf\">Raport privind activitatea desf\u0103\u0219urat\u0103 \u00een anul 2024<\/a><\/p>\n\n\n\n<ol>\n<li>Gheorghe Ghinghiloschi &#8211; pre\u0219edinte<\/li>\n\n\n\n<li>L\u0103cr\u0103mioara Straton &#8211; secretar<\/li>\n\n\n\n<li>Mariana Cre\u021bu &#8211; membru<\/li>\n\n\n\n<li>Daniel-Florin Romaniuc &#8211; membru<\/li>\n\n\n\n<li>Bogdan-Mihai Drapatof &#8211; membru<\/li>\n<\/ol>\n\n\n\n<p><strong>Comisia pentru administra\u0163ie  public\u0103 local\u0103, juridic\u0103 \u015fi de disciplin\u0103, ap\u0103rarea ordinii publice, a  drepturilor cet\u0103\u0163enilor, amenajareateritoriului \u015fi urbanism<\/strong> &#8211; <a href=\"http:\/\/solca.ro\/doc\/2025\/Informatii%20de%20interes%20public\/Raport%20Comisia%20administratie.pdf\">Raport privind activitatea desf\u0103\u0219urat\u0103 \u00een anul 2024<\/a><\/p>\n\n\n\n<ol>\n<li>Alexandru Maximiuc &#8211; membru<\/li>\n\n\n\n<li>Ionela-Liliana Rusu &#8211; secretar<\/li>\n\n\n\n<li>Ioan Filimon &#8211; membru<\/li>\n<\/ol>\n\n\n\n<p><strong>Comisia pentru \u00eenv\u0103\u0163\u0103m\u00e2nt, s\u0103n\u0103tate, familie, munc\u0103, protec\u0163ie social\u0103, activit\u0103\u0163i social culturale, culte \u015fi protec\u0163ie copii<\/strong> &#8211; <a href=\"http:\/\/solca.ro\/doc\/2025\/Informatii%20de%20interes%20public\/Raport%20Comisia%20Invatamant.pdf\">Raport privind activitatea desf\u0103\u0219urat\u0103 \u00een anul 2024<\/a><\/p>\n\n\n\n<ol>\n<li>Maria-Magdalena Monica Filimon &#8211; pre\u0219edinte<\/li>\n\n\n\n<li>Doina Covaliu &#8211; secretar<\/li>\n\n\n\n<li>Alexandru-Liviu Ciuc &#8211; membru<strong><br><\/strong><\/li>\n<\/ol>\n","protected":false},"excerpt":{"rendered":"<p>Componen\u0163a Consiliului local al ora\u015fului Solca \u015fi apartenen\u0163a politic\u0103 1. Alexandru-Liviu CIUC &#8211; Partidul Social Democrat. &#8211; Raport privind activitatea desf\u0103\u0219urat\u0103 \u00een anul 2024 2. Doina COVALIU &#8211; Partidul Social Democrat.\u00a0&#8211; Raport privind activitatea&#46;&#46;&#46;<\/p>\n","protected":false},"author":1,"featured_media":0,"parent":0,"menu_order":0,"comment_status":"closed","ping_status":"closed","template":"","meta":[],"_links":{"self":[{"href":"http:\/\/solca.ro\/index.php\/wp-json\/wp\/v2\/pages\/173"}],"collection":[{"href":"http:\/\/solca.ro\/index.php\/wp-json\/wp\/v2\/pages"}],"about":[{"href":"http:\/\/solca.ro\/index.php\/wp-json\/wp\/v2\/types\/page"}],"author":[{"embeddable":true,"href":"http:\/\/solca.ro\/index.php\/wp-json\/wp\/v2\/users\/1"}],"replies":[{"embeddable":true,"href":"http:\/\/solca.ro\/index.php\/wp-json\/wp\/v2\/comments?post=173"}],"version-history":[{"count":14,"href":"http:\/\/solca.ro\/index.php\/wp-json\/wp\/v2\/pages\/173\/revisions"}],"predecessor-version":[{"id":1653,"href":"http:\/\/solca.ro\/index.php\/wp-json\/wp\/v2\/pages\/173\/revisions\/1653"}],"wp:attachment":[{"href":"http:\/\/solca.ro\/index.php\/wp-json\/wp\/v2\/media?parent=173"}],"curies":[{"name":"wp","href":"https:\/\/api.w.org\/{rel}","templated":true}]}}