{"id":170,"date":"2019-09-13T22:32:18","date_gmt":"2019-09-13T22:32:18","guid":{"rendered":"http:\/\/solca.ro\/?page_id=170"},"modified":"2025-07-22T11:20:40","modified_gmt":"2025-07-22T11:20:40","slug":"informatii-de-interes-public","status":"publish","type":"page","link":"http:\/\/solca.ro\/index.php\/informatii-de-interes-public\/","title":{"rendered":"Informatii de interes public"},"content":{"rendered":"\n<ol>\n<li>Actele normative care reglementeaz\u0103 organizarea \u015fi func\u0163ionarea Consiliului Local \u015fi aparatul de specialitate al primarului; <\/li>\n<\/ol>\n\n\n\n<ul>\n<li> &#8211; <a rel=\"noreferrer noopener\" href=\"http:\/\/legislatie.just.ro\/Public\/DetaliiDocument\/15014\" target=\"_blank\">Constitu\u021bia Rom\u00e2niei, republicat\u0103;<\/a><\/li>\n\n\n\n<li> &#8211; <a href=\"http:\/\/Ordonanta de Urgenta nr. 57 din 03.07.2019\">Ordonanta de Urgenta nr. 57 din 03.07.2019 privind Codul administrativ, cu modific\u0103rile \u0219i complet\u0103rile ulterioare;<\/a><\/li>\n\n\n\n<li> &#8211; <a rel=\"noreferrer noopener\" href=\"http:\/\/legislatie.just.ro\/Public\/DetaliiDocument\/70284\" target=\"_blank\">Legea nr. 7\/2004, republicat\u0103, privind Codul de Conduit\u0103 a func\u021bionarilor publici, cu modific\u0103rile \u0219i complet\u0103rile ulterioare;<\/a><\/li>\n\n\n\n<li> &#8211; <a rel=\"noreferrer noopener\" href=\"http:\/\/legislatie.just.ro\/Public\/DetaliiDocument\/50608\" target=\"_blank\">Legea nr. 188\/1999 privind Statutul func\u021bionarilor publici, republicat\u0103 cu modific\u0103rile \u0219i complet\u0103rile ulterioare;<\/a><\/li>\n\n\n\n<li> &#8211; <a rel=\"noreferrer noopener\" href=\"http:\/\/legislatie.just.ro\/Public\/DetaliiDocument\/153210\" target=\"_blank\">Legea nr. 52\/2003 privind transparen\u021ba decizional\u0103 \u00een administra\u021bia public\u0103;<\/a><\/li>\n\n\n\n<li> &#8211; <a rel=\"noreferrer noopener\" href=\"http:\/\/legislatie.just.ro\/Public\/DetaliiDocument\/31413\" target=\"_blank\">Legea nr. 544\/2001 privind liberul acces la informa\u021biile de interes public, cu modific\u0103rile \u0219i complet\u0103rile ulterioare;<\/a><\/li>\n\n\n\n<li>&#8211; Regulamentele de organizare \u015fi func\u0163ionare;<\/li>\n<\/ul>\n\n\n\n<ol>\n<li>Structura organizatoric\u0103 a autorit\u0103\u0163ii publice, atribu\u0163iile \nconsiliului local, ale primaruluii, viceprimarului, sdecretarului \u015fi ale\n structurilor func\u0163ionale, programul de func\u0163ionare, programul \naudien\u0163elor;<\/li>\n\n\n\n<li>Numele \u015fi prenumele persoanelor din conducerea autorit\u0103\u0163ii \u015fi ale \nfunc\u0163ionarilor responsabili cu difuzarea informa\u0163iilor de interes \npublic;<\/li>\n\n\n\n<li>Coordonatele de contact ale autorit\u0103\u0163ii sau institu\u0163iei publice, \nrespectiv: denumirea, sediul, numele de telefon, fax, adresa de e-mail \n\u015fi adresa paginii de internet;<\/li>\n\n\n\n<li>Sursele financiare, bugetul, bilan\u0163ul contabil, taxele \u015fi impozitele locale;<\/li>\n\n\n\n<li>Programele \u015fi strategiile proprii;<\/li>\n\n\n\n<li>Lista cuprinz\u00e2nd documentele de interes public;<\/li>\n\n\n\n<li>Lista cuprinz\u00e2nd categoriile de documente produse \u015fi\/sau gestionate,\n prin aparatul de specialitate al Primarului ora\u015fului Solca care se \nexcepteaz\u0103 de la liberul acces la informa\u0163iile de interes public \npotrivit legii sau altele dec\u00e2t cele puse la dispozi\u0163ie din oficiu \u015fi \ncare se comunic\u0103 \u00een condi\u0163iile art. 7 din legea nr. 544\/2001;<\/li>\n\n\n\n<li>Modalit\u0103\u0163ile de contestare a deciziilor autorit\u0103\u0163ii administra\u0163iei \npublice locale, \u00een si\u0163uatia \u00een care persoana se consider\u0103 v\u0103t\u0103mat\u0103 \u00een \nprivin\u0163a dreptului de acces la informa\u0163iile de interes public solicitate\n <\/li>\n<\/ol>\n\n\n\n<p>Lista documentelor care se excepteaz\u0103 de la accesul liber al cet\u0103\u0163enilor<\/p>\n\n\n\n<p><a rel=\"noreferrer noopener\" href=\"http:\/\/solca.ro\/old\/doc\/2018\/informatii%20de%20interes%20public\/regulament%20primar.pdf\" target=\"_blank\"><strong>Regulament de organizare \u015fi func\u0163ionare al aparatului de specialitate al primarului ora\u015fului Solca<\/strong><\/a>   <\/p>\n\n\n\n<p><strong><a href=\"http:\/\/solca.ro\/doc\/2024\/HOTARARI\/hcl%2028.pdf\">Organigrama<\/a> <\/strong><\/p>\n\n\n\n<p><strong><a href=\"http:\/\/solca.ro\/doc\/2025\/HOTARARI\/hcl%2031.pdf\">Statul de func\u0163ii<\/a><\/strong><\/p>\n\n\n\n<p><a rel=\"noreferrer noopener\" href=\"http:\/\/solca.ro\/index.php\/strategii-si-proiecte\/\" target=\"_blank\"><strong>Strategii \u015fi proiecte<\/strong><\/a><\/p>\n\n\n\n<p><a rel=\"noreferrer noopener\" href=\"http:\/\/solca.ro\/index.php\/dispozitii\/\" target=\"_blank\"><strong>Dispozi\u0163ii<\/strong><\/a><\/p>\n\n\n\n<p><strong><a href=\"http:\/\/solca.ro\/doc\/2025\/Informatii%20de%20interes%20public\/Raport%202024.pdf\">Raportul  primarului privind starea economic\u0103, social\u0103 \u015fi de mediu a ora\u015fului  Solca \u015fi modul de aducere la \u00eendeplinire a Hot\u0103r\u00e2rilor Consiliului Local  Solca, pentru anul 2024   <\/a><\/strong><\/p>\n\n\n\n<p><strong><a href=\"http:\/\/solca.ro\/doc\/2025\/Informatii%20de%20interes%20public\/Raport%20gestionare%20bunuri%202024.pdf\">Raportul primarului privind gestionarea bunurilor din domeniul public \u015fi privat al ora\u015fului Solca, pe anul 2024<\/a><\/strong><\/p>\n\n\n\n<p><a rel=\"noreferrer noopener\" href=\"http:\/\/solca.ro\/index.php\/bugetul-local\/\" target=\"_blank\"><strong>Bugetul local <\/strong><\/a><\/p>\n\n\n\n<p><a rel=\"noreferrer noopener\" href=\"http:\/\/solca.ro\/index.php\/impozite-si-taxe\/\" target=\"_blank\"><strong>Impozite \u015fi taxe <\/strong><\/a><\/p>\n\n\n\n<p><a rel=\"noreferrer noopener\" href=\"http:\/\/solca.ro\/index.php\/responsabil-legea-544-2001-si-legea-52-2003\/\" target=\"_blank\"><strong>Responsabil Legea 544\/2001 \u015fi Legea 52\/2003<\/strong><\/a><\/p>\n\n\n\n<p><a rel=\"noreferrer noopener\" href=\"http:\/\/solca.ro\/index.php\/situatii-de-urgenta\/\" target=\"_blank\"><strong>Situa\u0163ii de Urgen\u0163\u0103<\/strong><\/a><\/p>\n\n\n\n<p><a rel=\"noreferrer noopener\" href=\"http:\/\/solca.ro\/index.php\/licitatii\/\" target=\"_blank\"><strong>Licita\u0163ii <\/strong><\/a><\/p>\n\n\n\n<p><a rel=\"noreferrer noopener\" href=\"http:\/\/solca.ro\/index.php\/declaratii-de-avere\/\" target=\"_blank\"><strong>Declaratii de avere si interese <\/strong><\/a><\/p>\n\n\n\n<p><strong>CARIER\u0102<\/strong><\/p>\n\n\n\n<p><a href=\"http:\/\/solca.ro\/doc\/2024\/doc%20de%20afisat%20site.pdf\"><strong>REZULTAT FINAL EXAMEN<\/strong> <strong>PENTRU OCUPAREA FUNC\u021aIEI PUBLICE DE EXECU\u021aIE VACANTE &#8211; CONSILIER, CLASA I, GRAD ASISTENT &#8211;  DIREC\u021aIA DE ASISTEN\u021a\u0102 SOCIAL\u0102<\/strong><\/a><\/p>\n\n\n\n<p><strong><a href=\"http:\/\/solca.ro\/doc\/2024\/rezultate%20concurs.pdf\">REZULTATE VERIFICARE DOSARE &#8211; ELIGIBILITATE CANDIDA\u021aI LA CONCURSUL DE RECRUTARE PENTRU OCUPAREA FUNC\u021aIEI PUBLICE DE EXECU\u021aIE VACANTE &#8211; CONSILIER, CLASA I, GRAD ASISTENT &#8211;  DIREC\u021aIA DE ASISTEN\u021a\u0102 SOCIAL\u0102<\/a><\/strong><\/p>\n\n\n\n<p><strong><a href=\"http:\/\/solca.ro\/doc\/2024\/notificare_42022%20(2).pdf\">ANUN\u021a &#8211; ORGANIZARE CONCURS DE RECRUTARE PENTRU OCUPAREA FUNC\u021aIEI PUBLICE DE EXECU\u021aIE VACANTE &#8211; CONSILIER, CLASA I, GRAD ASISTENT &#8211;  DIREC\u021aIA DE ASISTEN\u021a\u0102 SOCIAL\u0102<\/a><\/strong><\/p>\n\n\n\n<p><strong><a href=\"http:\/\/solca.ro\/doc\/2024\/notificare_37344%20(1).pdf\">ANUN\u021a &#8211; ORGANIZARE CONCURS DE RECRUTARE PENTRU OCUPAREA FUNC\u021aIEI PUBLICE DE EXECU\u021aIE VACANTE &#8211; CONSILIER, CLASA I, GRAD ASISTENT &#8211;  DIREC\u021aIA DE ASISTEN\u021a\u0102 SOCIAL\u0102<\/a><\/strong><\/p>\n\n\n\n<p><a href=\"http:\/\/solca.ro\/doc\/2024\/notificare_31105%20(1)%20(1).pdf\"><strong>ANUN\u021a &#8211; ORGANIZARE CONCURS DE RECRUTARE PENTRU OCUPAREA FUNC\u021aIEI PUBLICE DE EXECU\u021aIE VACANTE &#8211; CONSILIER, CLASA I, GRAD ASISTENT &#8211;  DIREC\u021aIA DE ASISTEN\u021a\u0102 SOCIAL\u0102<\/strong><\/a><\/p>\n\n\n\n<p><strong><a href=\"http:\/\/solca.ro\/doc\/2024\/Anunt-examen-de-promovare%20fp%20%202024.pdf\">ANUN\u021a ORGANIZARE CONCURS DE PROMOVARE \u00ceN GRAD PROFESIONAL PENTRU FUNC\u021aIILE PUBLICE: CONSILIER, CLASA I, GRAD PROFESIONAL SUPERIOR, LA BIROUL BUGET CONTABILITATE, RESURSE UMANE, IMPOZITE  \u0218I TAXE LOCALE \u0218I CONSILIER, CLASA I GRAD PROFESIONAL SUPERIOR, LA SERVICIUL TEHNIC, URBANISM, CADASTRU \u0218I AMENAJAREA TERITORIULUI<\/a><\/strong><\/p>\n\n\n\n<p><a href=\"http:\/\/solca.ro\/doc\/2023\/rezultat%20final.pdf\">REZULTATUL FINAL LA EXAMENUL PENTRU OCUPAREA FUNC\u021aIEI PUBLICE DE CONDUCERE DE SECRETAR GENERAL AL ORA\u0218ULUI SOLCA <\/a><\/p>\n\n\n\n<p><a href=\"http:\/\/solca.ro\/doc\/2023\/rezultat%20interviu.pdf\">REZULTATUL PROBEI INTERVIU LA EXAMENUL PENTRU OCUPAREA FUNC\u021aIEI PUBLICE DE CONDUCERE DE SECRETAR GENERAL AL ORA\u0218ULUI SOLCA <\/a><\/p>\n\n\n\n<p><a href=\"http:\/\/solca.ro\/doc\/2023\/rezultat%20scris.pdf\">REZULTATUL PROBEI SCRISE LA EXAMENUL PENTRU OCUPAREA FUNC\u021aIEI PUBLICE DE CONDUCERE DE SECRETAR GENERAL AL ORA\u0218ULUI SOLCA <\/a><\/p>\n\n\n\n<p><a href=\"http:\/\/solca.ro\/doc\/2023\/Rezultat%20evaluare%20dosare.pdf\">REZULTATUL SELECT\u0102RII DOSARELOR \u0218I A CONDI\u021aIILOR DE PARTICIPARE LA EXAMENUL DE PROMOVARE \u00ceN FUNC\u021aIA PUBLIC\u0102 DE CONDUCERE DE SECRETAR GENERAL AL ORA\u0218ULUI SOLCA, JUDE\u021aUL SUCEAVA<\/a><\/p>\n\n\n\n<p><a href=\"http:\/\/solca.ro\/doc\/2023\/anunt%20secretar.pdf\"><strong>ANUN\u021a ORGANIZARE CONCURS DE PROMOVARE \u00ceN FUNC\u021aIA PUBLIC\u0102 DE CONDUCERE VACANT\u0102 DE SECRETAR GENERAL AL ORA\u0218ULUI SOLCA, JUDE\u021aUL SUCEAVA, NR. 369 DIN 18.01.2023<\/strong><\/a><\/p>\n\n\n\n<p><a href=\"http:\/\/solca.ro\/doc\/2023\/pv%20concurs.pdf\">PROCES VERBAL CA URMARE A ORGANIZ\u0102RII CONCURSULUI PENTRU OCUPAREA FUNC\u021aIEI PUBLICE DE EXECU\u021aIE &#8211; CONSILIER CLASA I, GRAD PROFESIONAL ASISTENT LA SERVICIUL TEHNIC, URBANISM, CADASTRU \u0218I AMENAJAREA TERITORIULU DIN DATA DE 09.02.2023<\/a><\/p>\n\n\n\n<p><a href=\"http:\/\/solca.ro\/doc\/2022\/anunt%20de%20afisat%20consilier%20cadastru%202023.pdf\"><strong>ANUN\u0162 ORGANIZARE CONCURS PENTRU OCUPAREA FUNC\u021aIEI PUBLICE DE EXECU\u021aIE &#8211; CONSILIER CLASA I, GRAD PROFESIONAL ASISTENT LA SERVICIUL TEHNIC, URBANISM, CADASTRU \u0218I AMENAJAREA TERITORIULUI, NR. 7300 DIN 30.12.2022<\/strong><\/a><\/p>\n\n\n\n<p><a href=\"http:\/\/solca.ro\/doc\/2022\/rezultate%20probe%20(1).pdf\">REZULTAT CONCURS  PENTRU OCUPAREA FUNC\u021aIEI PUBLICE DE  EXECU\u021aIE &#8211; CONSILIER, CLASA I, GRAD PROFESIONAL SUPERIOR LA SERVICIUL PUBLIC COMUNITAR DE EVIDEN\u021a\u0102 A PERSOANELOR <\/a><\/p>\n\n\n\n<p><a href=\"http:\/\/solca.ro\/doc\/2022\/2%20anunt%20de%20afisat%20pe%20site%2020%20iulie%202022%20(2).pdf\"><strong>ANUN\u021a ORGANIZARE CONCURS PENTRU OCUPAREA FUNC\u021aIEI PUBLICE DE  EXECU\u021aIE &#8211; CONSILIER, CLASA I, GRAD PROFESIONAL SUPERIOR LA SERVICIUL PUBLIC COMUNITAR DE EVIDEN\u021a\u0102 A PERSOANELOR, NR. 4020 DIN 20.07.2022   <\/strong><\/a><\/p>\n\n\n\n<p><a rel=\"noreferrer noopener\" aria-label=\"ANUN\u0162 ORGANIZARE CONCURS PENTRU OCUPAREA FUNC\u021aIEI PUBLICE DE EXECU\u021aIE - CONSILIER CLASA I, GRAD PROFESIONAL SUPERIOR LA SERVICIUL TEHNIC, URBANISM, CASASTRU \u0218I AMENAJAREA TERITORIULUI, NR. 3848 DIN 08.07.2022 (se deschide \u00eentr-o fil\u0103 nou\u0103)\" href=\"http:\/\/solca.ro\/doc\/2022\/anunt%20de%20afisat%20pe%20site%2008%20iulie%202022.pdf\" target=\"_blank\"><strong>ANUN\u0162 ORGANIZARE CONCURS PENTRU OCUPAREA FUNC\u021aIEI PUBLICE DE EXECU\u021aIE &#8211; CONSILIER CLASA I, GRAD PROFESIONAL SUPERIOR LA SERVICIUL TEHNIC, URBANISM, CASASTRU \u0218I AMENAJAREA TERITORIULUI, NR. 3848 DIN 08.07.2022<\/strong><\/a><\/p>\n\n\n\n<p><a href=\"http:\/\/solca.ro\/doc\/2022\/rezultat%20final.pdf\">REZULTATUL FINAL LA EXAMENUL PENTRU OCUPAREA POSTULUI DE REFERENT DE SPECIALITATE, CLASA II, GRAD SUPERIOR (231934) &#8211; SERVICIUL TEHNIC, URBANISM, CADASTRU \u0218I AMENAJAREA TERITORIULUI DIN DATA DE 06.05.2022<\/a><\/p>\n\n\n\n<p><a href=\"http:\/\/solca.ro\/doc\/2022\/rezultat%20interviu.pdf\">REZULTATUL PROBEI LA INTERVIU PENTRU OCUPAREA POSTULUI DE REFERENT DE SPECIALITATE, CLASA II, GRAD SUPERIOR (231934) &#8211; SERVICIUL TEHNIC, URBANISM, CADASTRU \u0218I AMENAJAREA TERITORIULUI DIN DATA DE 06.05.2022<\/a><\/p>\n\n\n\n<p><a href=\"http:\/\/solca.ro\/doc\/2022\/rezultat%20proba%20scrisa.pdf\">REZULTATUL PROBEI SCRISE PENTRU OCUPAREA POSTULUI DE REFERENT DE SPECIALITATE, CLASA II, GRAD SUPERIOR (231934) &#8211; SERVICIUL TEHNIC, URBANISM, CADASTRU \u0218I AMENAJAREA TERITORIULUI DIN DATA DE 06.05.2022<\/a><\/p>\n\n\n\n<p><a href=\"http:\/\/solca.ro\/doc\/2022\/rezultat%20selectie%20dosar.pdf\">REZULTATUL SELECT\u0102RII DOSARELOR \u0218I A CONDI\u021aIILOR DE PARTICIPARE DE CONCURSUL\/EXAMENUL DE RECRUTARE A FUNC\u021aIEI PUBLICE DE EXECU\u021aIE DE REFERENT DE SPECIALITATE, CLASA II, GRAD PRPFESIONAL SUPERIOR DIN CADRUL SERVICIULUI TEHNIC, URMANISM, CADASTRU \u0218I AMENAJAREA TERITORIULUI, DIN CADRUL APARATULUI DE SPECIALITATE AL PRIMARULUI ORA\u0218ULUI SOLCA, JUDE\u021aUL SUCEAVA<\/a><\/p>\n\n\n\n<p><a rel=\"noreferrer noopener\" aria-label=\"ANUN\u0162 ORGANIZARE CONCURS PENTRU OCUPAREA FUNC\u021aIEI PUBLICE DE EXECU\u021aIE - REFERENT DE SPECIALITATE, CLASA II, GRAD PROFESIONAL SUPERIOR LA SERVICIUL TEHNIC, URBANISM, CASASTRU \u0218I AMENAJAREA TERITORIULUI, NR. 2098 DIN 06.04.2022 (se deschide \u00eentr-o fil\u0103 nou\u0103)\" href=\"http:\/\/solca.ro\/doc\/2022\/anunt%20organizare%20concurs.pdf\" target=\"_blank\"><strong>ANUN\u0162 ORGANIZARE CONCURS PENTRU OCUPAREA FUNC\u021aIEI PUBLICE DE EXECU\u021aIE &#8211; REFERENT DE SPECIALITATE, CLASA II, GRAD PROFESIONAL SUPERIOR LA SERVICIUL TEHNIC, URBANISM, CASASTRU \u0218I AMENAJAREA TERITORIULUI, NR. 2098 DIN 06.04.2022<\/strong><\/a><\/p>\n\n\n\n<p><\/p>\n\n\n\n<p> <\/p>\n\n\n\n<p><strong> <a rel=\"noreferrer noopener\" href=\"http:\/\/solca.ro\/index.php\/alte-informatii\/\" target=\"_blank\">Alte informa\u0163i<\/a><\/strong><\/p>\n\n\n\n<p><\/p>\n\n\n\n<p><\/p>\n","protected":false},"excerpt":{"rendered":"<p>Lista documentelor care se excepteaz\u0103 de la accesul liber al cet\u0103\u0163enilor Regulament de organizare \u015fi func\u0163ionare al aparatului de specialitate al primarului ora\u015fului Solca Organigrama Statul de func\u0163ii Strategii \u015fi proiecte Dispozi\u0163ii Raportul primarului&#46;&#46;&#46;<\/p>\n","protected":false},"author":1,"featured_media":0,"parent":0,"menu_order":0,"comment_status":"closed","ping_status":"closed","template":"","meta":[],"_links":{"self":[{"href":"http:\/\/solca.ro\/index.php\/wp-json\/wp\/v2\/pages\/170"}],"collection":[{"href":"http:\/\/solca.ro\/index.php\/wp-json\/wp\/v2\/pages"}],"about":[{"href":"http:\/\/solca.ro\/index.php\/wp-json\/wp\/v2\/types\/page"}],"author":[{"embeddable":true,"href":"http:\/\/solca.ro\/index.php\/wp-json\/wp\/v2\/users\/1"}],"replies":[{"embeddable":true,"href":"http:\/\/solca.ro\/index.php\/wp-json\/wp\/v2\/comments?post=170"}],"version-history":[{"count":56,"href":"http:\/\/solca.ro\/index.php\/wp-json\/wp\/v2\/pages\/170\/revisions"}],"predecessor-version":[{"id":1719,"href":"http:\/\/solca.ro\/index.php\/wp-json\/wp\/v2\/pages\/170\/revisions\/1719"}],"wp:attachment":[{"href":"http:\/\/solca.ro\/index.php\/wp-json\/wp\/v2\/media?parent=170"}],"curies":[{"name":"wp","href":"https:\/\/api.w.org\/{rel}","templated":true}]}}