{"id":156,"date":"2019-09-13T21:39:10","date_gmt":"2019-09-13T21:39:10","guid":{"rendered":"http:\/\/solca.ro\/?page_id=156"},"modified":"2026-04-08T10:11:42","modified_gmt":"2026-04-08T10:11:42","slug":"primarie-primar","status":"publish","type":"page","link":"http:\/\/solca.ro\/index.php\/primarie-primar\/","title":{"rendered":"Primar"},"content":{"rendered":"\n<p><strong>\u0162EHANIUC CORNEL-TRIFAN<\/strong><\/p>\n\n\n\n<p><strong>TEL. 0230477215, FAX. 0230477235<\/strong><\/p>\n\n\n\n<p><strong>TEL. MOBIL 0742122305<\/strong><\/p>\n\n\n\n<p>CURRICULUM VITAE<\/p>\n\n\n\n<p><strong><a href=\"http:\/\/solca.ro\/doc\/2026\/rapoarte\/raport%20primar%202026.pdf\">RAPORT  PRIVIND STAREA ECONOMIC\u0102, SOCIAL\u0102 \u015eI DE MEDIU A ORA\u015eULUI SOLCA \u015eI MODUL  DE ADUCERE LA \u00ceNDEPLINIRE A HOT\u0102R\u00c2RILOR CONSILIULUI LOCAL, PENTRU ANUL  2025<\/a><\/strong><\/p>\n\n\n\n<p><strong><a href=\"http:\/\/solca.ro\/doc\/2026\/rapoarte\/raprt%20gestionare%20bunuri%202026.pdf\">RAPORT PRIVIND GESTIONAREA BUNURILOR DIN DOMENIUL PUBLIC \u015eI PRIVAT AL ORA\u015eULUI SOLCA, PE ANUL 2025<\/a><\/strong><\/p>\n","protected":false},"excerpt":{"rendered":"<p>\u0162EHANIUC CORNEL-TRIFAN TEL. 0230477215, FAX. 0230477235 TEL. MOBIL 0742122305 CURRICULUM VITAE RAPORT PRIVIND STAREA ECONOMIC\u0102, SOCIAL\u0102 \u015eI DE MEDIU A ORA\u015eULUI SOLCA \u015eI MODUL DE ADUCERE LA \u00ceNDEPLINIRE A HOT\u0102R\u00c2RILOR CONSILIULUI LOCAL, PENTRU ANUL&#46;&#46;&#46;<\/p>\n","protected":false},"author":1,"featured_media":0,"parent":0,"menu_order":0,"comment_status":"closed","ping_status":"closed","template":"","meta":[],"_links":{"self":[{"href":"http:\/\/solca.ro\/index.php\/wp-json\/wp\/v2\/pages\/156"}],"collection":[{"href":"http:\/\/solca.ro\/index.php\/wp-json\/wp\/v2\/pages"}],"about":[{"href":"http:\/\/solca.ro\/index.php\/wp-json\/wp\/v2\/types\/page"}],"author":[{"embeddable":true,"href":"http:\/\/solca.ro\/index.php\/wp-json\/wp\/v2\/users\/1"}],"replies":[{"embeddable":true,"href":"http:\/\/solca.ro\/index.php\/wp-json\/wp\/v2\/comments?post=156"}],"version-history":[{"count":13,"href":"http:\/\/solca.ro\/index.php\/wp-json\/wp\/v2\/pages\/156\/revisions"}],"predecessor-version":[{"id":1838,"href":"http:\/\/solca.ro\/index.php\/wp-json\/wp\/v2\/pages\/156\/revisions\/1838"}],"wp:attachment":[{"href":"http:\/\/solca.ro\/index.php\/wp-json\/wp\/v2\/media?parent=156"}],"curies":[{"name":"wp","href":"https:\/\/api.w.org\/{rel}","templated":true}]}}