{"id":1478,"date":"2025-02-23T07:46:11","date_gmt":"2025-02-23T07:46:11","guid":{"rendered":"http:\/\/solca.ro\/?page_id=1478"},"modified":"2025-03-18T12:13:24","modified_gmt":"2025-03-18T12:13:24","slug":"dispozitii-2023-2024","status":"publish","type":"page","link":"http:\/\/solca.ro\/index.php\/dispozitii-2023-2024\/","title":{"rendered":"Dispozitii 2023-2024"},"content":{"rendered":"\n<p><strong><a href=\"http:\/\/solca.ro\/doc\/2023\/DISPOZITII\/disp%2015.pdf\">Dispozi\u021bia nr. 15 din 25 ianuarie 2023 privind convocarea \u00een \u0219edin\u021b\u0103 ordinar\u0103 a Consiliului Local al ora\u0219ului Solca, pentru data de 31 ianuarie 2023<\/a><\/strong><\/p>\n\n\n\n<p><a href=\"http:\/\/solca.ro\/doc\/2022\/hcl\/hcl%2072.pdf\">Dispozi\u021bia nr. 72 din 20 februarie 2023 privind convocarea \u00een \u0219edin\u021b\u0103 extraordinar\u0103-de \u00eendat\u0103 a Consiliului Local al ora\u0219ului Solca, pentru data de 22 februarie 2023<\/a><\/p>\n\n\n\n<p><a href=\"http:\/\/solca.ro\/doc\/2022\/hcl\/hcl%2074.pdf\">Dispozi\u021bia nr. 74 din 22 februarie 2023 privind convocarea \u00een \u0219edin\u021b\u0103 ordinar\u0103 a Consiliului Local al ora\u0219ului Solca, pentru data de 28 februarie 2023<\/a><\/p>\n\n\n\n<p><a href=\"http:\/\/solca.ro\/doc\/2023\/DISPOZITII\/disp%20100.pdf\">Dispozi\u021bia nr. 100 din 24 martie 2023 privind convocarea \u00een \u0219edin\u021b\u0103 ordinar\u0103 a Consiliului Local al ora\u0219ului Solca, jude\u021bul Suceava, pentru data de 30 martie 2023<\/a><\/p>\n\n\n\n<p><a href=\"http:\/\/solca.ro\/doc\/2023\/DISPOZITII\/disp%20112.pdf\">Dispozi\u021bia nr. 112 dinn 21 aprilie 2023 privind convocarea \u00een \u0219edin\u021b\u0103 ordinar\u0103 a Consiliului Local al ora\u0219ului Solca, jude\u021bul Suceava, pentru data de 27 aprilie 2023<\/a><\/p>\n\n\n\n<p><a href=\"http:\/\/solca.ro\/doc\/2023\/DISPOZITII\/diso%20119.pdf\">Dispozi\u021bia nr. 119 din 4 mai 2023 privind convocarea \u00een \u0219edin\u021b\u0103 extraordinar\u0103 \u2013 de \u00eendat\u0103 a Consiliului Local al ora\u0219ului Solca, jude\u021bul Suceava, pentru data de 5 mai 2023<\/a><\/p>\n\n\n\n<p><a href=\"http:\/\/solca.ro\/doc\/2023\/DISPOZITII\/disp%20134.pdf\">Dispozi\u021bia nr. 134 din 23 mai 2023 privind convocarea \u00een \u0219edin\u021b\u0103 ordinar\u0103 a Consiliului Local al ora\u0219ului solca, jude\u021bul Suceava, pentru data de 30 mai 2023<\/a><\/p>\n\n\n\n<p><a href=\"http:\/\/solca.ro\/doc\/2023\/DISPOZITII\/disp%20150.pdf\">Dispozi\u021bia nr. 150 dinn 15 iunie 2023 privind convocarea \u00een \u0219edin\u021b\u0103 extraordinar\u0103 a Consiliului Local al ora\u0219ului Solca, jude\u021bul Suceava, pentru data de 19 iunie 2023<\/a><\/p>\n\n\n\n<p><a href=\"http:\/\/solca.ro\/doc\/2023\/DISPOZITII\/disp%20155.pdf\">Dispozi\u021bia nr. 155 din 23 iunie 2023 privind convocarea \u00een \u0219edin\u021b\u0103 ordinar\u0103 a Consiliului Local al ora\u0219ului solca, jude\u021bul Suceava, pentru data de 29 iunie 2023<\/a><\/p>\n\n\n\n<p><a href=\"http:\/\/solca.ro\/doc\/2023\/DISPOZITII\/disp%20168.pdf\">Dispozi\u021bia nr. 168 din 19 iulie 2023 privind convocarea \u00een \u0219edin\u021b\u0103 ordinar\u0103 a Consiliului local al ora\u0219ului Solca, jude\u021bul Suceava, pentru data de 25 iulie 2023<\/a><\/p>\n\n\n\n<p><a href=\"http:\/\/solca.ro\/doc\/2023\/DISPOZITII\/disp%20179.pdf\">Dispozi\u021bia nr. 179 din 4 august 2023 privind convocarea \u00een \u0219edin\u021b\u0103 extraordinar\u0103-de \u00eendat\u0103 a Consiliului Local al ora\u0219ului Solca, jude\u021bul Suceava, pentru data de 7 august 2023<\/a><\/p>\n\n\n\n<p><a href=\"http:\/\/solca.ro\/doc\/2023\/DISPOZITII\/disp%20189.pdf\">Dispozi\u021bia nr. 189 din 22 august 2023 privind convocarea \u00een \u0219edin\u021b\u0103 ordinar\u0103 a Consiliului Local al ora\u0219ului Solca, jude\u021bul Suceava, pentru data de 28 august 2023<\/a><\/p>\n\n\n\n<p><a href=\"http:\/\/solca.ro\/doc\/2023\/DISPOZITII\/disp%20200.pdf\">Dispozi\u021bia nr. 200 din 14 septembrie 2023 privind convocarea \u00een \u0219edin\u021b\u0103 extraordinar\u0103-de \u00eendat\u0103 a Consiliului local al ora\u0219ului Solca, jude\u021bul Suceava, pentru data de 15 septembrie 2023<\/a><\/p>\n\n\n\n<p>Dispozi\u021bia nr. 205 din 22 septembrie 2023 privind convocarea \u00een \u0219edin\u021b\u0103 ordinar\u0103 a Consiliului Local al ora\u0219ului Solca, jude\u021bul Suceava, pentru data de 28 septembrie 2023<\/p>\n\n\n\n<p><a href=\"http:\/\/solca.ro\/doc\/2023\/DISPOZITII\/disp%20226.pdf\">Dispozi\u021bia nr. 226 din 25 octombrie 2023 privind convocarea \u00een \u0219edin\u021b\u0103 ordinar\u0103 a Consiliului Local al ora\u0219ului Solca, jude\u021bul Suceava, pentru data de 31 octombrie 2023<\/a><\/p>\n\n\n\n<p><a href=\"http:\/\/solca.ro\/doc\/2023\/DISPOZITII\/disp%20245.pdf\">Dispozi\u021bia nr. 245 din 15 noiembrie 2023 privind convocarea \u00een \u0219edin\u021b\u0103 extraordinar\u0103-de \u00eendat\u0103 a Consiliului Local al ora\u0219ului Solca, jude\u021bul Suceava, pentru data de 16 noiembrie 2023<\/a><\/p>\n\n\n\n<p><a href=\"http:\/\/solca.ro\/doc\/2023\/DISPOZITII\/disp%20250.pdf\">Dispozi\u021bia nr. 250 din 22 noiembrie 2023 privind convocarea \u00een \u0219edin\u021b\u0103 extraordinar\u0103-de \u00eendat\u0103 a Consiliului local al ora\u0219ului Solca, jude\u021bul Suceava, pentru data de 23 noiembrie 2023<\/a><\/p>\n\n\n\n<p>Dispozi\u021bia nr. 252 din 23 noiembrie 2023 privind convocarea \u00een \u0219edin\u021b\u0103 ordinar\u0103 a Consiliului local al ora\u0219ului Solca, jude\u021bul Suceava, pentru data de 29 noiembrie 2023<\/p>\n\n\n\n<p><a href=\"http:\/\/solca.ro\/doc\/2023\/DISPOZITII\/disp%20259.pdf\">Dispozi\u021bia nr. 259 din 8 decembrie 2023 privind convocarea \u00een \u0219edin\u021b\u0103 extraordinar\u0103 a Consiliului Local al ora\u0219ului Solca, jude\u021bul Suceava, pentru data de 12 decembrie 2023<\/a><\/p>\n\n\n\n<p><a href=\"http:\/\/solca.ro\/doc\/2023\/DISPOZITII\/disp%20262.pdf\">Dispozi\u021bia 262 din 21 decembrie 2023 privind convocarea \u00een \u0219edin\u021b\u0103 ordinar\u0103 a Consiliului Local al ora\u0219ului Solca, jude\u021bul Suceava, pentru data de 27 decembrie 2023<\/a><\/p>\n\n\n\n<p><strong>Dispozitii emise \u00een anul 2024<\/strong><\/p>\n\n\n\n<p><a href=\"http:\/\/solca.ro\/doc\/2024\/DISPOZITII\/disp%205.pdf\">Dispozi\u021bia nr. 5 din 25 ianuarie 2024 privind convocaea \u00een \u0219edin\u021b\u0103 ordinar\u0103 a Consiliului Local al ora\u0219ului Solca, jude\u021bul Suceava, pentru data de 31 ianuarie 2024<\/a><\/p>\n\n\n\n<p><a href=\"http:\/\/solca.ro\/doc\/2024\/DISPOZITII\/disp%2057.pdf\">Dispozi\u021bia nr. 57 din 6 februarie 2024 privind convocarea \u00een \u0219edin\u021b\u0103 extraordinar\u0103 a Consiliului Local al ora\u0219ului Solca, jude\u021bul Suceava, pentru data de 9 februarie 2024<\/a><\/p>\n\n\n\n<p><a href=\"http:\/\/solca.ro\/doc\/2024\/DISPOZITII\/disp%2062.pdf\">Dispozi\u021bia nr. 62 din 23 februarie 2024 privind convocarea \u00een \u0219edin\u021b\u0103 ordinar\u0103 a Consiliului Local al ora\u0219ului Solca, jude\u021bul Suceava, pentru data de 29 februarie 2024<\/a><\/p>\n\n\n\n<p><a href=\"http:\/\/solca.ro\/doc\/2024\/DISPOZITII\/disp%2067.pdf\">Dispozi\u021bia nr. 67 din 22 martie 2024 privind convocarea \u00een \u0219edin\u021b\u0103 extraordinar\u0103 \u2013 de \u00eendat\u0103 a Consiliului Local al ora\u0219ului Solca, jude\u021bul Suceava, pentru data de 25 martie 2024<\/a><\/p>\n\n\n\n<p><a href=\"http:\/\/solca.ro\/doc\/2024\/DISPOZITII\/disp%2068.pdf\">Dispozi\u021bia nr. 68 din 22 martie 2024 privind convocarea \u00een \u0219edin\u021b\u0103 ordinar\u0103 a Consiliului Local al ora\u0219ului Solca, jude\u021bul Suceava, pentru data de 29 martie 2024<\/a><\/p>\n\n\n\n<p><a href=\"http:\/\/solca.ro\/doc\/2024\/DISPOZITII\/disp%2082.pdf\">Dispozi\u021bia nr. 82 din 23 aprilie 2024 privind convocarea \u00een \u0219edin\u021b\u0103 ordinar\u0103 a Consiliului Local al ora\u0219ului Solca, jude\u021bul Suceava, pentru data de 30 aprilie 2024<\/a><\/p>\n\n\n\n<p><a href=\"http:\/\/solca.ro\/doc\/2024\/DISPOZITII\/disp%2095.pdf\">Dispozi\u021bia nr. 95 din 24 mai 2024 privind convocarea \u00een \u0219edin\u021b\u0103 ordinar\u0103 a Consiliului Local al ora\u0219ului Solca, jude\u021bul Suceava, pentru data de 30 mai 2024<\/a><\/p>\n\n\n\n<p><a href=\"http:\/\/solca.ro\/doc\/2024\/DISPOZITII\/disp%20102%20conv%2027%20iunie.pdf\">Dispozi\u021bia nr. 102 din 21 iunie 2024 privind convocarea \u00een \u0219edin\u021b\u0103 ordinar\u0103 a Consiliului local al ora\u0219ului Solca, jude\u021bul Suceava, pentru data de 27 iunie 2024<\/a><\/p>\n\n\n\n<p><a href=\"http:\/\/solca.ro\/doc\/2024\/DISPOZITII\/disp%20137.pdf\">Dispozi\u021bia nr. 137 din 23 iulie 2024 privind convocarea \u00een \u0219edin\u021b\u0103 ordinar\u0103 a Consiliului local al ora\u0219ului Solca, jude\u021bul Suceava, pentru data de 29 iulie 2024<\/a><\/p>\n\n\n\n<p><a href=\"http:\/\/solca.ro\/doc\/2024\/DISPOZITII\/disp%20154.pdf\">Dispozi\u021bia nr. 154 din 23 august 2024 privind convocarea \u00een \u0219edin\u021b\u0103 ordinar\u0103 a Consiliului local al ora\u0219ului Solca, jude\u021bul Suceava, pentru data de 30 august 2024<\/a><\/p>\n\n\n\n<p><a href=\"http:\/\/solca.ro\/doc\/2024\/DISPOZITII\/disp%20160.pdf\">Dispozi\u021bia nr. 160 din 12 septembrie 2024 privind convocarea \u00een \u0219edin\u021b\u0103 extraordinar\u0103 a Consiliului local al ora\u0219ului Solca, jude\u021bul Suceava, pentru data de 16 septembrie 2024<\/a><\/p>\n\n\n\n<p><a href=\"http:\/\/solca.ro\/doc\/2024\/DISPOZITII\/disp%20171.pdf\">Dispozi\u021bia nr. 171 din 23 septembrie 2024 privind convocarea \u00een \u0219edin\u021b\u0103 ordinar\u0103 a Consiliului local al ora\u0219ului Solca, jude\u021bul Suceava, pentru data de 30 septembrie 2024<\/a><\/p>\n\n\n\n<p><span style=\"font-size: revert; color: initial;\"><a href=\"http:\/\/solca.ro\/doc\/2024\/DISPOZITII\/disp%20174.pdf\">Dispozi\u021bia nr. 174 din 8 octombrie 2024 privind convocarea \u00een \u0219edin\u021b\u0103 extraordinar\u0103 de \u00eendat\u0103 a Consiliului local al ora\u0219ului Solca, jude\u021bul Suceava, pentru data de 9 octombrie 202<\/a>4<\/span>   <\/p>\n\n\n\n<p><span style=\"font-size: revert; color: initial;\"><a href=\"http:\/\/solca.ro\/doc\/2024\/DISPOZITII\/disp%20175.pdf\">Dispozi\u021bia nr. 175 din 15 octombrie 2024 privind convocarea \u00een \u0219edin\u021b\u0103 extraordinar\u0103 de \u00eendat\u0103 a Consiliului local al ora\u0219ului Solca, jude\u021bul Suceava, pentru data de 16 octombrie 2024<\/a><\/span>  <\/p>\n\n\n\n<p><span style=\"font-size: revert; color: initial;\"><a href=\"http:\/\/solca.ro\/doc\/2024\/DISPOZITII\/disp%20187.pdf\">Dispozi\u021bia nr. 187 din 5 octombrie 2024 privind convocarea \u00een \u0219edin\u021b\u0103 extraordinar\u0103 de \u00eendat\u0103 a Consiliului local al ora\u0219ului Solca, jude\u021bul Suceava, pentru data de 7 noiembrie 2024, ora 12,00<\/a><\/span>     <\/p>\n\n\n\n<p><span style=\"font-size: revert; color: initial;\"><a href=\"http:\/\/solca.ro\/doc\/2024\/DISPOZITII\/disp%20188.pdf\">Dispozi\u021bia nr. 188 din 5 octombrie 2024 privind convocarea \u00een \u0219edin\u021b\u0103 extraordinar\u0103 de \u00eendat\u0103 a Consiliului local al ora\u0219ului Solca, jude\u021bul Suceava, pentru data de 7 noiembrie 2024, ora 15,00<\/a><\/span>  <\/p>\n\n\n\n<p><span style=\"font-size: revert; color: initial;\"><a href=\"http:\/\/solca.ro\/doc\/2024\/DISPOZITII\/disp%20192.pdf\">Dispozi\u021bia nr. 192 din 13 noiembrie 2024 privind convocarea \u00een \u0219edin\u021b\u0103 extraordinar\u0103 de \u00eendat\u0103 a Consiliului local al ora\u0219ului Solca, jude\u021bul Suceava, pentru data de 15 noiembrie 2024<\/a><\/span><a href=\"http:\/\/solca.ro\/doc\/2024\/DISPOZITII\/disp%20192.pdf\"> <\/a> <\/p>\n\n\n\n<p><a href=\"http:\/\/solca.ro\/doc\/2024\/DISPOZITII\/disp%20201.pdf\">Dispozi\u021bia nr. 201 din 22 noiembrie 2024 privind convocarea \u00een \u0219edin\u021b\u0103 ordinar\u0103 a Consiliului local al ora\u0219ului Solca, jude\u021bul Suceava, pentru data de 127 noiembrie 2024<\/a><\/p>\n\n\n\n<p><span style=\"font-size: revert; color: initial;\"><a href=\"http:\/\/solca.ro\/doc\/2024\/DISPOZITII\/disp%20209.pdf\">Dispozi\u021bia nr. 209 din 16 decembrie 2024 privind convocarea \u00een \u0219edin\u021b\u0103 extraordinar\u0103 de \u00eendat\u0103 a Consiliului local al ora\u0219ului Solca, jude\u021bul Suceava, pentru data de 17 decembrie 2024<\/a><\/span><\/p>\n\n\n\n<p><span style=\"font-size: revert; color: initial;\"><a href=\"http:\/\/solca.ro\/doc\/2024\/DISPOZITII\/disp%20212.pdf\">Dispozi\u021bia nr. 212 din 18 decembrie 2024 privind convocarea \u00een \u0219edin\u021b\u0103 ordinar\u0103 a Consiliului local al ora\u0219ului Solca, jude\u021bul Suceava, pentru data de 23 decembrie 2024<\/a><\/span><\/p>\n\n\n\n<p><\/p>\n","protected":false},"excerpt":{"rendered":"<p>Dispozi\u021bia nr. 15 din 25 ianuarie 2023 privind convocarea \u00een \u0219edin\u021b\u0103 ordinar\u0103 a Consiliului Local al ora\u0219ului Solca, pentru data de 31 ianuarie 2023 Dispozi\u021bia nr. 72 din 20 februarie 2023 privind convocarea \u00een&#46;&#46;&#46;<\/p>\n","protected":false},"author":1,"featured_media":0,"parent":0,"menu_order":0,"comment_status":"closed","ping_status":"closed","template":"","meta":[],"_links":{"self":[{"href":"http:\/\/solca.ro\/index.php\/wp-json\/wp\/v2\/pages\/1478"}],"collection":[{"href":"http:\/\/solca.ro\/index.php\/wp-json\/wp\/v2\/pages"}],"about":[{"href":"http:\/\/solca.ro\/index.php\/wp-json\/wp\/v2\/types\/page"}],"author":[{"embeddable":true,"href":"http:\/\/solca.ro\/index.php\/wp-json\/wp\/v2\/users\/1"}],"replies":[{"embeddable":true,"href":"http:\/\/solca.ro\/index.php\/wp-json\/wp\/v2\/comments?post=1478"}],"version-history":[{"count":14,"href":"http:\/\/solca.ro\/index.php\/wp-json\/wp\/v2\/pages\/1478\/revisions"}],"predecessor-version":[{"id":1563,"href":"http:\/\/solca.ro\/index.php\/wp-json\/wp\/v2\/pages\/1478\/revisions\/1563"}],"wp:attachment":[{"href":"http:\/\/solca.ro\/index.php\/wp-json\/wp\/v2\/media?parent=1478"}],"curies":[{"name":"wp","href":"https:\/\/api.w.org\/{rel}","templated":true}]}}