{"id":1274,"date":"2024-04-22T18:09:30","date_gmt":"2024-04-22T18:09:30","guid":{"rendered":"http:\/\/solca.ro\/?page_id=1274"},"modified":"2024-06-11T12:53:47","modified_gmt":"2024-06-11T12:53:47","slug":"alegeri-locale-2024","status":"publish","type":"page","link":"http:\/\/solca.ro\/index.php\/alegeri-locale-2024\/","title":{"rendered":"Alegeri locale 2024"},"content":{"rendered":"\n<p><strong>BIROUL ELECTORAL DE CIRCUMSCRIP\u0162IE<\/strong> <strong>OR\u0102\u015eENEASC\u0102 NR.15 SOLCA, JUDE\u0162UL SUCEAVA<\/strong> <\/p>\n\n\n\n<p><strong>Ora\u0219ul Solca, strada Tom\u0219a Vod\u0103, nr. 8A, tel. 0230477215, e-mail: <\/strong><a href=\"mailto:sv.solca@bec\"><strong>sv.solca@bec<\/strong><\/a><strong>.ro<\/strong><\/p>\n\n\n\n<p><\/p>\n\n\n\n<p><a href=\"http:\/\/solca.ro\/doc\/2024\/ALEGERI%20LOCALE\/pv%20constituire.pdf\"><strong>Proces verbal<\/strong> <strong>privind completarea Biroului Electoral de Circumscrip\u021bie Or\u0103\u0219eneasc\u0103 Solca cu c\u00e2te un reprezentant al fiec\u0103rui partid politic parlamentar care a avut grup parlamentar propriu \u00een cel pu\u021bin una dintre Camerele Parlamentului, precum \u0219i cu reprezentantul grupului organiza\u021biilor cet\u0103\u021benilor apar\u021bin\u00e2nd minorit\u0103\u021bilor na\u021bionale reprezentate \u00een Camera Deputa\u021bilor<\/strong>, <strong>\u00eenregistrat sub nr. 20\/19.04.2024<\/strong><\/a><\/p>\n\n\n\n<p><strong><a href=\"http:\/\/solca.ro\/doc\/2024\/ALEGERI%20LOCALE\/PP%20PSD.pdf\">Propunere candidatur\u0103 pentru func\u021bia de Primar al ora\u0219ului Solca din partea Partidului Social Democrat &#8211; PSD<\/a><\/strong><\/p>\n\n\n\n<p><strong><a href=\"http:\/\/solca.ro\/doc\/2024\/ALEGERI%20LOCALE\/PL%20PSD.pdf\">Lista de candida\u021bi pentru alegerea Consiliului Local al ora\u0219ului Solca propus\u0103 de Partidul Social Democrat &#8211; PSD<\/a><\/strong><\/p>\n\n\n\n<p><strong><a href=\"http:\/\/solca.ro\/doc\/2024\/ALEGERI%20LOCALE\/PP%20PNL.pdf\">Propunere candidatur\u0103 pentru func\u021bia de Primar al ora\u0219ului Solca din partea Partidului Na\u021bional Liberal &#8211; PNL<\/a><\/strong><\/p>\n\n\n\n<p><strong><a href=\"http:\/\/solca.ro\/doc\/2024\/ALEGERI%20LOCALE\/PL%20PNL.pdf\">Lista de candida\u021bi pentru alegerea Consiliului Local al ora\u0219ului Solca propus\u0103 de Partidul Na\u021bional Liberal &#8211; PNL<\/a><\/strong><\/p>\n\n\n\n<p><strong><a href=\"http:\/\/solca.ro\/doc\/2024\/ALEGERI%20LOCALE\/PL%20PUSL.pdf\">Lista de candida\u021bi pentru alegerea Consiliului Local al ora\u0219ului Solca propus\u0103 de Partidul Umanist Social Liberal &#8211; PUSL<\/a><\/strong><\/p>\n\n\n\n<p><strong><a href=\"http:\/\/solca.ro\/doc\/2024\/ALEGERI%20LOCALE\/PP%20USR.pdf\">Propunere candidatur\u0103 pentru func\u021bia de Primar al ora\u0219ului Solca din partea Uniunea Salva\u021bi Rom\u00e2nia &#8211; USR<\/a><\/strong><\/p>\n\n\n\n<p><strong><a href=\"http:\/\/solca.ro\/doc\/2024\/ALEGERI%20LOCALE\/PL%20USR.pdf\">Lista de candida\u021bi pentru alegerea Consiliului Local al ora\u0219ului Solca propus\u0103 de Uniunea Salva\u021bi Rom\u00e2nia &#8211; USR<\/a><\/strong><\/p>\n\n\n\n<p><strong><a href=\"http:\/\/solca.ro\/doc\/2024\/ALEGERI%20LOCALE\/hot%201.pdf\">Hot\u0103r\u00e2rea nr. 1 din 25.04.2024 privind admiterea \u015fi \u00eenregistrarea candidaturii pentru func\u0163ia de Primar al ora\u015fului Solca, jude\u0163ul Suceava,&nbsp; a domnului \u0162EHANIUC CORNEL-TRIFAN, propus de Partidul Social Democrat &#8211; PSD, Organiza\u0163ia Jude\u0163ean\u0103 Suceava, la alegerile locale din data de 9 iunie 2024.<\/a><\/strong><\/p>\n\n\n\n<p><a href=\"http:\/\/solca.ro\/doc\/2024\/ALEGERI%20LOCALE\/hot%202.pdf\"><strong>Hot\u0103r\u00e2rea nr. 2 din 25.04.2024 privind admiterea \u015fi \u00eenregistrarea Listei de candida\u0163i pentru alegerea Consiliului local al ora\u015fului Solca, jude\u0163ul Suceava, propus\u0103 de Partidul Social Democrat &#8211; PSD, Organiza\u0163ia Jude\u0163ean\u0103 Suceava<\/strong>, <strong>la alegerile locale din data de 9 iunie 2024.<\/strong><\/a><\/p>\n\n\n\n<p><a href=\"http:\/\/solca.ro\/doc\/2024\/ALEGERI%20LOCALE\/hot%203.pdf\"><strong>Hor\u0103r\u00e2rea nr. 3 din 25.04.2024 privind admiterea \u015fi \u00eenregistrarea candidaturii pentru func\u0163ia de Primar al ora\u015fului Solca, jude\u0163ul Suceava,&nbsp; a domnului MAXIMIUC ALEXANDRU, propus de Partidul Na\u021bional Liberal &#8211; PNL, Organiza\u0163ia Jude\u0163ean\u0103 &nbsp;Suceava<\/strong>, <strong>la alegerile locale din data de 9 iunie 2024.<\/strong><\/a><\/p>\n\n\n\n<p><a href=\"http:\/\/solca.ro\/doc\/2024\/ALEGERI%20LOCALE\/hot%204.pdf\"><strong>Hot\u0103r\u00e2rea nr. 4 din 25.04.2024 privind admiterea \u015fi \u00eenregistrarea Listei de candida\u0163i pentru alegerea Consiliului local al ora\u015fului Solca, jude\u0163ul Suceava, propus\u0103 de Partidul Na\u021bional Liberal &#8211; PNL, Organiza\u0163ia Jude\u0163ean\u0103 Suceava<\/strong>, <strong>la alegerile locale din data de 9 iunie 2024.<\/strong><\/a><\/p>\n\n\n\n<p><a href=\"http:\/\/solca.ro\/doc\/2024\/ALEGERI%20LOCALE\/hot%205.pdf\"><strong>Hot\u0103r\u00e2rea nr. 5 din 25.04.2024 privind admiterea \u015fi \u00eenregistrarea Listei de candida\u0163i pentru alegerea Consiliului local al ora\u015fului Solca, jude\u0163ul Suceava, propus\u0103 de Partidul Umanist Social Liberal &#8211; PUSL, Filiala Jude\u0163ean\u0103 Suceava<\/strong>, <strong>la alegerile locale din data de 9 iunie 2024.<\/strong><\/a><\/p>\n\n\n\n<p><a href=\"http:\/\/solca.ro\/doc\/2024\/ALEGERI%20LOCALE\/hot%206.pdf\"><strong>Hot\u0103r\u00e2rea nr. 6 din 25.04.2024 privind admiterea \u015fi \u00eenregistrarea candidaturii pentru func\u0163ia de Primar al ora\u015fului Solca, jude\u0163ul Suceava,&nbsp; a doamnei MALINESCU MARIA, propus\u0103 de Uniunea Salva\u021bi Rom\u00e2nia &#8211; USR, Filiala Jude\u0163ean\u0103 &nbsp;Suceava<\/strong>, <strong>la alegerile locale din data de 9 iunie 2024.<\/strong><\/a><\/p>\n\n\n\n<p><a href=\"http:\/\/solca.ro\/doc\/2024\/ALEGERI%20LOCALE\/hot%207.pdf\"><strong>Hot\u0103r\u00e2rea nr. 7 din 25.04.2024 privind admiterea \u015fi \u00eenregistrarea Listei de candida\u0163i pentru alegerea Consiliului local al ora\u015fului Solca, jude\u0163ul Suceava, propus\u0103 de Uniunea Salva\u021bi Rom\u00e2nia &#8211; USR, Filiala Jude\u0163ean\u0103 Suceava<\/strong>, <strong>la alegerile locale din data de 9 iunie 2024.<\/strong><\/a><\/p>\n\n\n\n<p><strong><a href=\"http:\/\/solca.ro\/doc\/2024\/ALEGERI%20LOCALE\/pv%20bec.pdf\">Proces verbal  al Biroului Electoral de Circumscrip\u021bie Or\u0103\u0219eneasc\u0103, nr. 15 Solca, \u00eenregistrat sub nr. nr. 35\/25.04.2024<\/a><\/strong><\/p>\n\n\n\n<p><strong><a href=\"http:\/\/solca.ro\/doc\/2024\/ALEGERI%20LOCALE\/pv%20afisare.pdf\">Proces verbal de afi\u0219are documente, \u00eenregistrat sub nr. 36\/25.04.2024<\/a><\/strong><\/p>\n\n\n\n<p><strong><a href=\"http:\/\/solca.ro\/doc\/2024\/ALEGERI%20LOCALE\/pv%20candidaturi%20definitive.pdf\">Proces verbal \u00eencheiat cu ocazia r\u0103m\u00e2nerii definitive a candidaturilor pentru alegerea autorit\u0103\u021bilor administra\u021biei publice locale din 9 iunie 2024, \u00eenregistrat sub nr.55\/08.05.2024<\/a><\/strong><\/p>\n\n\n\n<p><strong><a href=\"http:\/\/solca.ro\/doc\/2024\/ALEGERI%20LOCALE\/pv%20af%20candidaturi.pdf\">Proces verbal de afi\u0219are a Procesului verbal \u00eencheiat cu ocazia r\u0103m\u00e2nerii definitive a candidaturilor pentru alegerea autorit\u0103\u021bilor administra\u021biei publice locale din 9 iunie 2024<\/a><\/strong><\/p>\n\n\n\n<p><a href=\"http:\/\/solca.ro\/doc\/2024\/ALEGERI%20LOCALE\/pv%20completare%20birou.pdf\"><strong>Proces verbal \u00eencheiat cu ocazia complet\u0103rii, \u00een cea de-a treia etap\u0103 a Biroului Electoral de Circumscrip\u021bie Or\u0103\u0219eneasc\u0103 nr. 15 Solca, \u00eenregistrat sub nr. 57 din 08.05.2024 <\/strong><\/a><\/p>\n\n\n\n<p><strong><a href=\"http:\/\/solca.ro\/doc\/2024\/ALEGERI%20LOCALE\/pv%20af%20ov%20completare%20burou%20iii.pdf\">Proces verbal de afi\u0219are a Procesului verbal \u00eencheiat cu ocazia complet\u0103rii, \u00een cea de-a treia etap\u0103 a Biroului Electoral de Circumscrip\u021bie Or\u0103\u0219eneasc\u0103 nr. 15 Solca<\/a><\/strong><\/p>\n\n\n\n<p><a href=\"http:\/\/solca.ro\/doc\/2024\/ALEGERI%20LOCALE\/Proces%20verbal%20nr%2059.pdf\"><strong>Proces verbal \u00eencheiat cu ocazia stabilirii num\u0103rului de ordine pe buletinele de vot pentru alegerea Primarului \u0219i a Consiliului Local al ora\u0219ului Solca, jude\u021bul Suceava, la alegerile locale din data de 9 iunie 2024, \u00eenregistrat sub nr. 59 din 10.05.2024<\/strong><\/a><\/p>\n\n\n\n<p><a href=\"http:\/\/solca.ro\/doc\/2024\/ALEGERI%20LOCALE\/Proces%20verbal%20de%20afisare%20a%20pv%2059.pdf\"><strong>Proces verbal de afi\u0219are a Procesului verbal \u00eencheiat cu ocazia stabilirii num\u0103rului de ordine pe buletinele de vot pentru alegerea Primarului \u0219i a Consiliului Local al ora\u0219ului Solca, jude\u021bul Suceava, la alegerile locale din data de 9 iunie 2024, \u00eenregistrat sub nr. 60 din 10.05.2024<\/strong><\/a><\/p>\n\n\n\n<p><a href=\"http:\/\/solca.ro\/doc\/2024\/ALEGERI%20LOCALE\/pv%20afisaj%20solca.pdf\"><strong>Proces verbal din data de 20.05.2024 privind desemnarea pre\u0219edin\u021bilor birourilor electorale ale sec\u021biilor de votare constituite pentru alegerile din 9 iunie 2024 \u0219i a loc\u021biitorilor acestora<\/strong><\/a><\/p>\n\n\n\n<p><a href=\"http:\/\/solca.ro\/doc\/2024\/ALEGERI%20LOCALE\/anunt%20candidati.pdf\"><strong>Anun\u021b stabilire num\u0103r candida\u021bi propu\u0219i<\/strong><\/a><\/p>\n\n\n\n<p><a href=\"http:\/\/solca.ro\/doc\/2024\/ALEGERI%20LOCALE\/hot%208.pdf\">Hot\u0103r\u00e2rea nr. 8 din 22.05.2024 cu privire la solicit\u0103rile pre\u0219edin\u021bilor\/loc\u021biitorilor sec\u021biilor de votare<\/a><\/p>\n\n\n\n<p><a href=\"http:\/\/solca.ro\/doc\/2024\/ALEGERI%20LOCALE\/pv%20birou%20sectii.pdf\"><strong>Proces verbal de completare a Birourilor electorale ale sec\u021biilor de votare din Circumscrip\u021bia Or\u0103\u0219eneasc\u0103 nr. 15 Solca, \u00eenregistrat sub nr. 76 din 22.05.2024<\/strong><\/a><\/p>\n\n\n\n<p> <a href=\"http:\/\/solca.ro\/doc\/2024\/ALEGERI%20LOCALE\/solca%202%20(003).pdf\"><strong>Proces verbal din data de 23.05.2024 privind desemnarea pre\u0219edin\u021bilor birourilor electorale ale sec\u021biilor de votare constituite pentru alegerile din 9 iunie 2024 \u0219i a loc\u021biitorilor acestora<\/strong>   <\/a><\/p>\n\n\n\n<p><strong><a href=\"http:\/\/solca.ro\/doc\/2024\/ALEGERI%20LOCALE\/hot%209.pdf\">Hot\u0103r\u00e2rea nr. 9 din 25.05.2024 privind respingerea contesta\u021biei formulat\u0103 \u00eempotriva Procesului verbal de completare a birourilor electorale ale sec\u021biilor de votare din Circumscrip\u021bia Electorala nr. 15 Solca, \u00eenregistrat sub nr. 76 din 22.05.2024<\/a><\/strong><\/p>\n\n\n\n<p><strong><a href=\"http:\/\/solca.ro\/doc\/2024\/ALEGERI%20LOCALE\/pv%20sectia%20191.pdf\">Proces verbal din data de 06.06.2024 privind modificarea componen\u021bei Biroului electoral al sec\u021biei de votare nr. 191 din Circumscrip\u021bia Or\u0103\u0219eneasc\u0103 nr. 15 Solca<\/a><\/strong><\/p>\n\n\n\n<p><strong><a href=\"http:\/\/solca.ro\/doc\/2024\/ALEGERI%20LOCALE\/pv%20primar%20190.pdf\">Proces verbal privind consemnarea rezultatelor vot\u0103rii pentru PRIMAR din data de 9 iunie 2024, la sec\u021bia de votare nr. 190<\/a><\/strong><\/p>\n\n\n\n<p><strong><a href=\"http:\/\/solca.ro\/doc\/2024\/ALEGERI%20LOCALE\/pv%20primar%20191.pdf\">Proces verbal privind consemnarea rezultatelor vot\u0103rii pentru PRIMAR din data de 9 iunie 2024, la sec\u021bia de votare nr. 191<\/a><\/strong><\/p>\n\n\n\n<p><strong><a href=\"http:\/\/solca.ro\/doc\/2024\/ALEGERI%20LOCALE\/pv%20cl%20190.pdf\">Proces verbal privind consemnarea rezultatelor vot\u0103rii pentru CONSILIUL LOCAL din data de 9 iunie 2024, la sec\u021bia de votare nr. 190<\/a><\/strong><\/p>\n\n\n\n<p><strong><a href=\"http:\/\/solca.ro\/doc\/2024\/ALEGERI%20LOCALE\/pv%20cl%20191.pdf\">Proces verbal privind consemnarea rezultatelor vot\u0103rii pentru CONSILIUL LOCAL Din data de 9 iunie 2024, la sec\u021bia de votare nr. 191<\/a><\/strong><\/p>\n\n\n\n<p><strong><a href=\"http:\/\/solca.ro\/doc\/2024\/ALEGERI%20LOCALE\/pv%20pcj%20190.pdf\">Proces verbal privind consemnarea rezultatelor vot\u0103rii pentru PRE\u0218EDINTELE CONSILIULUI JUDE\u021aEAN din data de 9 iunie 2024, la sec\u021bia de votare nr. 190<\/a><\/strong><\/p>\n\n\n\n<p><strong><a href=\"http:\/\/solca.ro\/doc\/2024\/ALEGERI%20LOCALE\/pv%20pcj%20191.pdf\">Proces verbal privind consemnarea rezultatelor vot\u0103rii pentru PRE\u0218EDINTELE CONSILIULUI JUDE\u021aEAN din data de 9 iunie 2024, la sec\u021bia de votare nr. 191<\/a><\/strong><\/p>\n\n\n\n<p><strong><a href=\"http:\/\/solca.ro\/doc\/2024\/ALEGERI%20LOCALE\/pv%20cj%20190.pdf\">Proces verbal privind consemnarea rezultatelor vot\u0103rii pentru CONSILIUL JUDE\u021aEAN din data de 9 iunie 2024, la sec\u021bia de votare nr. 190<\/a><\/strong><\/p>\n\n\n\n<p><strong><a href=\"http:\/\/solca.ro\/doc\/2024\/ALEGERI%20LOCALE\/pv%20cj%20191.pdf\">Proces verbal privind consemnarea rezultatelor vot\u0103rii pentru CONSILIUL JUDE\u021aEAN din data de 9 iunie 2024, la sec\u021bia de votare nr. 191<\/a><\/strong><\/p>\n\n\n\n<p><strong><a href=\"http:\/\/solca.ro\/doc\/2024\/ALEGERI%20LOCALE\/pv%20pe%20190.pdf\">Proces verbal privind consemnarea rezultatelor vot\u0103rii la alegerile pentru membrii din Rom\u00e2nia \u00een Parlamentul European din data de 9 iunie 2024, la sec\u021bia de votare nr. 190<\/a><\/strong><\/p>\n\n\n\n<p><strong><a href=\"http:\/\/solca.ro\/doc\/2024\/ALEGERI%20LOCALE\/pv%20pe%20191.pdf\">Proces verbal privind consemnarea rezultatelor vot\u0103rii la alegerile pentru membrii din Rom\u00e2nia \u00een Parlamentul European din data de 9 iunie 2024, la sec\u021bia de votare nr. 191<\/a><\/strong><\/p>\n\n\n\n<p><strong><a href=\"http:\/\/solca.ro\/doc\/2024\/ALEGERI%20LOCALE\/pv%20primar.pdf\">Proces verbal privind centralizarea voturilor, constatarea rezultatului alegerilor \u0219i atribuirea mandatului de PRIMAR la alegerile locale din data de 9 iunie 2024<\/a><\/strong><\/p>\n\n\n\n<p><strong><a href=\"http:\/\/solca.ro\/doc\/2024\/ALEGERI%20LOCALE\/pv%20cl.pdf\">Proces verbal privind centralizarea voturilor, constatarea rezultatului alegerilor \u0219i atribuirea mandatelor pentru CONSILIUL LOCAL la alegerile locale din data de 9 iunie 2024<\/a><\/strong><\/p>\n\n\n\n<p><\/p>\n\n\n\n<p><\/p>\n\n\n\n<p><\/p>\n","protected":false},"excerpt":{"rendered":"<p>BIROUL ELECTORAL DE CIRCUMSCRIP\u0162IE OR\u0102\u015eENEASC\u0102 NR.15 SOLCA, JUDE\u0162UL SUCEAVA Ora\u0219ul Solca, strada Tom\u0219a Vod\u0103, nr. 8A, tel. 0230477215, e-mail: sv.solca@bec.ro Proces verbal privind completarea Biroului Electoral de Circumscrip\u021bie Or\u0103\u0219eneasc\u0103 Solca cu c\u00e2te un reprezentant&#46;&#46;&#46;<\/p>\n","protected":false},"author":1,"featured_media":0,"parent":0,"menu_order":0,"comment_status":"closed","ping_status":"closed","template":"","meta":[],"_links":{"self":[{"href":"http:\/\/solca.ro\/index.php\/wp-json\/wp\/v2\/pages\/1274"}],"collection":[{"href":"http:\/\/solca.ro\/index.php\/wp-json\/wp\/v2\/pages"}],"about":[{"href":"http:\/\/solca.ro\/index.php\/wp-json\/wp\/v2\/types\/page"}],"author":[{"embeddable":true,"href":"http:\/\/solca.ro\/index.php\/wp-json\/wp\/v2\/users\/1"}],"replies":[{"embeddable":true,"href":"http:\/\/solca.ro\/index.php\/wp-json\/wp\/v2\/comments?post=1274"}],"version-history":[{"count":22,"href":"http:\/\/solca.ro\/index.php\/wp-json\/wp\/v2\/pages\/1274\/revisions"}],"predecessor-version":[{"id":1340,"href":"http:\/\/solca.ro\/index.php\/wp-json\/wp\/v2\/pages\/1274\/revisions\/1340"}],"wp:attachment":[{"href":"http:\/\/solca.ro\/index.php\/wp-json\/wp\/v2\/media?parent=1274"}],"curies":[{"name":"wp","href":"https:\/\/api.w.org\/{rel}","templated":true}]}}