{"id":121,"date":"2019-08-22T20:57:16","date_gmt":"2019-08-22T20:57:16","guid":{"rendered":"http:\/\/solca.ro\/new\/?page_id=121"},"modified":"2019-10-09T11:01:39","modified_gmt":"2019-10-09T11:01:39","slug":"acet-sa","status":"publish","type":"page","link":"http:\/\/solca.ro\/index.php\/acet-sa\/","title":{"rendered":"ACET SA &#8211; AGEN\u0162IA SOLCA"},"content":{"rendered":"\n<p><\/p>\n\n\n\n<p style=\"text-align:center\"><strong>SC ACET SA&nbsp; SUCEAVA &#8211; AGEN\u0162IA SOLCA <\/strong><\/p>\n\n\n\n<p style=\"text-align:center\"><strong>ORA\u015eUL SOLCA, JUDE\u0162UL SUCEAVA, STR. REPUBLICII, COD 725600<\/strong><\/p>\n\n\n\n<p style=\"text-align:center\"><strong>TEL: 0230477393 FAX: 0230477388<\/strong><\/p>\n\n\n\n<p style=\"text-align:left\"><strong>DIRECTOR &#8211; ing. Traian Catargiu<\/strong><\/p>\n\n\n\n<p><strong>CONTABIL \u015eEF &#8211; Petru Bahan<\/strong><\/p>\n\n\n\n<p><strong>CASIER&nbsp; &#8211; Doina Adriana Apetrei<\/strong><\/p>\n","protected":false},"excerpt":{"rendered":"<p>SC ACET SA&nbsp; SUCEAVA &#8211; AGEN\u0162IA SOLCA ORA\u015eUL SOLCA, JUDE\u0162UL SUCEAVA, STR. REPUBLICII, COD 725600 TEL: 0230477393 FAX: 0230477388 DIRECTOR &#8211; ing. Traian Catargiu CONTABIL \u015eEF &#8211; Petru Bahan CASIER&nbsp; &#8211; Doina Adriana Apetrei<\/p>\n","protected":false},"author":1,"featured_media":0,"parent":0,"menu_order":0,"comment_status":"closed","ping_status":"closed","template":"","meta":[],"_links":{"self":[{"href":"http:\/\/solca.ro\/index.php\/wp-json\/wp\/v2\/pages\/121"}],"collection":[{"href":"http:\/\/solca.ro\/index.php\/wp-json\/wp\/v2\/pages"}],"about":[{"href":"http:\/\/solca.ro\/index.php\/wp-json\/wp\/v2\/types\/page"}],"author":[{"embeddable":true,"href":"http:\/\/solca.ro\/index.php\/wp-json\/wp\/v2\/users\/1"}],"replies":[{"embeddable":true,"href":"http:\/\/solca.ro\/index.php\/wp-json\/wp\/v2\/comments?post=121"}],"version-history":[{"count":4,"href":"http:\/\/solca.ro\/index.php\/wp-json\/wp\/v2\/pages\/121\/revisions"}],"predecessor-version":[{"id":312,"href":"http:\/\/solca.ro\/index.php\/wp-json\/wp\/v2\/pages\/121\/revisions\/312"}],"wp:attachment":[{"href":"http:\/\/solca.ro\/index.php\/wp-json\/wp\/v2\/media?parent=121"}],"curies":[{"name":"wp","href":"https:\/\/api.w.org\/{rel}","templated":true}]}}