{"id":111,"date":"2019-08-22T18:51:32","date_gmt":"2019-08-22T18:51:32","guid":{"rendered":"http:\/\/solca.ro\/new\/?page_id=111"},"modified":"2019-10-09T11:31:45","modified_gmt":"2019-10-09T11:31:45","slug":"ocolul-silvic","status":"publish","type":"page","link":"http:\/\/solca.ro\/index.php\/ocolul-silvic\/","title":{"rendered":"OCOLUL SILVIC"},"content":{"rendered":"\n<p><strong>Strada Tom\u015fa Vod\u0103<\/strong><\/p>\n\n\n\n<p><strong>Ora\u015ful Solca, jude\u0163ul Suceava, cod 725600<\/strong><\/p>\n\n\n\n<p><strong>Telefon (fax) 0230477189<\/strong><\/p>\n\n\n\n<p><strong>\u015eef ocol, inginer Constantin Moldovan<\/strong><\/p>\n","protected":false},"excerpt":{"rendered":"<p>Strada Tom\u015fa Vod\u0103 Ora\u015ful Solca, jude\u0163ul Suceava, cod 725600 Telefon (fax) 0230477189 \u015eef ocol, inginer Constantin Moldovan<\/p>\n","protected":false},"author":1,"featured_media":0,"parent":0,"menu_order":0,"comment_status":"closed","ping_status":"closed","template":"","meta":[],"_links":{"self":[{"href":"http:\/\/solca.ro\/index.php\/wp-json\/wp\/v2\/pages\/111"}],"collection":[{"href":"http:\/\/solca.ro\/index.php\/wp-json\/wp\/v2\/pages"}],"about":[{"href":"http:\/\/solca.ro\/index.php\/wp-json\/wp\/v2\/types\/page"}],"author":[{"embeddable":true,"href":"http:\/\/solca.ro\/index.php\/wp-json\/wp\/v2\/users\/1"}],"replies":[{"embeddable":true,"href":"http:\/\/solca.ro\/index.php\/wp-json\/wp\/v2\/comments?post=111"}],"version-history":[{"count":3,"href":"http:\/\/solca.ro\/index.php\/wp-json\/wp\/v2\/pages\/111\/revisions"}],"predecessor-version":[{"id":328,"href":"http:\/\/solca.ro\/index.php\/wp-json\/wp\/v2\/pages\/111\/revisions\/328"}],"wp:attachment":[{"href":"http:\/\/solca.ro\/index.php\/wp-json\/wp\/v2\/media?parent=111"}],"curies":[{"name":"wp","href":"https:\/\/api.w.org\/{rel}","templated":true}]}}